{"id":24161,"date":"2025-11-19T17:17:39","date_gmt":"2025-11-19T20:17:39","guid":{"rendered":"https:\/\/soymat.com\/?post_type=product&#038;p=24161"},"modified":"2026-03-18T10:06:31","modified_gmt":"2026-03-18T13:06:31","slug":"electrobmba-periferica-370w-05hp-con-elevador-lusqtoff","status":"publish","type":"product","link":"https:\/\/soymat.com\/es\/producto\/electrobmba-periferica-370w-05hp-con-elevador-lusqtoff\/","title":{"rendered":"Electrobmba Perif\u00e9rica 370w 0,5HP con Elevador Lusqtoff"},"content":{"rendered":"<p><strong>Electrobmba Perif\u00e9rica 370w 0,5HP con Elevador Lusqtoff<\/strong><br \/>\nCod. CPM150-C<\/p>\n<p>Ficha t\u00e9cnica<br \/>\n\u2022 Voltaje: 220 V \u2013 50 Hz<br \/>\n\u2022 Potencia: 370 W \u2013 0,5 Hp<br \/>\n\u2022 Caudal m\u00e1ximo: 30 L\/min<br \/>\n\u2022 Altura m\u00e1xima: 20 m<br \/>\n\u2022 Temperatura de agua: 35\u00b0 C m\u00e1x.<br \/>\n\u2022 Grado de protecci\u00f3n: IPX4<br \/>\n\u2022 Cable: 30 cm<br \/>\n\u2022 Peso: 6 kg<\/p>\n<p>REGULADOR AUTOM\u00c1TICO DE PRESI\u00d3N MPS-1<br \/>\n\u2022 Voltaje: 220 V \u2013 50 Hz<br \/>\n\u2022 Intensidad m\u00e1xima: 10 A<br \/>\n\u2022 Presi\u00f3n m\u00e1xima de trabajo:<br \/>\n10 bar<br \/>\n\u2022 Temperatura m\u00e1xima de<br \/>\ntrabajo: 60\u00b0<br \/>\n\u2022 Conexi\u00f3n: 1\u201d macho<br \/>\n\u2022 Grado de protecci\u00f3n: IP65<br \/>\n\u2022 Fuente de alimentaci\u00f3n:<br \/>\nEl\u00e9ctrica<\/p>\n<p>Caracter\u00edsticas<br \/>\n\u2022 Salida del agua<br \/>\n\u2022 Regulador de presi\u00f3n<br \/>\n\u2022 Tapa de cebado<br \/>\n\u2022 Entrada de agua<br \/>\n\u2022 Turbina de bronce<\/p>","protected":false},"excerpt":{"rendered":"<p>Electrobmba Perif\u00e9rica 370w 0,5HP con Elevador Lusqtoff Cod. CPM150-C Ficha t\u00e9cnica \u2022 Voltaje: 220 V \u2013 50 Hz \u2022 Potencia: 370 W \u2013 0,5 Hp \u2022 Caudal m\u00e1ximo: 30 L\/min \u2022 Altura m\u00e1xima: 20 m \u2022 Temperatura de agua: 35\u00b0 C m\u00e1x. \u2022 Grado de protecci\u00f3n: IPX4 \u2022 Cable: 30 cm \u2022 Peso: 6 kg [&hellip;]<\/p>\n","protected":false},"featured_media":24164,"template":"","meta":[],"product_cat":[191],"product_tag":[431,581,573],"class_list":{"0":"post-24161","1":"product","2":"type-product","3":"status-publish","4":"has-post-thumbnail","6":"product_brand-lusqtoff-maquinas-y-herramientas-electricas-manuales","7":"product_cat-maquinas-y-herramientas","8":"product_tag-bomba-de-agua","9":"product_tag-electrobomba","10":"product_tag-instalacion-sanitaria","12":"first","13":"instock","14":"taxable","15":"shipping-taxable","16":"purchasable","17":"product-type-simple","18":"add-to-wishlist-after_add_to_cart"},"yoast_head":"<!-- This site is optimized with the Yoast SEO Premium plugin v26.9 (Yoast SEO v26.9) - https:\/\/yoast.com\/product\/yoast-seo-premium-wordpress\/ -->\n<title>Electrobmba Perif\u00e9rica 370w 0,5HP con Elevador Lusqtoff - SoyMat \u2013 Seguridad Industrial<\/title>\n<meta name=\"robots\" content=\"index, follow, max-snippet:-1, max-image-preview:large, max-video-preview:-1\" \/>\n<link rel=\"canonical\" href=\"https:\/\/soymat.com\/es\/producto\/electrobmba-periferica-370w-05hp-con-elevador-lusqtoff\/\" \/>\n<meta property=\"og:locale\" content=\"es_ES\" \/>\n<meta property=\"og:type\" content=\"article\" \/>\n<meta property=\"og:title\" content=\"Electrobmba Perif\u00e9rica 370w 0,5HP con Elevador Lusqtoff\" \/>\n<meta property=\"og:description\" content=\"Electrobmba Perif\u00e9rica 370w 0,5HP con Elevador Lusqtoff Cod. CPM150-C Ficha t\u00e9cnica \u2022 Voltaje: 220 V \u2013 50 Hz \u2022 Potencia: 370 W \u2013 0,5 Hp \u2022 Caudal m\u00e1ximo: 30 L\/min \u2022 Altura m\u00e1xima: 20 m \u2022 Temperatura de agua: 35\u00b0 C m\u00e1x. \u2022 Grado de protecci\u00f3n: IPX4 \u2022 Cable: 30 cm \u2022 Peso: 6 kg [&hellip;]\" \/>\n<meta property=\"og:url\" content=\"https:\/\/soymat.com\/es\/producto\/electrobmba-periferica-370w-05hp-con-elevador-lusqtoff\/\" \/>\n<meta property=\"og:site_name\" content=\"SoyMat \u2013 Seguridad Industrial\" \/>\n<meta property=\"article:modified_time\" content=\"2026-03-18T13:06:31+00:00\" \/>\n<meta property=\"og:image\" content=\"https:\/\/soymat.com\/wp-content\/uploads\/2025\/11\/CPM150-C_-1.jpg\" \/>\n\t<meta property=\"og:image:width\" content=\"1000\" \/>\n\t<meta property=\"og:image:height\" content=\"1000\" \/>\n\t<meta property=\"og:image:type\" content=\"image\/jpeg\" \/>\n<meta name=\"twitter:card\" content=\"summary_large_image\" \/>\n<meta name=\"twitter:label1\" content=\"Tiempo de lectura\" \/>\n\t<meta name=\"twitter:data1\" content=\"1 minuto\" \/>\n<script type=\"application\/ld+json\" class=\"yoast-schema-graph\">{\"@context\":\"https:\/\/schema.org\",\"@graph\":[{\"@type\":\"WebPage\",\"@id\":\"https:\/\/soymat.com\/producto\/electrobmba-periferica-370w-05hp-con-elevador-lusqtoff\/\",\"url\":\"https:\/\/soymat.com\/producto\/electrobmba-periferica-370w-05hp-con-elevador-lusqtoff\/\",\"name\":\"Electrobmba Perif\u00e9rica 370w 0,5HP con Elevador Lusqtoff - SoyMat \u2013 Seguridad Industrial\",\"isPartOf\":{\"@id\":\"https:\/\/soymat.com\/#website\"},\"primaryImageOfPage\":{\"@id\":\"https:\/\/soymat.com\/producto\/electrobmba-periferica-370w-05hp-con-elevador-lusqtoff\/#primaryimage\"},\"image\":{\"@id\":\"https:\/\/soymat.com\/producto\/electrobmba-periferica-370w-05hp-con-elevador-lusqtoff\/#primaryimage\"},\"thumbnailUrl\":\"https:\/\/soymat.com\/wp-content\/uploads\/2025\/11\/CPM150-C_-1.jpg\",\"datePublished\":\"2025-11-19T20:17:39+00:00\",\"dateModified\":\"2026-03-18T13:06:31+00:00\",\"breadcrumb\":{\"@id\":\"https:\/\/soymat.com\/producto\/electrobmba-periferica-370w-05hp-con-elevador-lusqtoff\/#breadcrumb\"},\"inLanguage\":\"es-AR\",\"potentialAction\":[{\"@type\":\"ReadAction\",\"target\":[\"https:\/\/soymat.com\/producto\/electrobmba-periferica-370w-05hp-con-elevador-lusqtoff\/\"]}]},{\"@type\":\"ImageObject\",\"inLanguage\":\"es-AR\",\"@id\":\"https:\/\/soymat.com\/producto\/electrobmba-periferica-370w-05hp-con-elevador-lusqtoff\/#primaryimage\",\"url\":\"https:\/\/soymat.com\/wp-content\/uploads\/2025\/11\/CPM150-C_-1.jpg\",\"contentUrl\":\"https:\/\/soymat.com\/wp-content\/uploads\/2025\/11\/CPM150-C_-1.jpg\",\"width\":1000,\"height\":1000},{\"@type\":\"BreadcrumbList\",\"@id\":\"https:\/\/soymat.com\/producto\/electrobmba-periferica-370w-05hp-con-elevador-lusqtoff\/#breadcrumb\",\"itemListElement\":[{\"@type\":\"ListItem\",\"position\":1,\"name\":\"Portada\",\"item\":\"https:\/\/soymat.com\/\"},{\"@type\":\"ListItem\",\"position\":2,\"name\":\"Todos los Productos\",\"item\":\"https:\/\/soymat.com\/shop\/\"},{\"@type\":\"ListItem\",\"position\":3,\"name\":\"Electrobmba Perif\u00e9rica 370w 0,5HP con Elevador Lusqtoff\"}]},{\"@type\":\"WebSite\",\"@id\":\"https:\/\/soymat.com\/#website\",\"url\":\"https:\/\/soymat.com\/\",\"name\":\"So&Mat\",\"description\":\"Empresa Dedicada a la protecci\u00f3n global contra incendio . matafuegos redes bombas,venta instalaci\u00f3n y service, protecci\u00f3n y confort laboral en todo concepto.\",\"publisher\":{\"@id\":\"https:\/\/soymat.com\/#organization\"},\"alternateName\":\"So&Mat\",\"potentialAction\":[{\"@type\":\"SearchAction\",\"target\":{\"@type\":\"EntryPoint\",\"urlTemplate\":\"https:\/\/soymat.com\/?s={search_term_string}\"},\"query-input\":{\"@type\":\"PropertyValueSpecification\",\"valueRequired\":true,\"valueName\":\"search_term_string\"}}],\"inLanguage\":\"es-AR\"},{\"@type\":\"Organization\",\"@id\":\"https:\/\/soymat.com\/#organization\",\"name\":\"So&Mat\",\"url\":\"https:\/\/soymat.com\/\",\"logo\":{\"@type\":\"ImageObject\",\"inLanguage\":\"es-AR\",\"@id\":\"https:\/\/soymat.com\/#\/schema\/logo\/image\/\",\"url\":\"https:\/\/soymat.com\/wp-content\/uploads\/2024\/08\/SoyMat.jpg\",\"contentUrl\":\"https:\/\/soymat.com\/wp-content\/uploads\/2024\/08\/SoyMat.jpg\",\"width\":600,\"height\":236,\"caption\":\"So&Mat\"},\"image\":{\"@id\":\"https:\/\/soymat.com\/#\/schema\/logo\/image\/\"}}]}<\/script>\n<!-- \/ Yoast SEO Premium plugin. -->","yoast_head_json":{"title":"Electrobmba Perif\u00e9rica 370w 0,5HP con Elevador Lusqtoff - SoyMat \u2013 Seguridad Industrial","robots":{"index":"index","follow":"follow","max-snippet":"max-snippet:-1","max-image-preview":"max-image-preview:large","max-video-preview":"max-video-preview:-1"},"canonical":"https:\/\/soymat.com\/es\/producto\/electrobmba-periferica-370w-05hp-con-elevador-lusqtoff\/","og_locale":"es_ES","og_type":"article","og_title":"Electrobmba Perif\u00e9rica 370w 0,5HP con Elevador Lusqtoff","og_description":"Electrobmba Perif\u00e9rica 370w 0,5HP con Elevador Lusqtoff Cod. CPM150-C Ficha t\u00e9cnica \u2022 Voltaje: 220 V \u2013 50 Hz \u2022 Potencia: 370 W \u2013 0,5 Hp \u2022 Caudal m\u00e1ximo: 30 L\/min \u2022 Altura m\u00e1xima: 20 m \u2022 Temperatura de agua: 35\u00b0 C m\u00e1x. \u2022 Grado de protecci\u00f3n: IPX4 \u2022 Cable: 30 cm \u2022 Peso: 6 kg [&hellip;]","og_url":"https:\/\/soymat.com\/es\/producto\/electrobmba-periferica-370w-05hp-con-elevador-lusqtoff\/","og_site_name":"SoyMat \u2013 Seguridad Industrial","article_modified_time":"2026-03-18T13:06:31+00:00","og_image":[{"width":1000,"height":1000,"url":"https:\/\/soymat.com\/wp-content\/uploads\/2025\/11\/CPM150-C_-1.jpg","type":"image\/jpeg"}],"twitter_card":"summary_large_image","twitter_misc":{"Tiempo de lectura":"1 minuto"},"schema":{"@context":"https:\/\/schema.org","@graph":[{"@type":"WebPage","@id":"https:\/\/soymat.com\/producto\/electrobmba-periferica-370w-05hp-con-elevador-lusqtoff\/","url":"https:\/\/soymat.com\/producto\/electrobmba-periferica-370w-05hp-con-elevador-lusqtoff\/","name":"Electrobmba Perif\u00e9rica 370w 0,5HP con Elevador Lusqtoff - SoyMat \u2013 Seguridad Industrial","isPartOf":{"@id":"https:\/\/soymat.com\/#website"},"primaryImageOfPage":{"@id":"https:\/\/soymat.com\/producto\/electrobmba-periferica-370w-05hp-con-elevador-lusqtoff\/#primaryimage"},"image":{"@id":"https:\/\/soymat.com\/producto\/electrobmba-periferica-370w-05hp-con-elevador-lusqtoff\/#primaryimage"},"thumbnailUrl":"https:\/\/soymat.com\/wp-content\/uploads\/2025\/11\/CPM150-C_-1.jpg","datePublished":"2025-11-19T20:17:39+00:00","dateModified":"2026-03-18T13:06:31+00:00","breadcrumb":{"@id":"https:\/\/soymat.com\/producto\/electrobmba-periferica-370w-05hp-con-elevador-lusqtoff\/#breadcrumb"},"inLanguage":"es-AR","potentialAction":[{"@type":"ReadAction","target":["https:\/\/soymat.com\/producto\/electrobmba-periferica-370w-05hp-con-elevador-lusqtoff\/"]}]},{"@type":"ImageObject","inLanguage":"es-AR","@id":"https:\/\/soymat.com\/producto\/electrobmba-periferica-370w-05hp-con-elevador-lusqtoff\/#primaryimage","url":"https:\/\/soymat.com\/wp-content\/uploads\/2025\/11\/CPM150-C_-1.jpg","contentUrl":"https:\/\/soymat.com\/wp-content\/uploads\/2025\/11\/CPM150-C_-1.jpg","width":1000,"height":1000},{"@type":"BreadcrumbList","@id":"https:\/\/soymat.com\/producto\/electrobmba-periferica-370w-05hp-con-elevador-lusqtoff\/#breadcrumb","itemListElement":[{"@type":"ListItem","position":1,"name":"Portada","item":"https:\/\/soymat.com\/"},{"@type":"ListItem","position":2,"name":"Todos los Productos","item":"https:\/\/soymat.com\/shop\/"},{"@type":"ListItem","position":3,"name":"Electrobmba Perif\u00e9rica 370w 0,5HP con Elevador Lusqtoff"}]},{"@type":"WebSite","@id":"https:\/\/soymat.com\/#website","url":"https:\/\/soymat.com\/","name":"So&Mat","description":"Empresa Dedicada a la protecci\u00f3n global contra incendio . matafuegos redes bombas,venta instalaci\u00f3n y service, protecci\u00f3n y confort laboral en todo concepto.","publisher":{"@id":"https:\/\/soymat.com\/#organization"},"alternateName":"So&Mat","potentialAction":[{"@type":"SearchAction","target":{"@type":"EntryPoint","urlTemplate":"https:\/\/soymat.com\/?s={search_term_string}"},"query-input":{"@type":"PropertyValueSpecification","valueRequired":true,"valueName":"search_term_string"}}],"inLanguage":"es-AR"},{"@type":"Organization","@id":"https:\/\/soymat.com\/#organization","name":"So&Mat","url":"https:\/\/soymat.com\/","logo":{"@type":"ImageObject","inLanguage":"es-AR","@id":"https:\/\/soymat.com\/#\/schema\/logo\/image\/","url":"https:\/\/soymat.com\/wp-content\/uploads\/2024\/08\/SoyMat.jpg","contentUrl":"https:\/\/soymat.com\/wp-content\/uploads\/2024\/08\/SoyMat.jpg","width":600,"height":236,"caption":"So&Mat"},"image":{"@id":"https:\/\/soymat.com\/#\/schema\/logo\/image\/"}}]}},"_links":{"self":[{"href":"https:\/\/soymat.com\/es\/wp-json\/wp\/v2\/product\/24161","targetHints":{"allow":["GET"]}}],"collection":[{"href":"https:\/\/soymat.com\/es\/wp-json\/wp\/v2\/product"}],"about":[{"href":"https:\/\/soymat.com\/es\/wp-json\/wp\/v2\/types\/product"}],"wp:featuredmedia":[{"embeddable":true,"href":"https:\/\/soymat.com\/es\/wp-json\/wp\/v2\/media\/24164"}],"wp:attachment":[{"href":"https:\/\/soymat.com\/es\/wp-json\/wp\/v2\/media?parent=24161"}],"wp:term":[{"taxonomy":"product_cat","embeddable":true,"href":"https:\/\/soymat.com\/es\/wp-json\/wp\/v2\/product_cat?post=24161"},{"taxonomy":"product_tag","embeddable":true,"href":"https:\/\/soymat.com\/es\/wp-json\/wp\/v2\/product_tag?post=24161"}],"curies":[{"name":"wp","href":"https:\/\/api.w.org\/{rel}","templated":true}]}}