{"id":24187,"date":"2025-11-19T20:10:49","date_gmt":"2025-11-19T23:10:49","guid":{"rendered":"https:\/\/soymat.com\/?post_type=product&#038;p=24187"},"modified":"2025-12-02T07:05:42","modified_gmt":"2025-12-02T10:05:42","slug":"sierra-ingleteadora-de-banco-210mm-1250w-lusqtoff","status":"publish","type":"product","link":"https:\/\/soymat.com\/es\/producto\/sierra-ingleteadora-de-banco-210mm-1250w-lusqtoff\/","title":{"rendered":"Sierra Ingleteadora de Banco 210mm 1250W Lusqtoff"},"content":{"rendered":"<p><strong>Sierra Ingleteadora de Banco 210mm 1250W Lusqtoff<\/strong><br \/>\nCod. LQI1250-8<\/p>\n<p>Ficha t\u00e9cnica<br \/>\n\u2022 Potencia m\u00e1xima: 1250 W<br \/>\n\u2022 Velocidad: 5500\/min<br \/>\n\u2022 Disco di\u00e1metro: 210 mm (8&#8243;)<br \/>\n\u2022 Base giratoria: 0\u00b0 a 45\u00b0<br \/>\n\u2022 Inglete: 0\u00b0 a 45\u00b0<br \/>\n\u2022 Seguridad doble aislaci\u00f3n<br \/>\n\u2022 Bot\u00f3n de traba de eje<br \/>\n\u2022 Guarda de protecci\u00f3n m\u00f3vil para la hoja<\/p>\n<p>INCLUYE<br \/>\n\u2022 1 Disco de 210&#215;30 mm 24 dientes<br \/>\n\u2022 1 Morsa m\u00f3vil para sujeci\u00f3n<br \/>\n\u2022 1 Bolsa para polvo<br \/>\n\u2022 1 LLave hexagonal<\/p>\n<p>CAPACIDAD DE CORTE:<br \/>\n\u2022 0\u00b0 &#8211; 0\u00b0: 120 mm x 60 mm<br \/>\n\u2022 0\u00b0 &#8211; 45\u00b0: 80 mm x 60 mm<br \/>\n\u2022 45\u00b0 &#8211; 45\u00b0: 120 mm x 33 mm<br \/>\n\u2022 45\u00b0 &#8211; 90\u00b0: 80 mm x 33 mm<\/p>\n<p>2 A\u00f1os de garant\u00eda<\/p>","protected":false},"excerpt":{"rendered":"<p>Sierra Ingleteadora de Banco 210mm 1250W Lusqtoff Cod. LQI1250-8 Ficha t\u00e9cnica \u2022 Potencia m\u00e1xima: 1250 W \u2022 Velocidad: 5500\/min \u2022 Disco di\u00e1metro: 210 mm (8&#8243;) \u2022 Base giratoria: 0\u00b0 a 45\u00b0 \u2022 Inglete: 0\u00b0 a 45\u00b0 \u2022 Seguridad doble aislaci\u00f3n \u2022 Bot\u00f3n de traba de eje \u2022 Guarda de protecci\u00f3n m\u00f3vil para la hoja INCLUYE [&hellip;]<\/p>\n","protected":false},"featured_media":24191,"template":"","meta":[],"product_cat":[191],"product_tag":[930,557,475,931,932],"class_list":{"0":"post-24187","1":"product","2":"type-product","3":"status-publish","4":"has-post-thumbnail","6":"product_brand-lusqtoff-maquinas-y-herramientas-electricas-manuales","7":"product_cat-maquinas-y-herramientas","8":"product_tag-carpiinteria","9":"product_tag-empresa-constructora","10":"product_tag-ingleteadora","11":"product_tag-muebles-de-madera","12":"product_tag-muebles-mdf","14":"first","15":"instock","16":"taxable","17":"shipping-taxable","18":"purchasable","19":"product-type-simple","20":"add-to-wishlist-after_add_to_cart"},"yoast_head":"<!-- This site is optimized with the Yoast SEO Premium plugin v26.9 (Yoast SEO v26.9) - https:\/\/yoast.com\/product\/yoast-seo-premium-wordpress\/ -->\n<title>Sierra Ingleteadora de Banco 210mm 1250W Lusqtoff - SoyMat \u2013 Seguridad Industrial<\/title>\n<meta name=\"robots\" content=\"index, follow, max-snippet:-1, max-image-preview:large, max-video-preview:-1\" \/>\n<link rel=\"canonical\" href=\"https:\/\/soymat.com\/es\/producto\/sierra-ingleteadora-de-banco-210mm-1250w-lusqtoff\/\" \/>\n<meta property=\"og:locale\" content=\"es_ES\" \/>\n<meta property=\"og:type\" content=\"article\" \/>\n<meta property=\"og:title\" content=\"Sierra Ingleteadora de Banco 210mm 1250W Lusqtoff\" \/>\n<meta property=\"og:description\" content=\"Sierra Ingleteadora de Banco 210mm 1250W Lusqtoff Cod. LQI1250-8 Ficha t\u00e9cnica \u2022 Potencia m\u00e1xima: 1250 W \u2022 Velocidad: 5500\/min \u2022 Disco di\u00e1metro: 210 mm (8&#8243;) \u2022 Base giratoria: 0\u00b0 a 45\u00b0 \u2022 Inglete: 0\u00b0 a 45\u00b0 \u2022 Seguridad doble aislaci\u00f3n \u2022 Bot\u00f3n de traba de eje \u2022 Guarda de protecci\u00f3n m\u00f3vil para la hoja INCLUYE [&hellip;]\" \/>\n<meta property=\"og:url\" content=\"https:\/\/soymat.com\/es\/producto\/sierra-ingleteadora-de-banco-210mm-1250w-lusqtoff\/\" \/>\n<meta property=\"og:site_name\" content=\"SoyMat \u2013 Seguridad Industrial\" \/>\n<meta property=\"article:modified_time\" content=\"2025-12-02T10:05:42+00:00\" \/>\n<meta property=\"og:image\" content=\"https:\/\/soymat.com\/wp-content\/uploads\/2025\/11\/LQI1250-8_1-1.jpg\" \/>\n\t<meta property=\"og:image:width\" content=\"1000\" \/>\n\t<meta property=\"og:image:height\" content=\"1000\" \/>\n\t<meta property=\"og:image:type\" content=\"image\/jpeg\" \/>\n<meta name=\"twitter:card\" content=\"summary_large_image\" \/>\n<meta name=\"twitter:label1\" content=\"Tiempo de lectura\" \/>\n\t<meta name=\"twitter:data1\" content=\"1 minuto\" \/>\n<script type=\"application\/ld+json\" class=\"yoast-schema-graph\">{\"@context\":\"https:\/\/schema.org\",\"@graph\":[{\"@type\":\"WebPage\",\"@id\":\"https:\/\/soymat.com\/producto\/sierra-ingleteadora-de-banco-210mm-1250w-lusqtoff\/\",\"url\":\"https:\/\/soymat.com\/producto\/sierra-ingleteadora-de-banco-210mm-1250w-lusqtoff\/\",\"name\":\"Sierra Ingleteadora de Banco 210mm 1250W Lusqtoff - SoyMat \u2013 Seguridad Industrial\",\"isPartOf\":{\"@id\":\"https:\/\/soymat.com\/#website\"},\"primaryImageOfPage\":{\"@id\":\"https:\/\/soymat.com\/producto\/sierra-ingleteadora-de-banco-210mm-1250w-lusqtoff\/#primaryimage\"},\"image\":{\"@id\":\"https:\/\/soymat.com\/producto\/sierra-ingleteadora-de-banco-210mm-1250w-lusqtoff\/#primaryimage\"},\"thumbnailUrl\":\"https:\/\/soymat.com\/wp-content\/uploads\/2025\/11\/LQI1250-8_1-1.jpg\",\"datePublished\":\"2025-11-19T23:10:49+00:00\",\"dateModified\":\"2025-12-02T10:05:42+00:00\",\"breadcrumb\":{\"@id\":\"https:\/\/soymat.com\/producto\/sierra-ingleteadora-de-banco-210mm-1250w-lusqtoff\/#breadcrumb\"},\"inLanguage\":\"es-AR\",\"potentialAction\":[{\"@type\":\"ReadAction\",\"target\":[\"https:\/\/soymat.com\/producto\/sierra-ingleteadora-de-banco-210mm-1250w-lusqtoff\/\"]}]},{\"@type\":\"ImageObject\",\"inLanguage\":\"es-AR\",\"@id\":\"https:\/\/soymat.com\/producto\/sierra-ingleteadora-de-banco-210mm-1250w-lusqtoff\/#primaryimage\",\"url\":\"https:\/\/soymat.com\/wp-content\/uploads\/2025\/11\/LQI1250-8_1-1.jpg\",\"contentUrl\":\"https:\/\/soymat.com\/wp-content\/uploads\/2025\/11\/LQI1250-8_1-1.jpg\",\"width\":1000,\"height\":1000},{\"@type\":\"BreadcrumbList\",\"@id\":\"https:\/\/soymat.com\/producto\/sierra-ingleteadora-de-banco-210mm-1250w-lusqtoff\/#breadcrumb\",\"itemListElement\":[{\"@type\":\"ListItem\",\"position\":1,\"name\":\"Portada\",\"item\":\"https:\/\/soymat.com\/\"},{\"@type\":\"ListItem\",\"position\":2,\"name\":\"Todos los Productos\",\"item\":\"https:\/\/soymat.com\/shop\/\"},{\"@type\":\"ListItem\",\"position\":3,\"name\":\"Sierra Ingleteadora de Banco 210mm 1250W Lusqtoff\"}]},{\"@type\":\"WebSite\",\"@id\":\"https:\/\/soymat.com\/#website\",\"url\":\"https:\/\/soymat.com\/\",\"name\":\"So&Mat\",\"description\":\"Empresa Dedicada a la protecci\u00f3n global contra incendio . matafuegos redes bombas,venta instalaci\u00f3n y service, protecci\u00f3n y confort laboral en todo concepto.\",\"publisher\":{\"@id\":\"https:\/\/soymat.com\/#organization\"},\"alternateName\":\"So&Mat\",\"potentialAction\":[{\"@type\":\"SearchAction\",\"target\":{\"@type\":\"EntryPoint\",\"urlTemplate\":\"https:\/\/soymat.com\/?s={search_term_string}\"},\"query-input\":{\"@type\":\"PropertyValueSpecification\",\"valueRequired\":true,\"valueName\":\"search_term_string\"}}],\"inLanguage\":\"es-AR\"},{\"@type\":\"Organization\",\"@id\":\"https:\/\/soymat.com\/#organization\",\"name\":\"So&Mat\",\"url\":\"https:\/\/soymat.com\/\",\"logo\":{\"@type\":\"ImageObject\",\"inLanguage\":\"es-AR\",\"@id\":\"https:\/\/soymat.com\/#\/schema\/logo\/image\/\",\"url\":\"https:\/\/soymat.com\/wp-content\/uploads\/2024\/08\/SoyMat.jpg\",\"contentUrl\":\"https:\/\/soymat.com\/wp-content\/uploads\/2024\/08\/SoyMat.jpg\",\"width\":600,\"height\":236,\"caption\":\"So&Mat\"},\"image\":{\"@id\":\"https:\/\/soymat.com\/#\/schema\/logo\/image\/\"}}]}<\/script>\n<!-- \/ Yoast SEO Premium plugin. -->","yoast_head_json":{"title":"Sierra Ingleteadora de Banco 210mm 1250W Lusqtoff - SoyMat \u2013 Seguridad Industrial","robots":{"index":"index","follow":"follow","max-snippet":"max-snippet:-1","max-image-preview":"max-image-preview:large","max-video-preview":"max-video-preview:-1"},"canonical":"https:\/\/soymat.com\/es\/producto\/sierra-ingleteadora-de-banco-210mm-1250w-lusqtoff\/","og_locale":"es_ES","og_type":"article","og_title":"Sierra Ingleteadora de Banco 210mm 1250W Lusqtoff","og_description":"Sierra Ingleteadora de Banco 210mm 1250W Lusqtoff Cod. LQI1250-8 Ficha t\u00e9cnica \u2022 Potencia m\u00e1xima: 1250 W \u2022 Velocidad: 5500\/min \u2022 Disco di\u00e1metro: 210 mm (8&#8243;) \u2022 Base giratoria: 0\u00b0 a 45\u00b0 \u2022 Inglete: 0\u00b0 a 45\u00b0 \u2022 Seguridad doble aislaci\u00f3n \u2022 Bot\u00f3n de traba de eje \u2022 Guarda de protecci\u00f3n m\u00f3vil para la hoja INCLUYE [&hellip;]","og_url":"https:\/\/soymat.com\/es\/producto\/sierra-ingleteadora-de-banco-210mm-1250w-lusqtoff\/","og_site_name":"SoyMat \u2013 Seguridad Industrial","article_modified_time":"2025-12-02T10:05:42+00:00","og_image":[{"width":1000,"height":1000,"url":"https:\/\/soymat.com\/wp-content\/uploads\/2025\/11\/LQI1250-8_1-1.jpg","type":"image\/jpeg"}],"twitter_card":"summary_large_image","twitter_misc":{"Tiempo de lectura":"1 minuto"},"schema":{"@context":"https:\/\/schema.org","@graph":[{"@type":"WebPage","@id":"https:\/\/soymat.com\/producto\/sierra-ingleteadora-de-banco-210mm-1250w-lusqtoff\/","url":"https:\/\/soymat.com\/producto\/sierra-ingleteadora-de-banco-210mm-1250w-lusqtoff\/","name":"Sierra Ingleteadora de Banco 210mm 1250W Lusqtoff - SoyMat \u2013 Seguridad Industrial","isPartOf":{"@id":"https:\/\/soymat.com\/#website"},"primaryImageOfPage":{"@id":"https:\/\/soymat.com\/producto\/sierra-ingleteadora-de-banco-210mm-1250w-lusqtoff\/#primaryimage"},"image":{"@id":"https:\/\/soymat.com\/producto\/sierra-ingleteadora-de-banco-210mm-1250w-lusqtoff\/#primaryimage"},"thumbnailUrl":"https:\/\/soymat.com\/wp-content\/uploads\/2025\/11\/LQI1250-8_1-1.jpg","datePublished":"2025-11-19T23:10:49+00:00","dateModified":"2025-12-02T10:05:42+00:00","breadcrumb":{"@id":"https:\/\/soymat.com\/producto\/sierra-ingleteadora-de-banco-210mm-1250w-lusqtoff\/#breadcrumb"},"inLanguage":"es-AR","potentialAction":[{"@type":"ReadAction","target":["https:\/\/soymat.com\/producto\/sierra-ingleteadora-de-banco-210mm-1250w-lusqtoff\/"]}]},{"@type":"ImageObject","inLanguage":"es-AR","@id":"https:\/\/soymat.com\/producto\/sierra-ingleteadora-de-banco-210mm-1250w-lusqtoff\/#primaryimage","url":"https:\/\/soymat.com\/wp-content\/uploads\/2025\/11\/LQI1250-8_1-1.jpg","contentUrl":"https:\/\/soymat.com\/wp-content\/uploads\/2025\/11\/LQI1250-8_1-1.jpg","width":1000,"height":1000},{"@type":"BreadcrumbList","@id":"https:\/\/soymat.com\/producto\/sierra-ingleteadora-de-banco-210mm-1250w-lusqtoff\/#breadcrumb","itemListElement":[{"@type":"ListItem","position":1,"name":"Portada","item":"https:\/\/soymat.com\/"},{"@type":"ListItem","position":2,"name":"Todos los Productos","item":"https:\/\/soymat.com\/shop\/"},{"@type":"ListItem","position":3,"name":"Sierra Ingleteadora de Banco 210mm 1250W Lusqtoff"}]},{"@type":"WebSite","@id":"https:\/\/soymat.com\/#website","url":"https:\/\/soymat.com\/","name":"So&Mat","description":"Empresa Dedicada a la protecci\u00f3n global contra incendio . matafuegos redes bombas,venta instalaci\u00f3n y service, protecci\u00f3n y confort laboral en todo concepto.","publisher":{"@id":"https:\/\/soymat.com\/#organization"},"alternateName":"So&Mat","potentialAction":[{"@type":"SearchAction","target":{"@type":"EntryPoint","urlTemplate":"https:\/\/soymat.com\/?s={search_term_string}"},"query-input":{"@type":"PropertyValueSpecification","valueRequired":true,"valueName":"search_term_string"}}],"inLanguage":"es-AR"},{"@type":"Organization","@id":"https:\/\/soymat.com\/#organization","name":"So&Mat","url":"https:\/\/soymat.com\/","logo":{"@type":"ImageObject","inLanguage":"es-AR","@id":"https:\/\/soymat.com\/#\/schema\/logo\/image\/","url":"https:\/\/soymat.com\/wp-content\/uploads\/2024\/08\/SoyMat.jpg","contentUrl":"https:\/\/soymat.com\/wp-content\/uploads\/2024\/08\/SoyMat.jpg","width":600,"height":236,"caption":"So&Mat"},"image":{"@id":"https:\/\/soymat.com\/#\/schema\/logo\/image\/"}}]}},"_links":{"self":[{"href":"https:\/\/soymat.com\/es\/wp-json\/wp\/v2\/product\/24187","targetHints":{"allow":["GET"]}}],"collection":[{"href":"https:\/\/soymat.com\/es\/wp-json\/wp\/v2\/product"}],"about":[{"href":"https:\/\/soymat.com\/es\/wp-json\/wp\/v2\/types\/product"}],"wp:featuredmedia":[{"embeddable":true,"href":"https:\/\/soymat.com\/es\/wp-json\/wp\/v2\/media\/24191"}],"wp:attachment":[{"href":"https:\/\/soymat.com\/es\/wp-json\/wp\/v2\/media?parent=24187"}],"wp:term":[{"taxonomy":"product_cat","embeddable":true,"href":"https:\/\/soymat.com\/es\/wp-json\/wp\/v2\/product_cat?post=24187"},{"taxonomy":"product_tag","embeddable":true,"href":"https:\/\/soymat.com\/es\/wp-json\/wp\/v2\/product_tag?post=24187"}],"curies":[{"name":"wp","href":"https:\/\/api.w.org\/{rel}","templated":true}]}}