{"id":24223,"date":"2025-11-19T20:34:40","date_gmt":"2025-11-19T23:34:40","guid":{"rendered":"https:\/\/soymat.com\/?post_type=product&#038;p=24223"},"modified":"2026-04-06T13:06:44","modified_gmt":"2026-04-06T16:06:44","slug":"soldadora-inverter-dual-mma-mig-175-amp-50-hz-lusqtoff","status":"publish","type":"product","link":"https:\/\/soymat.com\/es\/producto\/soldadora-inverter-dual-mma-mig-175-amp-50-hz-lusqtoff\/","title":{"rendered":"Soldadora Inverter Dual MMA-MIG 175 AMP 50 Hz Lusqtoff"},"content":{"rendered":"<p><strong>Soldadora Inverter Dual MMA-MIG 175 AMP 50 Hz Lusqtoff<\/strong><br \/>\nCod. EVOMIG-175<\/p>\n<p>Ficha t\u00e9cnica<br \/>\n\u2022 Tensi\u00f3n de entrada: 1 Ph AC 220 V ( \u00b1 15%)<br \/>\n\u2022 Frecuencia: 50 Hz<br \/>\n\u2022 Capacidad de entrada nominal: 5,9 Kw<br \/>\n\u2022 Corriente de entrada nominal: 27 A<br \/>\n\u2022 Ciclo de trabajo MIG-MAG ( 45 \u00baC) (%): 124 A \/ 20,5 V<br \/>\n@ 100% \/\/ 160 A \/ 22 V @ 60%<br \/>\n\u2022 Ciclo de trabajo MMA ( 45 \u00baC) (%): 108 A \/ 24,2 V<br \/>\n@ 100% \/\/ 140 A \/ 25,6 V @ 60%<br \/>\n\u2022 Tensi\u00f3n en vac\u00edo: 65 V<br \/>\n\u2022 Rango de trabajo de salida MIG MAG (A): 30 \/ 160<br \/>\n\u2022 Rango de trabajo de salida MMA (A): 30 \/ 140<br \/>\n\u2022 Eficiencia: 85 %<br \/>\n\u2022 Clase de protecci\u00f3n: IP21S<br \/>\n\u2022 Grado de aislamiento: H<br \/>\n\u2022 Norma t\u00e9cnica: (IEC) EN 60974-1<br \/>\n\u2022 Tipo de enfriamiento: forzado<br \/>\n\u2022 Tama\u00f1o (mm) : 485 X 290 X 310<br \/>\n\u2022 Peso: 12,3 Kg<\/p>\n<p>Caracter\u00edsticas<br \/>\n\u2022 Especial para utilizar alambres de 0,6 mm y 0,8 mm.<br \/>\n\u2022 Especial para trabajar electrodos de 2,5 mm continuo y hasta electrodos 3,25 mm.<br \/>\n\u2022 Tipos de insumos: electrodos, alambres macizos y alambres tubulares.<br \/>\n\u2022 Capacidad de rollos de alambres: 1 Kg y 5 Kg.<br \/>\n\u2022 Con control de inductancia.<br \/>\n\u2022 Posee control 2T y 4T.<br \/>\n\u2022 Incluye una torcha MIG con EURO ACOPLE.<br \/>\n\u2022 Apta para soldadura con alambre flux.<br \/>\n\u2022 Tipo de clavija: DKJ 10-25.<\/p>","protected":false},"excerpt":{"rendered":"<p>Soldadora Inverter Dual MMA-MIG 175 AMP 50 Hz Lusqtoff Cod. EVOMIG-175 Ficha t\u00e9cnica \u2022 Tensi\u00f3n de entrada: 1 Ph AC 220 V ( \u00b1 15%) \u2022 Frecuencia: 50 Hz \u2022 Capacidad de entrada nominal: 5,9 Kw \u2022 Corriente de entrada nominal: 27 A \u2022 Ciclo de trabajo MIG-MAG ( 45 \u00baC) (%): 124 A \/ [&hellip;]<\/p>\n","protected":false},"featured_media":24227,"template":"","meta":[],"product_cat":[191],"product_tag":[557,492,530,482,537,316,315],"class_list":{"0":"post-24223","1":"product","2":"type-product","3":"status-publish","4":"has-post-thumbnail","6":"product_brand-lusqtoff-maquinas-y-herramientas-electricas-manuales","7":"product_cat-maquinas-y-herramientas","8":"product_tag-empresa-constructora","9":"product_tag-herreria","10":"product_tag-inverter","11":"product_tag-lusqtoff","12":"product_tag-soldador","13":"product_tag-soldadora","14":"product_tag-taller-metalurgico","16":"first","17":"instock","18":"taxable","19":"shipping-taxable","20":"purchasable","21":"product-type-simple","22":"add-to-wishlist-after_add_to_cart"},"yoast_head":"<!-- This site is optimized with the Yoast SEO Premium plugin v26.9 (Yoast SEO v26.9) - https:\/\/yoast.com\/product\/yoast-seo-premium-wordpress\/ -->\n<title>Soldadora Inverter Dual MMA-MIG 175 AMP 50 Hz Lusqtoff - SoyMat \u2013 Seguridad Industrial<\/title>\n<meta name=\"robots\" content=\"index, follow, max-snippet:-1, max-image-preview:large, max-video-preview:-1\" \/>\n<link rel=\"canonical\" href=\"https:\/\/soymat.com\/es\/producto\/soldadora-inverter-dual-mma-mig-175-amp-50-hz-lusqtoff\/\" \/>\n<meta property=\"og:locale\" content=\"es_ES\" \/>\n<meta property=\"og:type\" content=\"article\" \/>\n<meta property=\"og:title\" content=\"Soldadora Inverter Dual MMA-MIG 175 AMP 50 Hz Lusqtoff\" \/>\n<meta property=\"og:description\" content=\"Soldadora Inverter Dual MMA-MIG 175 AMP 50 Hz Lusqtoff Cod. EVOMIG-175 Ficha t\u00e9cnica \u2022 Tensi\u00f3n de entrada: 1 Ph AC 220 V ( \u00b1 15%) \u2022 Frecuencia: 50 Hz \u2022 Capacidad de entrada nominal: 5,9 Kw \u2022 Corriente de entrada nominal: 27 A \u2022 Ciclo de trabajo MIG-MAG ( 45 \u00baC) (%): 124 A \/ [&hellip;]\" \/>\n<meta property=\"og:url\" content=\"https:\/\/soymat.com\/es\/producto\/soldadora-inverter-dual-mma-mig-175-amp-50-hz-lusqtoff\/\" \/>\n<meta property=\"og:site_name\" content=\"SoyMat \u2013 Seguridad Industrial\" \/>\n<meta property=\"article:modified_time\" content=\"2026-04-06T16:06:44+00:00\" \/>\n<meta property=\"og:image\" content=\"https:\/\/soymat.com\/wp-content\/uploads\/2025\/11\/EVOMIG-175-2.jpg\" \/>\n\t<meta property=\"og:image:width\" content=\"1080\" \/>\n\t<meta property=\"og:image:height\" content=\"1080\" \/>\n\t<meta property=\"og:image:type\" content=\"image\/jpeg\" \/>\n<meta name=\"twitter:card\" content=\"summary_large_image\" \/>\n<meta name=\"twitter:label1\" content=\"Tiempo de lectura\" \/>\n\t<meta name=\"twitter:data1\" content=\"2 minutos\" \/>\n<script type=\"application\/ld+json\" class=\"yoast-schema-graph\">{\"@context\":\"https:\/\/schema.org\",\"@graph\":[{\"@type\":\"WebPage\",\"@id\":\"https:\/\/soymat.com\/producto\/soldadora-inverter-dual-mma-mig-175-amp-50-hz-lusqtoff\/\",\"url\":\"https:\/\/soymat.com\/producto\/soldadora-inverter-dual-mma-mig-175-amp-50-hz-lusqtoff\/\",\"name\":\"Soldadora Inverter Dual MMA-MIG 175 AMP 50 Hz Lusqtoff - SoyMat \u2013 Seguridad Industrial\",\"isPartOf\":{\"@id\":\"https:\/\/soymat.com\/#website\"},\"primaryImageOfPage\":{\"@id\":\"https:\/\/soymat.com\/producto\/soldadora-inverter-dual-mma-mig-175-amp-50-hz-lusqtoff\/#primaryimage\"},\"image\":{\"@id\":\"https:\/\/soymat.com\/producto\/soldadora-inverter-dual-mma-mig-175-amp-50-hz-lusqtoff\/#primaryimage\"},\"thumbnailUrl\":\"https:\/\/soymat.com\/wp-content\/uploads\/2025\/11\/EVOMIG-175-2.jpg\",\"datePublished\":\"2025-11-19T23:34:40+00:00\",\"dateModified\":\"2026-04-06T16:06:44+00:00\",\"breadcrumb\":{\"@id\":\"https:\/\/soymat.com\/producto\/soldadora-inverter-dual-mma-mig-175-amp-50-hz-lusqtoff\/#breadcrumb\"},\"inLanguage\":\"es-AR\",\"potentialAction\":[{\"@type\":\"ReadAction\",\"target\":[\"https:\/\/soymat.com\/producto\/soldadora-inverter-dual-mma-mig-175-amp-50-hz-lusqtoff\/\"]}]},{\"@type\":\"ImageObject\",\"inLanguage\":\"es-AR\",\"@id\":\"https:\/\/soymat.com\/producto\/soldadora-inverter-dual-mma-mig-175-amp-50-hz-lusqtoff\/#primaryimage\",\"url\":\"https:\/\/soymat.com\/wp-content\/uploads\/2025\/11\/EVOMIG-175-2.jpg\",\"contentUrl\":\"https:\/\/soymat.com\/wp-content\/uploads\/2025\/11\/EVOMIG-175-2.jpg\",\"width\":1080,\"height\":1080},{\"@type\":\"BreadcrumbList\",\"@id\":\"https:\/\/soymat.com\/producto\/soldadora-inverter-dual-mma-mig-175-amp-50-hz-lusqtoff\/#breadcrumb\",\"itemListElement\":[{\"@type\":\"ListItem\",\"position\":1,\"name\":\"Portada\",\"item\":\"https:\/\/soymat.com\/\"},{\"@type\":\"ListItem\",\"position\":2,\"name\":\"Todos los Productos\",\"item\":\"https:\/\/soymat.com\/shop\/\"},{\"@type\":\"ListItem\",\"position\":3,\"name\":\"Soldadora Inverter Dual MMA-MIG 175 AMP 50 Hz Lusqtoff\"}]},{\"@type\":\"WebSite\",\"@id\":\"https:\/\/soymat.com\/#website\",\"url\":\"https:\/\/soymat.com\/\",\"name\":\"So&Mat\",\"description\":\"Empresa Dedicada a la protecci\u00f3n global contra incendio . matafuegos redes bombas,venta instalaci\u00f3n y service, protecci\u00f3n y confort laboral en todo concepto.\",\"publisher\":{\"@id\":\"https:\/\/soymat.com\/#organization\"},\"alternateName\":\"So&Mat\",\"potentialAction\":[{\"@type\":\"SearchAction\",\"target\":{\"@type\":\"EntryPoint\",\"urlTemplate\":\"https:\/\/soymat.com\/?s={search_term_string}\"},\"query-input\":{\"@type\":\"PropertyValueSpecification\",\"valueRequired\":true,\"valueName\":\"search_term_string\"}}],\"inLanguage\":\"es-AR\"},{\"@type\":\"Organization\",\"@id\":\"https:\/\/soymat.com\/#organization\",\"name\":\"So&Mat\",\"url\":\"https:\/\/soymat.com\/\",\"logo\":{\"@type\":\"ImageObject\",\"inLanguage\":\"es-AR\",\"@id\":\"https:\/\/soymat.com\/#\/schema\/logo\/image\/\",\"url\":\"https:\/\/soymat.com\/wp-content\/uploads\/2024\/08\/SoyMat.jpg\",\"contentUrl\":\"https:\/\/soymat.com\/wp-content\/uploads\/2024\/08\/SoyMat.jpg\",\"width\":600,\"height\":236,\"caption\":\"So&Mat\"},\"image\":{\"@id\":\"https:\/\/soymat.com\/#\/schema\/logo\/image\/\"}}]}<\/script>\n<!-- \/ Yoast SEO Premium plugin. -->","yoast_head_json":{"title":"Soldadora Inverter Dual MMA-MIG 175 AMP 50 Hz Lusqtoff - SoyMat \u2013 Seguridad Industrial","robots":{"index":"index","follow":"follow","max-snippet":"max-snippet:-1","max-image-preview":"max-image-preview:large","max-video-preview":"max-video-preview:-1"},"canonical":"https:\/\/soymat.com\/es\/producto\/soldadora-inverter-dual-mma-mig-175-amp-50-hz-lusqtoff\/","og_locale":"es_ES","og_type":"article","og_title":"Soldadora Inverter Dual MMA-MIG 175 AMP 50 Hz Lusqtoff","og_description":"Soldadora Inverter Dual MMA-MIG 175 AMP 50 Hz Lusqtoff Cod. EVOMIG-175 Ficha t\u00e9cnica \u2022 Tensi\u00f3n de entrada: 1 Ph AC 220 V ( \u00b1 15%) \u2022 Frecuencia: 50 Hz \u2022 Capacidad de entrada nominal: 5,9 Kw \u2022 Corriente de entrada nominal: 27 A \u2022 Ciclo de trabajo MIG-MAG ( 45 \u00baC) (%): 124 A \/ [&hellip;]","og_url":"https:\/\/soymat.com\/es\/producto\/soldadora-inverter-dual-mma-mig-175-amp-50-hz-lusqtoff\/","og_site_name":"SoyMat \u2013 Seguridad Industrial","article_modified_time":"2026-04-06T16:06:44+00:00","og_image":[{"width":1080,"height":1080,"url":"https:\/\/soymat.com\/wp-content\/uploads\/2025\/11\/EVOMIG-175-2.jpg","type":"image\/jpeg"}],"twitter_card":"summary_large_image","twitter_misc":{"Tiempo de lectura":"2 minutos"},"schema":{"@context":"https:\/\/schema.org","@graph":[{"@type":"WebPage","@id":"https:\/\/soymat.com\/producto\/soldadora-inverter-dual-mma-mig-175-amp-50-hz-lusqtoff\/","url":"https:\/\/soymat.com\/producto\/soldadora-inverter-dual-mma-mig-175-amp-50-hz-lusqtoff\/","name":"Soldadora Inverter Dual MMA-MIG 175 AMP 50 Hz Lusqtoff - SoyMat \u2013 Seguridad Industrial","isPartOf":{"@id":"https:\/\/soymat.com\/#website"},"primaryImageOfPage":{"@id":"https:\/\/soymat.com\/producto\/soldadora-inverter-dual-mma-mig-175-amp-50-hz-lusqtoff\/#primaryimage"},"image":{"@id":"https:\/\/soymat.com\/producto\/soldadora-inverter-dual-mma-mig-175-amp-50-hz-lusqtoff\/#primaryimage"},"thumbnailUrl":"https:\/\/soymat.com\/wp-content\/uploads\/2025\/11\/EVOMIG-175-2.jpg","datePublished":"2025-11-19T23:34:40+00:00","dateModified":"2026-04-06T16:06:44+00:00","breadcrumb":{"@id":"https:\/\/soymat.com\/producto\/soldadora-inverter-dual-mma-mig-175-amp-50-hz-lusqtoff\/#breadcrumb"},"inLanguage":"es-AR","potentialAction":[{"@type":"ReadAction","target":["https:\/\/soymat.com\/producto\/soldadora-inverter-dual-mma-mig-175-amp-50-hz-lusqtoff\/"]}]},{"@type":"ImageObject","inLanguage":"es-AR","@id":"https:\/\/soymat.com\/producto\/soldadora-inverter-dual-mma-mig-175-amp-50-hz-lusqtoff\/#primaryimage","url":"https:\/\/soymat.com\/wp-content\/uploads\/2025\/11\/EVOMIG-175-2.jpg","contentUrl":"https:\/\/soymat.com\/wp-content\/uploads\/2025\/11\/EVOMIG-175-2.jpg","width":1080,"height":1080},{"@type":"BreadcrumbList","@id":"https:\/\/soymat.com\/producto\/soldadora-inverter-dual-mma-mig-175-amp-50-hz-lusqtoff\/#breadcrumb","itemListElement":[{"@type":"ListItem","position":1,"name":"Portada","item":"https:\/\/soymat.com\/"},{"@type":"ListItem","position":2,"name":"Todos los Productos","item":"https:\/\/soymat.com\/shop\/"},{"@type":"ListItem","position":3,"name":"Soldadora Inverter Dual MMA-MIG 175 AMP 50 Hz Lusqtoff"}]},{"@type":"WebSite","@id":"https:\/\/soymat.com\/#website","url":"https:\/\/soymat.com\/","name":"So&Mat","description":"Empresa Dedicada a la protecci\u00f3n global contra incendio . matafuegos redes bombas,venta instalaci\u00f3n y service, protecci\u00f3n y confort laboral en todo concepto.","publisher":{"@id":"https:\/\/soymat.com\/#organization"},"alternateName":"So&Mat","potentialAction":[{"@type":"SearchAction","target":{"@type":"EntryPoint","urlTemplate":"https:\/\/soymat.com\/?s={search_term_string}"},"query-input":{"@type":"PropertyValueSpecification","valueRequired":true,"valueName":"search_term_string"}}],"inLanguage":"es-AR"},{"@type":"Organization","@id":"https:\/\/soymat.com\/#organization","name":"So&Mat","url":"https:\/\/soymat.com\/","logo":{"@type":"ImageObject","inLanguage":"es-AR","@id":"https:\/\/soymat.com\/#\/schema\/logo\/image\/","url":"https:\/\/soymat.com\/wp-content\/uploads\/2024\/08\/SoyMat.jpg","contentUrl":"https:\/\/soymat.com\/wp-content\/uploads\/2024\/08\/SoyMat.jpg","width":600,"height":236,"caption":"So&Mat"},"image":{"@id":"https:\/\/soymat.com\/#\/schema\/logo\/image\/"}}]}},"_links":{"self":[{"href":"https:\/\/soymat.com\/es\/wp-json\/wp\/v2\/product\/24223","targetHints":{"allow":["GET"]}}],"collection":[{"href":"https:\/\/soymat.com\/es\/wp-json\/wp\/v2\/product"}],"about":[{"href":"https:\/\/soymat.com\/es\/wp-json\/wp\/v2\/types\/product"}],"wp:featuredmedia":[{"embeddable":true,"href":"https:\/\/soymat.com\/es\/wp-json\/wp\/v2\/media\/24227"}],"wp:attachment":[{"href":"https:\/\/soymat.com\/es\/wp-json\/wp\/v2\/media?parent=24223"}],"wp:term":[{"taxonomy":"product_cat","embeddable":true,"href":"https:\/\/soymat.com\/es\/wp-json\/wp\/v2\/product_cat?post=24223"},{"taxonomy":"product_tag","embeddable":true,"href":"https:\/\/soymat.com\/es\/wp-json\/wp\/v2\/product_tag?post=24223"}],"curies":[{"name":"wp","href":"https:\/\/api.w.org\/{rel}","templated":true}]}}