{"id":24241,"date":"2025-11-26T18:14:38","date_gmt":"2025-11-26T21:14:38","guid":{"rendered":"https:\/\/soymat.com\/?post_type=product&#038;p=24241"},"modified":"2026-01-21T18:35:06","modified_gmt":"2026-01-21T21:35:06","slug":"cortacerco-a-explosion-22-5cc-cuchilla-60cm-niwa","status":"publish","type":"product","link":"https:\/\/soymat.com\/es\/producto\/cortacerco-a-explosion-22-5cc-cuchilla-60cm-niwa\/","title":{"rendered":"Cortacerco a Explosi\u00f3n 22.5cc Cuchilla 60cm. NIWA"},"content":{"rendered":"<p><strong>Cortacero a Explosi\u00f3n 22.5cc Cuchilla 60cm. NIWA<\/strong><br \/>\nCod.: 1042000<\/p>\n<p>Cortacerco a explosi\u00f3n de 22,5 cc ligero y bien equilibrado que permite trabajar durante hora con el menor esfuerzo y sin fatigar brazos y manos, ideal para los trabajos hogare\u00f1os.<\/p>\n<p>Especificaciones t\u00e9cnicas<br \/>\nTipo De mano<br \/>\nCilindrada 22.5 c.c.<br \/>\nPotencia (Kw) 0.65 Kw<br \/>\nCapacidad de tanque de combustible (L) 0.6 L<br \/>\nTama\u00f1o de cuchilla 60 cm<br \/>\nTipo de uso Ocasional<br \/>\nOrigen RPC<br \/>\nPeso Bruto 9.5 Kg<\/p>","protected":false},"excerpt":{"rendered":"<p>Cortacero a Explosi\u00f3n 22.5cc Cuchilla 60cm. NIWA Cod.: 1042000 Cortacerco a explosi\u00f3n de 22,5 cc ligero y bien equilibrado que permite trabajar durante hora con el menor esfuerzo y sin fatigar brazos y manos, ideal para los trabajos hogare\u00f1os. Especificaciones t\u00e9cnicas Tipo De mano Cilindrada 22.5 c.c. Potencia (Kw) 0.65 Kw Capacidad de tanque de [&hellip;]<\/p>\n","protected":false},"featured_media":24243,"template":"","meta":[],"product_cat":[191],"product_tag":[408,944,220,864,945],"class_list":{"0":"post-24241","1":"product","2":"type-product","3":"status-publish","4":"has-post-thumbnail","6":"product_brand-niwa-motoelementos-bosque-jardin","7":"product_cat-maquinas-y-herramientas","8":"product_tag-casa-y-jardin","9":"product_tag-cortacerco","10":"product_tag-jardineria","11":"product_tag-mantenimiento-de-jardines","12":"product_tag-mantenimiento-de-parques","14":"first","15":"outofstock","16":"taxable","17":"shipping-taxable","18":"purchasable","19":"product-type-simple","20":"add-to-wishlist-after_add_to_cart"},"yoast_head":"<!-- This site is optimized with the Yoast SEO Premium plugin v26.9 (Yoast SEO v26.9) - https:\/\/yoast.com\/product\/yoast-seo-premium-wordpress\/ -->\n<title>Cortacerco a Explosi\u00f3n 22.5cc Cuchilla 60cm. NIWA - SoyMat \u2013 Seguridad Industrial<\/title>\n<meta name=\"robots\" content=\"index, follow, max-snippet:-1, max-image-preview:large, max-video-preview:-1\" \/>\n<link rel=\"canonical\" href=\"https:\/\/soymat.com\/es\/producto\/cortacerco-a-explosion-22-5cc-cuchilla-60cm-niwa\/\" \/>\n<meta property=\"og:locale\" content=\"es_ES\" \/>\n<meta property=\"og:type\" content=\"article\" \/>\n<meta property=\"og:title\" content=\"Cortacerco a Explosi\u00f3n 22.5cc Cuchilla 60cm. NIWA\" \/>\n<meta property=\"og:description\" content=\"Cortacero a Explosi\u00f3n 22.5cc Cuchilla 60cm. NIWA Cod.: 1042000 Cortacerco a explosi\u00f3n de 22,5 cc ligero y bien equilibrado que permite trabajar durante hora con el menor esfuerzo y sin fatigar brazos y manos, ideal para los trabajos hogare\u00f1os. Especificaciones t\u00e9cnicas Tipo De mano Cilindrada 22.5 c.c. Potencia (Kw) 0.65 Kw Capacidad de tanque de [&hellip;]\" \/>\n<meta property=\"og:url\" content=\"https:\/\/soymat.com\/es\/producto\/cortacerco-a-explosion-22-5cc-cuchilla-60cm-niwa\/\" \/>\n<meta property=\"og:site_name\" content=\"SoyMat \u2013 Seguridad Industrial\" \/>\n<meta property=\"article:modified_time\" content=\"2026-01-21T21:35:06+00:00\" \/>\n<meta property=\"og:image\" content=\"https:\/\/soymat.com\/wp-content\/uploads\/2025\/11\/1042000-CORTACERCO.jpg\" \/>\n\t<meta property=\"og:image:width\" content=\"1100\" \/>\n\t<meta property=\"og:image:height\" content=\"1100\" \/>\n\t<meta property=\"og:image:type\" content=\"image\/jpeg\" \/>\n<meta name=\"twitter:card\" content=\"summary_large_image\" \/>\n<meta name=\"twitter:label1\" content=\"Tiempo de lectura\" \/>\n\t<meta name=\"twitter:data1\" content=\"1 minuto\" \/>\n<script type=\"application\/ld+json\" class=\"yoast-schema-graph\">{\"@context\":\"https:\/\/schema.org\",\"@graph\":[{\"@type\":\"WebPage\",\"@id\":\"https:\/\/soymat.com\/producto\/cortacerco-a-explosion-22-5cc-cuchilla-60cm-niwa\/\",\"url\":\"https:\/\/soymat.com\/producto\/cortacerco-a-explosion-22-5cc-cuchilla-60cm-niwa\/\",\"name\":\"Cortacerco a Explosi\u00f3n 22.5cc Cuchilla 60cm. NIWA - SoyMat \u2013 Seguridad Industrial\",\"isPartOf\":{\"@id\":\"https:\/\/soymat.com\/#website\"},\"primaryImageOfPage\":{\"@id\":\"https:\/\/soymat.com\/producto\/cortacerco-a-explosion-22-5cc-cuchilla-60cm-niwa\/#primaryimage\"},\"image\":{\"@id\":\"https:\/\/soymat.com\/producto\/cortacerco-a-explosion-22-5cc-cuchilla-60cm-niwa\/#primaryimage\"},\"thumbnailUrl\":\"https:\/\/soymat.com\/wp-content\/uploads\/2025\/11\/1042000-CORTACERCO.jpg\",\"datePublished\":\"2025-11-26T21:14:38+00:00\",\"dateModified\":\"2026-01-21T21:35:06+00:00\",\"breadcrumb\":{\"@id\":\"https:\/\/soymat.com\/producto\/cortacerco-a-explosion-22-5cc-cuchilla-60cm-niwa\/#breadcrumb\"},\"inLanguage\":\"es-AR\",\"potentialAction\":[{\"@type\":\"ReadAction\",\"target\":[\"https:\/\/soymat.com\/producto\/cortacerco-a-explosion-22-5cc-cuchilla-60cm-niwa\/\"]}]},{\"@type\":\"ImageObject\",\"inLanguage\":\"es-AR\",\"@id\":\"https:\/\/soymat.com\/producto\/cortacerco-a-explosion-22-5cc-cuchilla-60cm-niwa\/#primaryimage\",\"url\":\"https:\/\/soymat.com\/wp-content\/uploads\/2025\/11\/1042000-CORTACERCO.jpg\",\"contentUrl\":\"https:\/\/soymat.com\/wp-content\/uploads\/2025\/11\/1042000-CORTACERCO.jpg\",\"width\":1100,\"height\":1100},{\"@type\":\"BreadcrumbList\",\"@id\":\"https:\/\/soymat.com\/producto\/cortacerco-a-explosion-22-5cc-cuchilla-60cm-niwa\/#breadcrumb\",\"itemListElement\":[{\"@type\":\"ListItem\",\"position\":1,\"name\":\"Portada\",\"item\":\"https:\/\/soymat.com\/\"},{\"@type\":\"ListItem\",\"position\":2,\"name\":\"Todos los Productos\",\"item\":\"https:\/\/soymat.com\/shop\/\"},{\"@type\":\"ListItem\",\"position\":3,\"name\":\"Cortacerco a Explosi\u00f3n 22.5cc Cuchilla 60cm. NIWA\"}]},{\"@type\":\"WebSite\",\"@id\":\"https:\/\/soymat.com\/#website\",\"url\":\"https:\/\/soymat.com\/\",\"name\":\"So&Mat\",\"description\":\"Empresa Dedicada a la protecci\u00f3n global contra incendio . matafuegos redes bombas,venta instalaci\u00f3n y service, protecci\u00f3n y confort laboral en todo concepto.\",\"publisher\":{\"@id\":\"https:\/\/soymat.com\/#organization\"},\"alternateName\":\"So&Mat\",\"potentialAction\":[{\"@type\":\"SearchAction\",\"target\":{\"@type\":\"EntryPoint\",\"urlTemplate\":\"https:\/\/soymat.com\/?s={search_term_string}\"},\"query-input\":{\"@type\":\"PropertyValueSpecification\",\"valueRequired\":true,\"valueName\":\"search_term_string\"}}],\"inLanguage\":\"es-AR\"},{\"@type\":\"Organization\",\"@id\":\"https:\/\/soymat.com\/#organization\",\"name\":\"So&Mat\",\"url\":\"https:\/\/soymat.com\/\",\"logo\":{\"@type\":\"ImageObject\",\"inLanguage\":\"es-AR\",\"@id\":\"https:\/\/soymat.com\/#\/schema\/logo\/image\/\",\"url\":\"https:\/\/soymat.com\/wp-content\/uploads\/2024\/08\/SoyMat.jpg\",\"contentUrl\":\"https:\/\/soymat.com\/wp-content\/uploads\/2024\/08\/SoyMat.jpg\",\"width\":600,\"height\":236,\"caption\":\"So&Mat\"},\"image\":{\"@id\":\"https:\/\/soymat.com\/#\/schema\/logo\/image\/\"}}]}<\/script>\n<!-- \/ Yoast SEO Premium plugin. -->","yoast_head_json":{"title":"Cortacerco a Explosi\u00f3n 22.5cc Cuchilla 60cm. NIWA - SoyMat \u2013 Seguridad Industrial","robots":{"index":"index","follow":"follow","max-snippet":"max-snippet:-1","max-image-preview":"max-image-preview:large","max-video-preview":"max-video-preview:-1"},"canonical":"https:\/\/soymat.com\/es\/producto\/cortacerco-a-explosion-22-5cc-cuchilla-60cm-niwa\/","og_locale":"es_ES","og_type":"article","og_title":"Cortacerco a Explosi\u00f3n 22.5cc Cuchilla 60cm. NIWA","og_description":"Cortacero a Explosi\u00f3n 22.5cc Cuchilla 60cm. NIWA Cod.: 1042000 Cortacerco a explosi\u00f3n de 22,5 cc ligero y bien equilibrado que permite trabajar durante hora con el menor esfuerzo y sin fatigar brazos y manos, ideal para los trabajos hogare\u00f1os. Especificaciones t\u00e9cnicas Tipo De mano Cilindrada 22.5 c.c. Potencia (Kw) 0.65 Kw Capacidad de tanque de [&hellip;]","og_url":"https:\/\/soymat.com\/es\/producto\/cortacerco-a-explosion-22-5cc-cuchilla-60cm-niwa\/","og_site_name":"SoyMat \u2013 Seguridad Industrial","article_modified_time":"2026-01-21T21:35:06+00:00","og_image":[{"width":1100,"height":1100,"url":"https:\/\/soymat.com\/wp-content\/uploads\/2025\/11\/1042000-CORTACERCO.jpg","type":"image\/jpeg"}],"twitter_card":"summary_large_image","twitter_misc":{"Tiempo de lectura":"1 minuto"},"schema":{"@context":"https:\/\/schema.org","@graph":[{"@type":"WebPage","@id":"https:\/\/soymat.com\/producto\/cortacerco-a-explosion-22-5cc-cuchilla-60cm-niwa\/","url":"https:\/\/soymat.com\/producto\/cortacerco-a-explosion-22-5cc-cuchilla-60cm-niwa\/","name":"Cortacerco a Explosi\u00f3n 22.5cc Cuchilla 60cm. NIWA - SoyMat \u2013 Seguridad Industrial","isPartOf":{"@id":"https:\/\/soymat.com\/#website"},"primaryImageOfPage":{"@id":"https:\/\/soymat.com\/producto\/cortacerco-a-explosion-22-5cc-cuchilla-60cm-niwa\/#primaryimage"},"image":{"@id":"https:\/\/soymat.com\/producto\/cortacerco-a-explosion-22-5cc-cuchilla-60cm-niwa\/#primaryimage"},"thumbnailUrl":"https:\/\/soymat.com\/wp-content\/uploads\/2025\/11\/1042000-CORTACERCO.jpg","datePublished":"2025-11-26T21:14:38+00:00","dateModified":"2026-01-21T21:35:06+00:00","breadcrumb":{"@id":"https:\/\/soymat.com\/producto\/cortacerco-a-explosion-22-5cc-cuchilla-60cm-niwa\/#breadcrumb"},"inLanguage":"es-AR","potentialAction":[{"@type":"ReadAction","target":["https:\/\/soymat.com\/producto\/cortacerco-a-explosion-22-5cc-cuchilla-60cm-niwa\/"]}]},{"@type":"ImageObject","inLanguage":"es-AR","@id":"https:\/\/soymat.com\/producto\/cortacerco-a-explosion-22-5cc-cuchilla-60cm-niwa\/#primaryimage","url":"https:\/\/soymat.com\/wp-content\/uploads\/2025\/11\/1042000-CORTACERCO.jpg","contentUrl":"https:\/\/soymat.com\/wp-content\/uploads\/2025\/11\/1042000-CORTACERCO.jpg","width":1100,"height":1100},{"@type":"BreadcrumbList","@id":"https:\/\/soymat.com\/producto\/cortacerco-a-explosion-22-5cc-cuchilla-60cm-niwa\/#breadcrumb","itemListElement":[{"@type":"ListItem","position":1,"name":"Portada","item":"https:\/\/soymat.com\/"},{"@type":"ListItem","position":2,"name":"Todos los Productos","item":"https:\/\/soymat.com\/shop\/"},{"@type":"ListItem","position":3,"name":"Cortacerco a Explosi\u00f3n 22.5cc Cuchilla 60cm. NIWA"}]},{"@type":"WebSite","@id":"https:\/\/soymat.com\/#website","url":"https:\/\/soymat.com\/","name":"So&Mat","description":"Empresa Dedicada a la protecci\u00f3n global contra incendio . matafuegos redes bombas,venta instalaci\u00f3n y service, protecci\u00f3n y confort laboral en todo concepto.","publisher":{"@id":"https:\/\/soymat.com\/#organization"},"alternateName":"So&Mat","potentialAction":[{"@type":"SearchAction","target":{"@type":"EntryPoint","urlTemplate":"https:\/\/soymat.com\/?s={search_term_string}"},"query-input":{"@type":"PropertyValueSpecification","valueRequired":true,"valueName":"search_term_string"}}],"inLanguage":"es-AR"},{"@type":"Organization","@id":"https:\/\/soymat.com\/#organization","name":"So&Mat","url":"https:\/\/soymat.com\/","logo":{"@type":"ImageObject","inLanguage":"es-AR","@id":"https:\/\/soymat.com\/#\/schema\/logo\/image\/","url":"https:\/\/soymat.com\/wp-content\/uploads\/2024\/08\/SoyMat.jpg","contentUrl":"https:\/\/soymat.com\/wp-content\/uploads\/2024\/08\/SoyMat.jpg","width":600,"height":236,"caption":"So&Mat"},"image":{"@id":"https:\/\/soymat.com\/#\/schema\/logo\/image\/"}}]}},"_links":{"self":[{"href":"https:\/\/soymat.com\/es\/wp-json\/wp\/v2\/product\/24241","targetHints":{"allow":["GET"]}}],"collection":[{"href":"https:\/\/soymat.com\/es\/wp-json\/wp\/v2\/product"}],"about":[{"href":"https:\/\/soymat.com\/es\/wp-json\/wp\/v2\/types\/product"}],"wp:featuredmedia":[{"embeddable":true,"href":"https:\/\/soymat.com\/es\/wp-json\/wp\/v2\/media\/24243"}],"wp:attachment":[{"href":"https:\/\/soymat.com\/es\/wp-json\/wp\/v2\/media?parent=24241"}],"wp:term":[{"taxonomy":"product_cat","embeddable":true,"href":"https:\/\/soymat.com\/es\/wp-json\/wp\/v2\/product_cat?post=24241"},{"taxonomy":"product_tag","embeddable":true,"href":"https:\/\/soymat.com\/es\/wp-json\/wp\/v2\/product_tag?post=24241"}],"curies":[{"name":"wp","href":"https:\/\/api.w.org\/{rel}","templated":true}]}}