{"id":24245,"date":"2025-11-26T18:22:16","date_gmt":"2025-11-26T21:22:16","guid":{"rendered":"https:\/\/soymat.com\/?post_type=product&#038;p=24245"},"modified":"2025-12-30T13:07:01","modified_gmt":"2025-12-30T16:07:01","slug":"cortadora-de-cesped-naftera-166cc-4t-autopropulsada-niwa","status":"publish","type":"product","link":"https:\/\/soymat.com\/es\/producto\/cortadora-de-cesped-naftera-166cc-4t-autopropulsada-niwa\/","title":{"rendered":"Cortadora de C\u00e9sped Naftera 166cc 4T. Autopropulsada NIWA"},"content":{"rendered":"<p><strong>Cortadora de C\u00e9sped Naftera 166cc 4T. Autopropulsada NIWA<\/strong><br \/>\nCod.: 1076670<\/p>\n<p>La cortac\u00e9sped autopropulsada NIWA es una herramienta potente y eficiente dise\u00f1ada para ofrecer un corte preciso y adaptarse a diferentes tipos de c\u00e9sped. Su sistema de autopropulsi\u00f3n facilita el manejo, reduciendo el esfuerzo necesario para operar la m\u00e1quina. Adem\u00e1s, su capacidad de recolecci\u00f3n permite trabajar por m\u00e1s tiempo sin interrupciones. Su construcci\u00f3n ligera asegura una maniobrabilidad sencilla, haciendo que el mantenimiento del c\u00e9sped sea una tarea m\u00e1s c\u00f3moda y r\u00e1pida.<\/p>\n<p>Especificaciones t\u00e9cnicas<\/p>\n<p>Potencia m\u00e1xima de motor (HP) 6 HP<br \/>\nCilindrada 166 c.c.<br \/>\nMotor Loncin 1P65FE-2<br \/>\nM\u00e9todo de conducci\u00f3n Autopropulsado<br \/>\nRecolector de c\u00e9sped 65 L<br \/>\nNiveles de corte 7 posiciones Central<br \/>\nAltura de corte m\u00e1xima 7,5 cm<br \/>\nAltura de corte m\u00ednimo 2,5 cm<br \/>\nCapacidad de aceite 0,5 Lts.<br \/>\nDi\u00e1metro de corte 20 \u00bb<br \/>\nAutopropulsada Si<br \/>\nOrigen RPC<br \/>\nCapacidad de tanque de combustible (L) 1 L<br \/>\nPeso (Kg) 30 Kg<\/p>","protected":false},"excerpt":{"rendered":"<p>Cortadora de C\u00e9sped Naftera 166cc 4T. Autopropulsada NIWA Cod.: 1076670 La cortac\u00e9sped autopropulsada NIWA es una herramienta potente y eficiente dise\u00f1ada para ofrecer un corte preciso y adaptarse a diferentes tipos de c\u00e9sped. Su sistema de autopropulsi\u00f3n facilita el manejo, reduciendo el esfuerzo necesario para operar la m\u00e1quina. Adem\u00e1s, su capacidad de recolecci\u00f3n permite trabajar [&hellip;]<\/p>\n","protected":false},"featured_media":24247,"template":"","meta":[],"product_cat":[337,191,425],"product_tag":[523,947,863,491,948],"class_list":{"0":"post-24245","1":"product","2":"type-product","3":"status-publish","4":"has-post-thumbnail","6":"product_brand-niwa-motoelementos-bosque-jardin","7":"product_cat-productos-destacados-con-descuentos","8":"product_cat-maquinas-y-herramientas","9":"product_cat-super-destacado","10":"product_tag-cesped","11":"product_tag-cortadora","12":"product_tag-cortadora-de-cesped","13":"product_tag-jardin","14":"product_tag-verano-niwa","16":"first","17":"instock","18":"taxable","19":"shipping-taxable","20":"purchasable","21":"product-type-simple","22":"add-to-wishlist-after_add_to_cart"},"yoast_head":"<!-- This site is optimized with the Yoast SEO Premium plugin v26.9 (Yoast SEO v26.9) - https:\/\/yoast.com\/product\/yoast-seo-premium-wordpress\/ -->\n<title>Cortadora de C\u00e9sped Naftera 166cc 4T. Autopropulsada NIWA - SoyMat \u2013 Seguridad Industrial<\/title>\n<meta name=\"robots\" content=\"index, follow, max-snippet:-1, max-image-preview:large, max-video-preview:-1\" \/>\n<link rel=\"canonical\" href=\"https:\/\/soymat.com\/es\/producto\/cortadora-de-cesped-naftera-166cc-4t-autopropulsada-niwa\/\" \/>\n<meta property=\"og:locale\" content=\"es_ES\" \/>\n<meta property=\"og:type\" content=\"article\" \/>\n<meta property=\"og:title\" content=\"Cortadora de C\u00e9sped Naftera 166cc 4T. Autopropulsada NIWA\" \/>\n<meta property=\"og:description\" content=\"Cortadora de C\u00e9sped Naftera 166cc 4T. Autopropulsada NIWA Cod.: 1076670 La cortac\u00e9sped autopropulsada NIWA es una herramienta potente y eficiente dise\u00f1ada para ofrecer un corte preciso y adaptarse a diferentes tipos de c\u00e9sped. Su sistema de autopropulsi\u00f3n facilita el manejo, reduciendo el esfuerzo necesario para operar la m\u00e1quina. Adem\u00e1s, su capacidad de recolecci\u00f3n permite trabajar [&hellip;]\" \/>\n<meta property=\"og:url\" content=\"https:\/\/soymat.com\/es\/producto\/cortadora-de-cesped-naftera-166cc-4t-autopropulsada-niwa\/\" \/>\n<meta property=\"og:site_name\" content=\"SoyMat \u2013 Seguridad Industrial\" \/>\n<meta property=\"article:modified_time\" content=\"2025-12-30T16:07:01+00:00\" \/>\n<meta property=\"og:image\" content=\"https:\/\/soymat.com\/wp-content\/uploads\/2025\/11\/1076670-cortadora-cesped-naftera.jpg\" \/>\n\t<meta property=\"og:image:width\" content=\"1100\" \/>\n\t<meta property=\"og:image:height\" content=\"1100\" \/>\n\t<meta property=\"og:image:type\" content=\"image\/jpeg\" \/>\n<meta name=\"twitter:card\" content=\"summary_large_image\" \/>\n<meta name=\"twitter:label1\" content=\"Tiempo de lectura\" \/>\n\t<meta name=\"twitter:data1\" content=\"1 minuto\" \/>\n<script type=\"application\/ld+json\" class=\"yoast-schema-graph\">{\"@context\":\"https:\/\/schema.org\",\"@graph\":[{\"@type\":\"WebPage\",\"@id\":\"https:\/\/soymat.com\/producto\/cortadora-de-cesped-naftera-166cc-4t-autopropulsada-niwa\/\",\"url\":\"https:\/\/soymat.com\/producto\/cortadora-de-cesped-naftera-166cc-4t-autopropulsada-niwa\/\",\"name\":\"Cortadora de C\u00e9sped Naftera 166cc 4T. Autopropulsada NIWA - SoyMat \u2013 Seguridad Industrial\",\"isPartOf\":{\"@id\":\"https:\/\/soymat.com\/#website\"},\"primaryImageOfPage\":{\"@id\":\"https:\/\/soymat.com\/producto\/cortadora-de-cesped-naftera-166cc-4t-autopropulsada-niwa\/#primaryimage\"},\"image\":{\"@id\":\"https:\/\/soymat.com\/producto\/cortadora-de-cesped-naftera-166cc-4t-autopropulsada-niwa\/#primaryimage\"},\"thumbnailUrl\":\"https:\/\/soymat.com\/wp-content\/uploads\/2025\/11\/1076670-cortadora-cesped-naftera.jpg\",\"datePublished\":\"2025-11-26T21:22:16+00:00\",\"dateModified\":\"2025-12-30T16:07:01+00:00\",\"breadcrumb\":{\"@id\":\"https:\/\/soymat.com\/producto\/cortadora-de-cesped-naftera-166cc-4t-autopropulsada-niwa\/#breadcrumb\"},\"inLanguage\":\"es-AR\",\"potentialAction\":[{\"@type\":\"ReadAction\",\"target\":[\"https:\/\/soymat.com\/producto\/cortadora-de-cesped-naftera-166cc-4t-autopropulsada-niwa\/\"]}]},{\"@type\":\"ImageObject\",\"inLanguage\":\"es-AR\",\"@id\":\"https:\/\/soymat.com\/producto\/cortadora-de-cesped-naftera-166cc-4t-autopropulsada-niwa\/#primaryimage\",\"url\":\"https:\/\/soymat.com\/wp-content\/uploads\/2025\/11\/1076670-cortadora-cesped-naftera.jpg\",\"contentUrl\":\"https:\/\/soymat.com\/wp-content\/uploads\/2025\/11\/1076670-cortadora-cesped-naftera.jpg\",\"width\":1100,\"height\":1100},{\"@type\":\"BreadcrumbList\",\"@id\":\"https:\/\/soymat.com\/producto\/cortadora-de-cesped-naftera-166cc-4t-autopropulsada-niwa\/#breadcrumb\",\"itemListElement\":[{\"@type\":\"ListItem\",\"position\":1,\"name\":\"Portada\",\"item\":\"https:\/\/soymat.com\/\"},{\"@type\":\"ListItem\",\"position\":2,\"name\":\"Todos los Productos\",\"item\":\"https:\/\/soymat.com\/shop\/\"},{\"@type\":\"ListItem\",\"position\":3,\"name\":\"Cortadora de C\u00e9sped Naftera 166cc 4T. Autopropulsada NIWA\"}]},{\"@type\":\"WebSite\",\"@id\":\"https:\/\/soymat.com\/#website\",\"url\":\"https:\/\/soymat.com\/\",\"name\":\"So&Mat\",\"description\":\"Empresa Dedicada a la protecci\u00f3n global contra incendio . matafuegos redes bombas,venta instalaci\u00f3n y service, protecci\u00f3n y confort laboral en todo concepto.\",\"publisher\":{\"@id\":\"https:\/\/soymat.com\/#organization\"},\"alternateName\":\"So&Mat\",\"potentialAction\":[{\"@type\":\"SearchAction\",\"target\":{\"@type\":\"EntryPoint\",\"urlTemplate\":\"https:\/\/soymat.com\/?s={search_term_string}\"},\"query-input\":{\"@type\":\"PropertyValueSpecification\",\"valueRequired\":true,\"valueName\":\"search_term_string\"}}],\"inLanguage\":\"es-AR\"},{\"@type\":\"Organization\",\"@id\":\"https:\/\/soymat.com\/#organization\",\"name\":\"So&Mat\",\"url\":\"https:\/\/soymat.com\/\",\"logo\":{\"@type\":\"ImageObject\",\"inLanguage\":\"es-AR\",\"@id\":\"https:\/\/soymat.com\/#\/schema\/logo\/image\/\",\"url\":\"https:\/\/soymat.com\/wp-content\/uploads\/2024\/08\/SoyMat.jpg\",\"contentUrl\":\"https:\/\/soymat.com\/wp-content\/uploads\/2024\/08\/SoyMat.jpg\",\"width\":600,\"height\":236,\"caption\":\"So&Mat\"},\"image\":{\"@id\":\"https:\/\/soymat.com\/#\/schema\/logo\/image\/\"}}]}<\/script>\n<!-- \/ Yoast SEO Premium plugin. -->","yoast_head_json":{"title":"Cortadora de C\u00e9sped Naftera 166cc 4T. Autopropulsada NIWA - SoyMat \u2013 Seguridad Industrial","robots":{"index":"index","follow":"follow","max-snippet":"max-snippet:-1","max-image-preview":"max-image-preview:large","max-video-preview":"max-video-preview:-1"},"canonical":"https:\/\/soymat.com\/es\/producto\/cortadora-de-cesped-naftera-166cc-4t-autopropulsada-niwa\/","og_locale":"es_ES","og_type":"article","og_title":"Cortadora de C\u00e9sped Naftera 166cc 4T. Autopropulsada NIWA","og_description":"Cortadora de C\u00e9sped Naftera 166cc 4T. Autopropulsada NIWA Cod.: 1076670 La cortac\u00e9sped autopropulsada NIWA es una herramienta potente y eficiente dise\u00f1ada para ofrecer un corte preciso y adaptarse a diferentes tipos de c\u00e9sped. Su sistema de autopropulsi\u00f3n facilita el manejo, reduciendo el esfuerzo necesario para operar la m\u00e1quina. Adem\u00e1s, su capacidad de recolecci\u00f3n permite trabajar [&hellip;]","og_url":"https:\/\/soymat.com\/es\/producto\/cortadora-de-cesped-naftera-166cc-4t-autopropulsada-niwa\/","og_site_name":"SoyMat \u2013 Seguridad Industrial","article_modified_time":"2025-12-30T16:07:01+00:00","og_image":[{"width":1100,"height":1100,"url":"https:\/\/soymat.com\/wp-content\/uploads\/2025\/11\/1076670-cortadora-cesped-naftera.jpg","type":"image\/jpeg"}],"twitter_card":"summary_large_image","twitter_misc":{"Tiempo de lectura":"1 minuto"},"schema":{"@context":"https:\/\/schema.org","@graph":[{"@type":"WebPage","@id":"https:\/\/soymat.com\/producto\/cortadora-de-cesped-naftera-166cc-4t-autopropulsada-niwa\/","url":"https:\/\/soymat.com\/producto\/cortadora-de-cesped-naftera-166cc-4t-autopropulsada-niwa\/","name":"Cortadora de C\u00e9sped Naftera 166cc 4T. Autopropulsada NIWA - SoyMat \u2013 Seguridad Industrial","isPartOf":{"@id":"https:\/\/soymat.com\/#website"},"primaryImageOfPage":{"@id":"https:\/\/soymat.com\/producto\/cortadora-de-cesped-naftera-166cc-4t-autopropulsada-niwa\/#primaryimage"},"image":{"@id":"https:\/\/soymat.com\/producto\/cortadora-de-cesped-naftera-166cc-4t-autopropulsada-niwa\/#primaryimage"},"thumbnailUrl":"https:\/\/soymat.com\/wp-content\/uploads\/2025\/11\/1076670-cortadora-cesped-naftera.jpg","datePublished":"2025-11-26T21:22:16+00:00","dateModified":"2025-12-30T16:07:01+00:00","breadcrumb":{"@id":"https:\/\/soymat.com\/producto\/cortadora-de-cesped-naftera-166cc-4t-autopropulsada-niwa\/#breadcrumb"},"inLanguage":"es-AR","potentialAction":[{"@type":"ReadAction","target":["https:\/\/soymat.com\/producto\/cortadora-de-cesped-naftera-166cc-4t-autopropulsada-niwa\/"]}]},{"@type":"ImageObject","inLanguage":"es-AR","@id":"https:\/\/soymat.com\/producto\/cortadora-de-cesped-naftera-166cc-4t-autopropulsada-niwa\/#primaryimage","url":"https:\/\/soymat.com\/wp-content\/uploads\/2025\/11\/1076670-cortadora-cesped-naftera.jpg","contentUrl":"https:\/\/soymat.com\/wp-content\/uploads\/2025\/11\/1076670-cortadora-cesped-naftera.jpg","width":1100,"height":1100},{"@type":"BreadcrumbList","@id":"https:\/\/soymat.com\/producto\/cortadora-de-cesped-naftera-166cc-4t-autopropulsada-niwa\/#breadcrumb","itemListElement":[{"@type":"ListItem","position":1,"name":"Portada","item":"https:\/\/soymat.com\/"},{"@type":"ListItem","position":2,"name":"Todos los Productos","item":"https:\/\/soymat.com\/shop\/"},{"@type":"ListItem","position":3,"name":"Cortadora de C\u00e9sped Naftera 166cc 4T. Autopropulsada NIWA"}]},{"@type":"WebSite","@id":"https:\/\/soymat.com\/#website","url":"https:\/\/soymat.com\/","name":"So&Mat","description":"Empresa Dedicada a la protecci\u00f3n global contra incendio . matafuegos redes bombas,venta instalaci\u00f3n y service, protecci\u00f3n y confort laboral en todo concepto.","publisher":{"@id":"https:\/\/soymat.com\/#organization"},"alternateName":"So&Mat","potentialAction":[{"@type":"SearchAction","target":{"@type":"EntryPoint","urlTemplate":"https:\/\/soymat.com\/?s={search_term_string}"},"query-input":{"@type":"PropertyValueSpecification","valueRequired":true,"valueName":"search_term_string"}}],"inLanguage":"es-AR"},{"@type":"Organization","@id":"https:\/\/soymat.com\/#organization","name":"So&Mat","url":"https:\/\/soymat.com\/","logo":{"@type":"ImageObject","inLanguage":"es-AR","@id":"https:\/\/soymat.com\/#\/schema\/logo\/image\/","url":"https:\/\/soymat.com\/wp-content\/uploads\/2024\/08\/SoyMat.jpg","contentUrl":"https:\/\/soymat.com\/wp-content\/uploads\/2024\/08\/SoyMat.jpg","width":600,"height":236,"caption":"So&Mat"},"image":{"@id":"https:\/\/soymat.com\/#\/schema\/logo\/image\/"}}]}},"_links":{"self":[{"href":"https:\/\/soymat.com\/es\/wp-json\/wp\/v2\/product\/24245","targetHints":{"allow":["GET"]}}],"collection":[{"href":"https:\/\/soymat.com\/es\/wp-json\/wp\/v2\/product"}],"about":[{"href":"https:\/\/soymat.com\/es\/wp-json\/wp\/v2\/types\/product"}],"wp:featuredmedia":[{"embeddable":true,"href":"https:\/\/soymat.com\/es\/wp-json\/wp\/v2\/media\/24247"}],"wp:attachment":[{"href":"https:\/\/soymat.com\/es\/wp-json\/wp\/v2\/media?parent=24245"}],"wp:term":[{"taxonomy":"product_cat","embeddable":true,"href":"https:\/\/soymat.com\/es\/wp-json\/wp\/v2\/product_cat?post=24245"},{"taxonomy":"product_tag","embeddable":true,"href":"https:\/\/soymat.com\/es\/wp-json\/wp\/v2\/product_tag?post=24245"}],"curies":[{"name":"wp","href":"https:\/\/api.w.org\/{rel}","templated":true}]}}