{"id":24252,"date":"2025-11-26T18:29:47","date_gmt":"2025-11-26T21:29:47","guid":{"rendered":"https:\/\/soymat.com\/?post_type=product&#038;p=24252"},"modified":"2026-03-04T22:08:35","modified_gmt":"2026-03-05T01:08:35","slug":"grupo-generador-inverter-10000w-19-hp-niwa","status":"publish","type":"product","link":"https:\/\/soymat.com\/es\/producto\/grupo-generador-inverter-10000w-19-hp-niwa\/","title":{"rendered":"Grupo Generador Inverter 10000W 19 HP NIWA"},"content":{"rendered":"<p><strong>Grupo Generador Inverter 10000W 19 HP NIWA<\/strong><br \/>\nCod.: 1025799<\/p>\n<p>El generador port\u00e1til GNW-11000-iS es la soluci\u00f3n ideal para tus necesidades de energ\u00eda en cualquier lugar. Este generador inverter ofrece un rendimiento confiable y eficiente, proporcionando una corriente estable y limpia, ideal para dispositivos electr\u00f3nicos sensibles.<br \/>\nCon una capacidad de potencia superior, es perfecto para aplicaciones que requieren una gran cantidad de energ\u00eda. Su dise\u00f1o inverter ajusta la velocidad del motor seg\u00fan la demanda, reduciendo el consumo de combustible y las emisiones.<\/p>\n<p>Adem\u00e1s, cuenta con un motor potente y un sistema de arranque dual, permitiendo tanto el arranque manual como el el\u00e9ctrico, para mayor comodidad. Es ideal para camping, actividades al aire libre, emergencias dom\u00e9sticas, proyectos de bricolaje y eventos.<br \/>\nCon una capacidad de combustible generosa y un peso manejable, garantiza largas horas de operaci\u00f3n sin interrupciones y es f\u00e1cil de transportar. El GNW-11000-iS combina portabilidad y potencia, siendo una opci\u00f3n vers\u00e1til y eficiente para diversas aplicaciones.<br \/>\n\u00a1No te quedes sin energ\u00eda cuando m\u00e1s la necesitas!<\/p>\n<p>Especificaciones t\u00e9cnicas<\/p>\n<p>Modelo de motor MNWG-190i<br \/>\nCapacidad de aceite del motor 1,2 Lts.<br \/>\nCilindrada 520 c.c.<br \/>\nPeso (Kg) 69 Kg<br \/>\nTomas (CC) 1x 12V<br \/>\nTomas (CA) 2 x 20A c\/tapa<br \/>\nTensi\u00f3n (CA) 220 V<br \/>\nSalida M\u00e1x CA 11 Kw<br \/>\nSalida Nominal CA 10 Kw<br \/>\nPotencia m\u00e1xima de motor (HP) 19 HP<br \/>\nSistema de arranque El\u00e9ctrico\/Retr\u00e1ctil<br \/>\nCapacidad de tanque de combustible (L) 35 L<br \/>\nFrecuencia (CA) 50 Hz<br \/>\nOrigen RPC<\/p>","protected":false},"excerpt":{"rendered":"<p>Grupo Generador Inverter 10000W 19 HP NIWA Cod.: 1025799 El generador port\u00e1til GNW-11000-iS es la soluci\u00f3n ideal para tus necesidades de energ\u00eda en cualquier lugar. Este generador inverter ofrece un rendimiento confiable y eficiente, proporcionando una corriente estable y limpia, ideal para dispositivos electr\u00f3nicos sensibles. Con una capacidad de potencia superior, es perfecto para aplicaciones [&hellip;]<\/p>\n","protected":false},"featured_media":24255,"template":"","meta":[],"product_cat":[337,191,425],"product_tag":[952,700,587,951,699,953,875],"class_list":{"0":"post-24252","1":"product","2":"type-product","3":"status-publish","4":"has-post-thumbnail","6":"product_brand-niwa-motoelementos-bosque-jardin","7":"product_cat-productos-destacados-con-descuentos","8":"product_cat-maquinas-y-herramientas","9":"product_cat-super-destacado","10":"product_tag-chaco","11":"product_tag-corte-de-luz","12":"product_tag-energia","13":"product_tag-generador-inverter","14":"product_tag-grupo-electrogeno","15":"product_tag-niwa","16":"product_tag-verano","18":"first","19":"outofstock","20":"taxable","21":"shipping-taxable","22":"purchasable","23":"product-type-simple","24":"add-to-wishlist-after_add_to_cart"},"yoast_head":"<!-- This site is optimized with the Yoast SEO Premium plugin v26.9 (Yoast SEO v26.9) - https:\/\/yoast.com\/product\/yoast-seo-premium-wordpress\/ -->\n<title>Grupo Generador Inverter 10000W 19 HP NIWA - SoyMat \u2013 Seguridad Industrial<\/title>\n<meta name=\"robots\" content=\"index, follow, max-snippet:-1, max-image-preview:large, max-video-preview:-1\" \/>\n<link rel=\"canonical\" href=\"https:\/\/soymat.com\/es\/producto\/grupo-generador-inverter-10000w-19-hp-niwa\/\" \/>\n<meta property=\"og:locale\" content=\"es_ES\" \/>\n<meta property=\"og:type\" content=\"article\" \/>\n<meta property=\"og:title\" content=\"Grupo Generador Inverter 10000W 19 HP NIWA\" \/>\n<meta property=\"og:description\" content=\"Grupo Generador Inverter 10000W 19 HP NIWA Cod.: 1025799 El generador port\u00e1til GNW-11000-iS es la soluci\u00f3n ideal para tus necesidades de energ\u00eda en cualquier lugar. Este generador inverter ofrece un rendimiento confiable y eficiente, proporcionando una corriente estable y limpia, ideal para dispositivos electr\u00f3nicos sensibles. Con una capacidad de potencia superior, es perfecto para aplicaciones [&hellip;]\" \/>\n<meta property=\"og:url\" content=\"https:\/\/soymat.com\/es\/producto\/grupo-generador-inverter-10000w-19-hp-niwa\/\" \/>\n<meta property=\"og:site_name\" content=\"SoyMat \u2013 Seguridad Industrial\" \/>\n<meta property=\"article:modified_time\" content=\"2026-03-05T01:08:35+00:00\" \/>\n<meta property=\"og:image\" content=\"https:\/\/soymat.com\/wp-content\/uploads\/2025\/11\/1025799-GRUPO-GENERADOR-NIWA.jpg\" \/>\n\t<meta property=\"og:image:width\" content=\"1100\" \/>\n\t<meta property=\"og:image:height\" content=\"1100\" \/>\n\t<meta property=\"og:image:type\" content=\"image\/jpeg\" \/>\n<meta name=\"twitter:card\" content=\"summary_large_image\" \/>\n<meta name=\"twitter:label1\" content=\"Tiempo de lectura\" \/>\n\t<meta name=\"twitter:data1\" content=\"2 minutos\" \/>\n<script type=\"application\/ld+json\" class=\"yoast-schema-graph\">{\"@context\":\"https:\/\/schema.org\",\"@graph\":[{\"@type\":\"WebPage\",\"@id\":\"https:\/\/soymat.com\/producto\/grupo-generador-inverter-10000w-19-hp-niwa\/\",\"url\":\"https:\/\/soymat.com\/producto\/grupo-generador-inverter-10000w-19-hp-niwa\/\",\"name\":\"Grupo Generador Inverter 10000W 19 HP NIWA - SoyMat \u2013 Seguridad Industrial\",\"isPartOf\":{\"@id\":\"https:\/\/soymat.com\/#website\"},\"primaryImageOfPage\":{\"@id\":\"https:\/\/soymat.com\/producto\/grupo-generador-inverter-10000w-19-hp-niwa\/#primaryimage\"},\"image\":{\"@id\":\"https:\/\/soymat.com\/producto\/grupo-generador-inverter-10000w-19-hp-niwa\/#primaryimage\"},\"thumbnailUrl\":\"https:\/\/soymat.com\/wp-content\/uploads\/2025\/11\/1025799-GRUPO-GENERADOR-NIWA.jpg\",\"datePublished\":\"2025-11-26T21:29:47+00:00\",\"dateModified\":\"2026-03-05T01:08:35+00:00\",\"breadcrumb\":{\"@id\":\"https:\/\/soymat.com\/producto\/grupo-generador-inverter-10000w-19-hp-niwa\/#breadcrumb\"},\"inLanguage\":\"es-AR\",\"potentialAction\":[{\"@type\":\"ReadAction\",\"target\":[\"https:\/\/soymat.com\/producto\/grupo-generador-inverter-10000w-19-hp-niwa\/\"]}]},{\"@type\":\"ImageObject\",\"inLanguage\":\"es-AR\",\"@id\":\"https:\/\/soymat.com\/producto\/grupo-generador-inverter-10000w-19-hp-niwa\/#primaryimage\",\"url\":\"https:\/\/soymat.com\/wp-content\/uploads\/2025\/11\/1025799-GRUPO-GENERADOR-NIWA.jpg\",\"contentUrl\":\"https:\/\/soymat.com\/wp-content\/uploads\/2025\/11\/1025799-GRUPO-GENERADOR-NIWA.jpg\",\"width\":1100,\"height\":1100},{\"@type\":\"BreadcrumbList\",\"@id\":\"https:\/\/soymat.com\/producto\/grupo-generador-inverter-10000w-19-hp-niwa\/#breadcrumb\",\"itemListElement\":[{\"@type\":\"ListItem\",\"position\":1,\"name\":\"Portada\",\"item\":\"https:\/\/soymat.com\/\"},{\"@type\":\"ListItem\",\"position\":2,\"name\":\"Todos los Productos\",\"item\":\"https:\/\/soymat.com\/shop\/\"},{\"@type\":\"ListItem\",\"position\":3,\"name\":\"Grupo Generador Inverter 10000W 19 HP NIWA\"}]},{\"@type\":\"WebSite\",\"@id\":\"https:\/\/soymat.com\/#website\",\"url\":\"https:\/\/soymat.com\/\",\"name\":\"So&Mat\",\"description\":\"Empresa Dedicada a la protecci\u00f3n global contra incendio . matafuegos redes bombas,venta instalaci\u00f3n y service, protecci\u00f3n y confort laboral en todo concepto.\",\"publisher\":{\"@id\":\"https:\/\/soymat.com\/#organization\"},\"alternateName\":\"So&Mat\",\"potentialAction\":[{\"@type\":\"SearchAction\",\"target\":{\"@type\":\"EntryPoint\",\"urlTemplate\":\"https:\/\/soymat.com\/?s={search_term_string}\"},\"query-input\":{\"@type\":\"PropertyValueSpecification\",\"valueRequired\":true,\"valueName\":\"search_term_string\"}}],\"inLanguage\":\"es-AR\"},{\"@type\":\"Organization\",\"@id\":\"https:\/\/soymat.com\/#organization\",\"name\":\"So&Mat\",\"url\":\"https:\/\/soymat.com\/\",\"logo\":{\"@type\":\"ImageObject\",\"inLanguage\":\"es-AR\",\"@id\":\"https:\/\/soymat.com\/#\/schema\/logo\/image\/\",\"url\":\"https:\/\/soymat.com\/wp-content\/uploads\/2024\/08\/SoyMat.jpg\",\"contentUrl\":\"https:\/\/soymat.com\/wp-content\/uploads\/2024\/08\/SoyMat.jpg\",\"width\":600,\"height\":236,\"caption\":\"So&Mat\"},\"image\":{\"@id\":\"https:\/\/soymat.com\/#\/schema\/logo\/image\/\"}}]}<\/script>\n<!-- \/ Yoast SEO Premium plugin. -->","yoast_head_json":{"title":"Grupo Generador Inverter 10000W 19 HP NIWA - SoyMat \u2013 Seguridad Industrial","robots":{"index":"index","follow":"follow","max-snippet":"max-snippet:-1","max-image-preview":"max-image-preview:large","max-video-preview":"max-video-preview:-1"},"canonical":"https:\/\/soymat.com\/es\/producto\/grupo-generador-inverter-10000w-19-hp-niwa\/","og_locale":"es_ES","og_type":"article","og_title":"Grupo Generador Inverter 10000W 19 HP NIWA","og_description":"Grupo Generador Inverter 10000W 19 HP NIWA Cod.: 1025799 El generador port\u00e1til GNW-11000-iS es la soluci\u00f3n ideal para tus necesidades de energ\u00eda en cualquier lugar. Este generador inverter ofrece un rendimiento confiable y eficiente, proporcionando una corriente estable y limpia, ideal para dispositivos electr\u00f3nicos sensibles. Con una capacidad de potencia superior, es perfecto para aplicaciones [&hellip;]","og_url":"https:\/\/soymat.com\/es\/producto\/grupo-generador-inverter-10000w-19-hp-niwa\/","og_site_name":"SoyMat \u2013 Seguridad Industrial","article_modified_time":"2026-03-05T01:08:35+00:00","og_image":[{"width":1100,"height":1100,"url":"https:\/\/soymat.com\/wp-content\/uploads\/2025\/11\/1025799-GRUPO-GENERADOR-NIWA.jpg","type":"image\/jpeg"}],"twitter_card":"summary_large_image","twitter_misc":{"Tiempo de lectura":"2 minutos"},"schema":{"@context":"https:\/\/schema.org","@graph":[{"@type":"WebPage","@id":"https:\/\/soymat.com\/producto\/grupo-generador-inverter-10000w-19-hp-niwa\/","url":"https:\/\/soymat.com\/producto\/grupo-generador-inverter-10000w-19-hp-niwa\/","name":"Grupo Generador Inverter 10000W 19 HP NIWA - SoyMat \u2013 Seguridad Industrial","isPartOf":{"@id":"https:\/\/soymat.com\/#website"},"primaryImageOfPage":{"@id":"https:\/\/soymat.com\/producto\/grupo-generador-inverter-10000w-19-hp-niwa\/#primaryimage"},"image":{"@id":"https:\/\/soymat.com\/producto\/grupo-generador-inverter-10000w-19-hp-niwa\/#primaryimage"},"thumbnailUrl":"https:\/\/soymat.com\/wp-content\/uploads\/2025\/11\/1025799-GRUPO-GENERADOR-NIWA.jpg","datePublished":"2025-11-26T21:29:47+00:00","dateModified":"2026-03-05T01:08:35+00:00","breadcrumb":{"@id":"https:\/\/soymat.com\/producto\/grupo-generador-inverter-10000w-19-hp-niwa\/#breadcrumb"},"inLanguage":"es-AR","potentialAction":[{"@type":"ReadAction","target":["https:\/\/soymat.com\/producto\/grupo-generador-inverter-10000w-19-hp-niwa\/"]}]},{"@type":"ImageObject","inLanguage":"es-AR","@id":"https:\/\/soymat.com\/producto\/grupo-generador-inverter-10000w-19-hp-niwa\/#primaryimage","url":"https:\/\/soymat.com\/wp-content\/uploads\/2025\/11\/1025799-GRUPO-GENERADOR-NIWA.jpg","contentUrl":"https:\/\/soymat.com\/wp-content\/uploads\/2025\/11\/1025799-GRUPO-GENERADOR-NIWA.jpg","width":1100,"height":1100},{"@type":"BreadcrumbList","@id":"https:\/\/soymat.com\/producto\/grupo-generador-inverter-10000w-19-hp-niwa\/#breadcrumb","itemListElement":[{"@type":"ListItem","position":1,"name":"Portada","item":"https:\/\/soymat.com\/"},{"@type":"ListItem","position":2,"name":"Todos los Productos","item":"https:\/\/soymat.com\/shop\/"},{"@type":"ListItem","position":3,"name":"Grupo Generador Inverter 10000W 19 HP NIWA"}]},{"@type":"WebSite","@id":"https:\/\/soymat.com\/#website","url":"https:\/\/soymat.com\/","name":"So&Mat","description":"Empresa Dedicada a la protecci\u00f3n global contra incendio . matafuegos redes bombas,venta instalaci\u00f3n y service, protecci\u00f3n y confort laboral en todo concepto.","publisher":{"@id":"https:\/\/soymat.com\/#organization"},"alternateName":"So&Mat","potentialAction":[{"@type":"SearchAction","target":{"@type":"EntryPoint","urlTemplate":"https:\/\/soymat.com\/?s={search_term_string}"},"query-input":{"@type":"PropertyValueSpecification","valueRequired":true,"valueName":"search_term_string"}}],"inLanguage":"es-AR"},{"@type":"Organization","@id":"https:\/\/soymat.com\/#organization","name":"So&Mat","url":"https:\/\/soymat.com\/","logo":{"@type":"ImageObject","inLanguage":"es-AR","@id":"https:\/\/soymat.com\/#\/schema\/logo\/image\/","url":"https:\/\/soymat.com\/wp-content\/uploads\/2024\/08\/SoyMat.jpg","contentUrl":"https:\/\/soymat.com\/wp-content\/uploads\/2024\/08\/SoyMat.jpg","width":600,"height":236,"caption":"So&Mat"},"image":{"@id":"https:\/\/soymat.com\/#\/schema\/logo\/image\/"}}]}},"_links":{"self":[{"href":"https:\/\/soymat.com\/es\/wp-json\/wp\/v2\/product\/24252","targetHints":{"allow":["GET"]}}],"collection":[{"href":"https:\/\/soymat.com\/es\/wp-json\/wp\/v2\/product"}],"about":[{"href":"https:\/\/soymat.com\/es\/wp-json\/wp\/v2\/types\/product"}],"wp:featuredmedia":[{"embeddable":true,"href":"https:\/\/soymat.com\/es\/wp-json\/wp\/v2\/media\/24255"}],"wp:attachment":[{"href":"https:\/\/soymat.com\/es\/wp-json\/wp\/v2\/media?parent=24252"}],"wp:term":[{"taxonomy":"product_cat","embeddable":true,"href":"https:\/\/soymat.com\/es\/wp-json\/wp\/v2\/product_cat?post=24252"},{"taxonomy":"product_tag","embeddable":true,"href":"https:\/\/soymat.com\/es\/wp-json\/wp\/v2\/product_tag?post=24252"}],"curies":[{"name":"wp","href":"https:\/\/api.w.org\/{rel}","templated":true}]}}