{"id":24256,"date":"2025-11-26T18:33:44","date_gmt":"2025-11-26T21:33:44","guid":{"rendered":"https:\/\/soymat.com\/?post_type=product&#038;p=24256"},"modified":"2025-12-26T22:05:34","modified_gmt":"2025-12-27T01:05:34","slug":"gabinete-metalico-con-kit-de-herramientas-80-piezas-lusqtoff","status":"publish","type":"product","link":"https:\/\/soymat.com\/es\/producto\/gabinete-metalico-con-kit-de-herramientas-80-piezas-lusqtoff\/","title":{"rendered":"Gabinete Met\u00e1lico con Kit de Herramientas -80 piezas- Lusqtoff"},"content":{"rendered":"<p><strong>Gabinete Met\u00e1lico con Kit de Herramientas -80 piezas- Lusqtoff<\/strong><br \/>\nCod.: LQCM132<\/p>\n<p>Ficha t\u00e9cnica<\/p>\n<p>\u2022 Material: acero<br \/>\n\u2022 Transporte: manual<br \/>\n\u2022 Cantidad de compartimentos: 3<br \/>\n\u2022 Cantidad de piezas: 80<br \/>\n\u2022 Peso: 12,6 kgs.<\/p>\n<p>INCLUYE:<\/p>\n<p>&#8211; 14 llaves combinadas de 6 a 19 mm<br \/>\n&#8211; 12 tubos de 1 \/4&#8243; 4 4.5 5 5.5 6 7 8 9 10 11 12 13 mm<br \/>\n&#8211; 13 tubos de 1\/2&#8243; 14 15 16 17 18 19 20 21 22 24 27 30 32 mm<br \/>\n&#8211; 2 saca buj\u00eda 1\/2&#8243; x 21 y 1\/2&#8243; x 16<br \/>\n&#8211; 2 barras de extensi\u00f3n de 1\/4&#8243; x 3 y 1\/2 x 10 \u00bb<br \/>\n&#8211; 2 juntas universales de 1\/4&#8243; y 1\/2&#8243;<br \/>\n&#8211; 1 juego de llaves allen 9 piezas 1.5 2 2.5 3 4 5 6 8 10 mm<br \/>\n&#8211; 1 alicate 6&#8243;<br \/>\n&#8211; 1 pinza universal 8&#8243;<br \/>\n&#8211; 1 pinza de punta 8&#8243;<br \/>\n&#8211; 1 destornillador de puntas m\u00faltiples<br \/>\n&#8211; 20 puntas planas \/ cruz \/estrella<br \/>\n&#8211; 2 destornillador SL 3 x 75 y ISL 5x 100<br \/>\n&#8211; 2 destornillador PH 0 x 75 y PH 1 x 100<br \/>\n&#8211; 1 destornillador acople de 1\/2 y 20 puntas de destornillador<br \/>\n&#8211; 2 llaves criquet con expulsor de tubos 1\/4 y 1\/2<\/p>","protected":false},"excerpt":{"rendered":"<p>Gabinete Met\u00e1lico con Kit de Herramientas -80 piezas- Lusqtoff Cod.: LQCM132 Ficha t\u00e9cnica \u2022 Material: acero \u2022 Transporte: manual \u2022 Cantidad de compartimentos: 3 \u2022 Cantidad de piezas: 80 \u2022 Peso: 12,6 kgs. INCLUYE: &#8211; 14 llaves combinadas de 6 a 19 mm &#8211; 12 tubos de 1 \/4&#8243; 4 4.5 5 5.5 6 7 [&hellip;]<\/p>\n","protected":false},"featured_media":24258,"template":"","meta":[],"product_cat":[337,191],"product_tag":[383,954,209,955,482],"class_list":{"0":"post-24256","1":"product","2":"type-product","3":"status-publish","4":"has-post-thumbnail","6":"product_brand-lusqtoff-maquinas-y-herramientas-electricas-manuales","7":"product_cat-productos-destacados-con-descuentos","8":"product_cat-maquinas-y-herramientas","9":"product_tag-caja-herramientas","10":"product_tag-gabinete-organizador-herramientas","11":"product_tag-herramientas","12":"product_tag-kit-herramientas","13":"product_tag-lusqtoff","15":"first","16":"outofstock","17":"taxable","18":"shipping-taxable","19":"purchasable","20":"product-type-simple","21":"add-to-wishlist-after_add_to_cart"},"yoast_head":"<!-- This site is optimized with the Yoast SEO Premium plugin v26.9 (Yoast SEO v26.9) - https:\/\/yoast.com\/product\/yoast-seo-premium-wordpress\/ -->\n<title>Gabinete Met\u00e1lico con Kit de Herramientas -80 piezas- Lusqtoff - SoyMat \u2013 Seguridad Industrial<\/title>\n<meta name=\"robots\" content=\"index, follow, max-snippet:-1, max-image-preview:large, max-video-preview:-1\" \/>\n<link rel=\"canonical\" href=\"https:\/\/soymat.com\/es\/producto\/gabinete-metalico-con-kit-de-herramientas-80-piezas-lusqtoff\/\" \/>\n<meta property=\"og:locale\" content=\"es_ES\" \/>\n<meta property=\"og:type\" content=\"article\" \/>\n<meta property=\"og:title\" content=\"Gabinete Met\u00e1lico con Kit de Herramientas -80 piezas- Lusqtoff\" \/>\n<meta property=\"og:description\" content=\"Gabinete Met\u00e1lico con Kit de Herramientas -80 piezas- Lusqtoff Cod.: LQCM132 Ficha t\u00e9cnica \u2022 Material: acero \u2022 Transporte: manual \u2022 Cantidad de compartimentos: 3 \u2022 Cantidad de piezas: 80 \u2022 Peso: 12,6 kgs. INCLUYE: &#8211; 14 llaves combinadas de 6 a 19 mm &#8211; 12 tubos de 1 \/4&#8243; 4 4.5 5 5.5 6 7 [&hellip;]\" \/>\n<meta property=\"og:url\" content=\"https:\/\/soymat.com\/es\/producto\/gabinete-metalico-con-kit-de-herramientas-80-piezas-lusqtoff\/\" \/>\n<meta property=\"og:site_name\" content=\"SoyMat \u2013 Seguridad Industrial\" \/>\n<meta property=\"article:modified_time\" content=\"2025-12-27T01:05:34+00:00\" \/>\n<meta property=\"og:image\" content=\"https:\/\/soymat.com\/wp-content\/uploads\/2025\/11\/LQCM132_-1.jpg\" \/>\n\t<meta property=\"og:image:width\" content=\"1080\" \/>\n\t<meta property=\"og:image:height\" content=\"1080\" \/>\n\t<meta property=\"og:image:type\" content=\"image\/jpeg\" \/>\n<meta name=\"twitter:card\" content=\"summary_large_image\" \/>\n<meta name=\"twitter:label1\" content=\"Tiempo de lectura\" \/>\n\t<meta name=\"twitter:data1\" content=\"2 minutos\" \/>\n<script type=\"application\/ld+json\" class=\"yoast-schema-graph\">{\"@context\":\"https:\/\/schema.org\",\"@graph\":[{\"@type\":\"WebPage\",\"@id\":\"https:\/\/soymat.com\/producto\/gabinete-metalico-con-kit-de-herramientas-80-piezas-lusqtoff\/\",\"url\":\"https:\/\/soymat.com\/producto\/gabinete-metalico-con-kit-de-herramientas-80-piezas-lusqtoff\/\",\"name\":\"Gabinete Met\u00e1lico con Kit de Herramientas -80 piezas- Lusqtoff - SoyMat \u2013 Seguridad Industrial\",\"isPartOf\":{\"@id\":\"https:\/\/soymat.com\/#website\"},\"primaryImageOfPage\":{\"@id\":\"https:\/\/soymat.com\/producto\/gabinete-metalico-con-kit-de-herramientas-80-piezas-lusqtoff\/#primaryimage\"},\"image\":{\"@id\":\"https:\/\/soymat.com\/producto\/gabinete-metalico-con-kit-de-herramientas-80-piezas-lusqtoff\/#primaryimage\"},\"thumbnailUrl\":\"https:\/\/soymat.com\/wp-content\/uploads\/2025\/11\/LQCM132_-1.jpg\",\"datePublished\":\"2025-11-26T21:33:44+00:00\",\"dateModified\":\"2025-12-27T01:05:34+00:00\",\"breadcrumb\":{\"@id\":\"https:\/\/soymat.com\/producto\/gabinete-metalico-con-kit-de-herramientas-80-piezas-lusqtoff\/#breadcrumb\"},\"inLanguage\":\"es-AR\",\"potentialAction\":[{\"@type\":\"ReadAction\",\"target\":[\"https:\/\/soymat.com\/producto\/gabinete-metalico-con-kit-de-herramientas-80-piezas-lusqtoff\/\"]}]},{\"@type\":\"ImageObject\",\"inLanguage\":\"es-AR\",\"@id\":\"https:\/\/soymat.com\/producto\/gabinete-metalico-con-kit-de-herramientas-80-piezas-lusqtoff\/#primaryimage\",\"url\":\"https:\/\/soymat.com\/wp-content\/uploads\/2025\/11\/LQCM132_-1.jpg\",\"contentUrl\":\"https:\/\/soymat.com\/wp-content\/uploads\/2025\/11\/LQCM132_-1.jpg\",\"width\":1080,\"height\":1080},{\"@type\":\"BreadcrumbList\",\"@id\":\"https:\/\/soymat.com\/producto\/gabinete-metalico-con-kit-de-herramientas-80-piezas-lusqtoff\/#breadcrumb\",\"itemListElement\":[{\"@type\":\"ListItem\",\"position\":1,\"name\":\"Portada\",\"item\":\"https:\/\/soymat.com\/\"},{\"@type\":\"ListItem\",\"position\":2,\"name\":\"Todos los Productos\",\"item\":\"https:\/\/soymat.com\/shop\/\"},{\"@type\":\"ListItem\",\"position\":3,\"name\":\"Gabinete Met\u00e1lico con Kit de Herramientas -80 piezas- Lusqtoff\"}]},{\"@type\":\"WebSite\",\"@id\":\"https:\/\/soymat.com\/#website\",\"url\":\"https:\/\/soymat.com\/\",\"name\":\"So&Mat\",\"description\":\"Empresa Dedicada a la protecci\u00f3n global contra incendio . matafuegos redes bombas,venta instalaci\u00f3n y service, protecci\u00f3n y confort laboral en todo concepto.\",\"publisher\":{\"@id\":\"https:\/\/soymat.com\/#organization\"},\"alternateName\":\"So&Mat\",\"potentialAction\":[{\"@type\":\"SearchAction\",\"target\":{\"@type\":\"EntryPoint\",\"urlTemplate\":\"https:\/\/soymat.com\/?s={search_term_string}\"},\"query-input\":{\"@type\":\"PropertyValueSpecification\",\"valueRequired\":true,\"valueName\":\"search_term_string\"}}],\"inLanguage\":\"es-AR\"},{\"@type\":\"Organization\",\"@id\":\"https:\/\/soymat.com\/#organization\",\"name\":\"So&Mat\",\"url\":\"https:\/\/soymat.com\/\",\"logo\":{\"@type\":\"ImageObject\",\"inLanguage\":\"es-AR\",\"@id\":\"https:\/\/soymat.com\/#\/schema\/logo\/image\/\",\"url\":\"https:\/\/soymat.com\/wp-content\/uploads\/2024\/08\/SoyMat.jpg\",\"contentUrl\":\"https:\/\/soymat.com\/wp-content\/uploads\/2024\/08\/SoyMat.jpg\",\"width\":600,\"height\":236,\"caption\":\"So&Mat\"},\"image\":{\"@id\":\"https:\/\/soymat.com\/#\/schema\/logo\/image\/\"}}]}<\/script>\n<!-- \/ Yoast SEO Premium plugin. -->","yoast_head_json":{"title":"Gabinete Met\u00e1lico con Kit de Herramientas -80 piezas- Lusqtoff - SoyMat \u2013 Seguridad Industrial","robots":{"index":"index","follow":"follow","max-snippet":"max-snippet:-1","max-image-preview":"max-image-preview:large","max-video-preview":"max-video-preview:-1"},"canonical":"https:\/\/soymat.com\/es\/producto\/gabinete-metalico-con-kit-de-herramientas-80-piezas-lusqtoff\/","og_locale":"es_ES","og_type":"article","og_title":"Gabinete Met\u00e1lico con Kit de Herramientas -80 piezas- Lusqtoff","og_description":"Gabinete Met\u00e1lico con Kit de Herramientas -80 piezas- Lusqtoff Cod.: LQCM132 Ficha t\u00e9cnica \u2022 Material: acero \u2022 Transporte: manual \u2022 Cantidad de compartimentos: 3 \u2022 Cantidad de piezas: 80 \u2022 Peso: 12,6 kgs. INCLUYE: &#8211; 14 llaves combinadas de 6 a 19 mm &#8211; 12 tubos de 1 \/4&#8243; 4 4.5 5 5.5 6 7 [&hellip;]","og_url":"https:\/\/soymat.com\/es\/producto\/gabinete-metalico-con-kit-de-herramientas-80-piezas-lusqtoff\/","og_site_name":"SoyMat \u2013 Seguridad Industrial","article_modified_time":"2025-12-27T01:05:34+00:00","og_image":[{"width":1080,"height":1080,"url":"https:\/\/soymat.com\/wp-content\/uploads\/2025\/11\/LQCM132_-1.jpg","type":"image\/jpeg"}],"twitter_card":"summary_large_image","twitter_misc":{"Tiempo de lectura":"2 minutos"},"schema":{"@context":"https:\/\/schema.org","@graph":[{"@type":"WebPage","@id":"https:\/\/soymat.com\/producto\/gabinete-metalico-con-kit-de-herramientas-80-piezas-lusqtoff\/","url":"https:\/\/soymat.com\/producto\/gabinete-metalico-con-kit-de-herramientas-80-piezas-lusqtoff\/","name":"Gabinete Met\u00e1lico con Kit de Herramientas -80 piezas- Lusqtoff - SoyMat \u2013 Seguridad Industrial","isPartOf":{"@id":"https:\/\/soymat.com\/#website"},"primaryImageOfPage":{"@id":"https:\/\/soymat.com\/producto\/gabinete-metalico-con-kit-de-herramientas-80-piezas-lusqtoff\/#primaryimage"},"image":{"@id":"https:\/\/soymat.com\/producto\/gabinete-metalico-con-kit-de-herramientas-80-piezas-lusqtoff\/#primaryimage"},"thumbnailUrl":"https:\/\/soymat.com\/wp-content\/uploads\/2025\/11\/LQCM132_-1.jpg","datePublished":"2025-11-26T21:33:44+00:00","dateModified":"2025-12-27T01:05:34+00:00","breadcrumb":{"@id":"https:\/\/soymat.com\/producto\/gabinete-metalico-con-kit-de-herramientas-80-piezas-lusqtoff\/#breadcrumb"},"inLanguage":"es-AR","potentialAction":[{"@type":"ReadAction","target":["https:\/\/soymat.com\/producto\/gabinete-metalico-con-kit-de-herramientas-80-piezas-lusqtoff\/"]}]},{"@type":"ImageObject","inLanguage":"es-AR","@id":"https:\/\/soymat.com\/producto\/gabinete-metalico-con-kit-de-herramientas-80-piezas-lusqtoff\/#primaryimage","url":"https:\/\/soymat.com\/wp-content\/uploads\/2025\/11\/LQCM132_-1.jpg","contentUrl":"https:\/\/soymat.com\/wp-content\/uploads\/2025\/11\/LQCM132_-1.jpg","width":1080,"height":1080},{"@type":"BreadcrumbList","@id":"https:\/\/soymat.com\/producto\/gabinete-metalico-con-kit-de-herramientas-80-piezas-lusqtoff\/#breadcrumb","itemListElement":[{"@type":"ListItem","position":1,"name":"Portada","item":"https:\/\/soymat.com\/"},{"@type":"ListItem","position":2,"name":"Todos los Productos","item":"https:\/\/soymat.com\/shop\/"},{"@type":"ListItem","position":3,"name":"Gabinete Met\u00e1lico con Kit de Herramientas -80 piezas- Lusqtoff"}]},{"@type":"WebSite","@id":"https:\/\/soymat.com\/#website","url":"https:\/\/soymat.com\/","name":"So&Mat","description":"Empresa Dedicada a la protecci\u00f3n global contra incendio . matafuegos redes bombas,venta instalaci\u00f3n y service, protecci\u00f3n y confort laboral en todo concepto.","publisher":{"@id":"https:\/\/soymat.com\/#organization"},"alternateName":"So&Mat","potentialAction":[{"@type":"SearchAction","target":{"@type":"EntryPoint","urlTemplate":"https:\/\/soymat.com\/?s={search_term_string}"},"query-input":{"@type":"PropertyValueSpecification","valueRequired":true,"valueName":"search_term_string"}}],"inLanguage":"es-AR"},{"@type":"Organization","@id":"https:\/\/soymat.com\/#organization","name":"So&Mat","url":"https:\/\/soymat.com\/","logo":{"@type":"ImageObject","inLanguage":"es-AR","@id":"https:\/\/soymat.com\/#\/schema\/logo\/image\/","url":"https:\/\/soymat.com\/wp-content\/uploads\/2024\/08\/SoyMat.jpg","contentUrl":"https:\/\/soymat.com\/wp-content\/uploads\/2024\/08\/SoyMat.jpg","width":600,"height":236,"caption":"So&Mat"},"image":{"@id":"https:\/\/soymat.com\/#\/schema\/logo\/image\/"}}]}},"_links":{"self":[{"href":"https:\/\/soymat.com\/es\/wp-json\/wp\/v2\/product\/24256","targetHints":{"allow":["GET"]}}],"collection":[{"href":"https:\/\/soymat.com\/es\/wp-json\/wp\/v2\/product"}],"about":[{"href":"https:\/\/soymat.com\/es\/wp-json\/wp\/v2\/types\/product"}],"wp:featuredmedia":[{"embeddable":true,"href":"https:\/\/soymat.com\/es\/wp-json\/wp\/v2\/media\/24258"}],"wp:attachment":[{"href":"https:\/\/soymat.com\/es\/wp-json\/wp\/v2\/media?parent=24256"}],"wp:term":[{"taxonomy":"product_cat","embeddable":true,"href":"https:\/\/soymat.com\/es\/wp-json\/wp\/v2\/product_cat?post=24256"},{"taxonomy":"product_tag","embeddable":true,"href":"https:\/\/soymat.com\/es\/wp-json\/wp\/v2\/product_tag?post=24256"}],"curies":[{"name":"wp","href":"https:\/\/api.w.org\/{rel}","templated":true}]}}