{"id":24264,"date":"2025-11-26T18:39:21","date_gmt":"2025-11-26T21:39:21","guid":{"rendered":"https:\/\/soymat.com\/?post_type=product&#038;p=24264"},"modified":"2026-03-25T13:06:08","modified_gmt":"2026-03-25T16:06:08","slug":"guantes-aramida-proteccion-al-calor-400oc-lusqtoff","status":"publish","type":"product","link":"https:\/\/soymat.com\/es\/producto\/guantes-aramida-proteccion-al-calor-400oc-lusqtoff\/","title":{"rendered":"Guantes Aramida Protecci\u00f3n al Calor 400\u00baC L\u00fcsqtoff"},"content":{"rendered":"<p><strong>Guantes Aramida Protecci\u00f3n al Calor 400\u00baC L\u00fcsqtoff<\/strong><br \/>\nCod.: GRCL800-10<\/p>\n<p>Caracter\u00edsticas:<br \/>\n\u2022 Composici\u00f3n de la tela:<br \/>\nPoli\u00e9ster: 59,5%.<br \/>\nFibra de aramida: 31,5% (Nomex).<br \/>\nGel de s\u00edlice: 8%.<br \/>\nEl\u00e1stico: 1%.<\/p>\n<p>Ficha T\u00e9cnica:<br \/>\n\u2022 Sin costuras.<br \/>\n\u2022 Soporta temperaturas: 800\u00b0F\/400\u00b0C.<br \/>\n\u2022 Lavable a m\u00e1quina y a mano.<br \/>\n\u2022 Fibras de aramida.<br \/>\n\u2022 Cubre hasta la mu\u00f1eca.<br \/>\n\u2022 Flexibilidad en todos los dedos.<\/p>","protected":false},"excerpt":{"rendered":"<p>Guantes Aramida Protecci\u00f3n al Calor 400\u00baC L\u00fcsqtoff Cod.: GRCL800-10 Caracter\u00edsticas: \u2022 Composici\u00f3n de la tela: Poli\u00e9ster: 59,5%. Fibra de aramida: 31,5% (Nomex). Gel de s\u00edlice: 8%. El\u00e1stico: 1%. Ficha T\u00e9cnica: \u2022 Sin costuras. \u2022 Soporta temperaturas: 800\u00b0F\/400\u00b0C. \u2022 Lavable a m\u00e1quina y a mano. \u2022 Fibras de aramida. \u2022 Cubre hasta la mu\u00f1eca. \u2022 Flexibilidad [&hellip;]<\/p>\n","protected":false},"featured_media":24266,"template":"","meta":[],"product_cat":[337,94,84],"product_tag":[959,956,957,482,958],"class_list":{"0":"post-24264","1":"product","2":"type-product","3":"status-publish","4":"has-post-thumbnail","6":"product_brand-lusqtoff-maquinas-y-herramientas-electricas-manuales","7":"product_cat-productos-destacados-con-descuentos","8":"product_cat-guantes","9":"product_cat-proteccion-personal","10":"product_tag-asador","11":"product_tag-guantes","12":"product_tag-guantes-alta-temperatura","13":"product_tag-lusqtoff","14":"product_tag-proteccion-manos","16":"first","17":"instock","18":"taxable","19":"shipping-taxable","20":"purchasable","21":"product-type-simple","22":"add-to-wishlist-after_add_to_cart"},"yoast_head":"<!-- This site is optimized with the Yoast SEO Premium plugin v26.9 (Yoast SEO v26.9) - https:\/\/yoast.com\/product\/yoast-seo-premium-wordpress\/ -->\n<title>Guantes Aramida Protecci\u00f3n al Calor 400\u00baC L\u00fcsqtoff - SoyMat \u2013 Seguridad Industrial<\/title>\n<meta name=\"robots\" content=\"index, follow, max-snippet:-1, max-image-preview:large, max-video-preview:-1\" \/>\n<link rel=\"canonical\" href=\"https:\/\/soymat.com\/es\/producto\/guantes-aramida-proteccion-al-calor-400oc-lusqtoff\/\" \/>\n<meta property=\"og:locale\" content=\"es_ES\" \/>\n<meta property=\"og:type\" content=\"article\" \/>\n<meta property=\"og:title\" content=\"Guantes Aramida Protecci\u00f3n al Calor 400\u00baC L\u00fcsqtoff\" \/>\n<meta property=\"og:description\" content=\"Guantes Aramida Protecci\u00f3n al Calor 400\u00baC L\u00fcsqtoff Cod.: GRCL800-10 Caracter\u00edsticas: \u2022 Composici\u00f3n de la tela: Poli\u00e9ster: 59,5%. Fibra de aramida: 31,5% (Nomex). Gel de s\u00edlice: 8%. El\u00e1stico: 1%. Ficha T\u00e9cnica: \u2022 Sin costuras. \u2022 Soporta temperaturas: 800\u00b0F\/400\u00b0C. \u2022 Lavable a m\u00e1quina y a mano. \u2022 Fibras de aramida. \u2022 Cubre hasta la mu\u00f1eca. \u2022 Flexibilidad [&hellip;]\" \/>\n<meta property=\"og:url\" content=\"https:\/\/soymat.com\/es\/producto\/guantes-aramida-proteccion-al-calor-400oc-lusqtoff\/\" \/>\n<meta property=\"og:site_name\" content=\"SoyMat \u2013 Seguridad Industrial\" \/>\n<meta property=\"article:modified_time\" content=\"2026-03-25T16:06:08+00:00\" \/>\n<meta property=\"og:image\" content=\"https:\/\/soymat.com\/wp-content\/uploads\/2025\/11\/GRCL800-10-GUANTES-DE-ARAMIDA-1.jpg\" \/>\n\t<meta property=\"og:image:width\" content=\"1024\" \/>\n\t<meta property=\"og:image:height\" content=\"1024\" \/>\n\t<meta property=\"og:image:type\" content=\"image\/jpeg\" \/>\n<meta name=\"twitter:card\" content=\"summary_large_image\" \/>\n<meta name=\"twitter:label1\" content=\"Tiempo de lectura\" \/>\n\t<meta name=\"twitter:data1\" content=\"1 minuto\" \/>\n<script type=\"application\/ld+json\" class=\"yoast-schema-graph\">{\"@context\":\"https:\/\/schema.org\",\"@graph\":[{\"@type\":\"WebPage\",\"@id\":\"https:\/\/soymat.com\/producto\/guantes-aramida-proteccion-al-calor-400oc-lusqtoff\/\",\"url\":\"https:\/\/soymat.com\/producto\/guantes-aramida-proteccion-al-calor-400oc-lusqtoff\/\",\"name\":\"Guantes Aramida Protecci\u00f3n al Calor 400\u00baC L\u00fcsqtoff - SoyMat \u2013 Seguridad Industrial\",\"isPartOf\":{\"@id\":\"https:\/\/soymat.com\/#website\"},\"primaryImageOfPage\":{\"@id\":\"https:\/\/soymat.com\/producto\/guantes-aramida-proteccion-al-calor-400oc-lusqtoff\/#primaryimage\"},\"image\":{\"@id\":\"https:\/\/soymat.com\/producto\/guantes-aramida-proteccion-al-calor-400oc-lusqtoff\/#primaryimage\"},\"thumbnailUrl\":\"https:\/\/soymat.com\/wp-content\/uploads\/2025\/11\/GRCL800-10-GUANTES-DE-ARAMIDA-1.jpg\",\"datePublished\":\"2025-11-26T21:39:21+00:00\",\"dateModified\":\"2026-03-25T16:06:08+00:00\",\"breadcrumb\":{\"@id\":\"https:\/\/soymat.com\/producto\/guantes-aramida-proteccion-al-calor-400oc-lusqtoff\/#breadcrumb\"},\"inLanguage\":\"es-AR\",\"potentialAction\":[{\"@type\":\"ReadAction\",\"target\":[\"https:\/\/soymat.com\/producto\/guantes-aramida-proteccion-al-calor-400oc-lusqtoff\/\"]}]},{\"@type\":\"ImageObject\",\"inLanguage\":\"es-AR\",\"@id\":\"https:\/\/soymat.com\/producto\/guantes-aramida-proteccion-al-calor-400oc-lusqtoff\/#primaryimage\",\"url\":\"https:\/\/soymat.com\/wp-content\/uploads\/2025\/11\/GRCL800-10-GUANTES-DE-ARAMIDA-1.jpg\",\"contentUrl\":\"https:\/\/soymat.com\/wp-content\/uploads\/2025\/11\/GRCL800-10-GUANTES-DE-ARAMIDA-1.jpg\",\"width\":1024,\"height\":1024},{\"@type\":\"BreadcrumbList\",\"@id\":\"https:\/\/soymat.com\/producto\/guantes-aramida-proteccion-al-calor-400oc-lusqtoff\/#breadcrumb\",\"itemListElement\":[{\"@type\":\"ListItem\",\"position\":1,\"name\":\"Portada\",\"item\":\"https:\/\/soymat.com\/\"},{\"@type\":\"ListItem\",\"position\":2,\"name\":\"Todos los Productos\",\"item\":\"https:\/\/soymat.com\/shop\/\"},{\"@type\":\"ListItem\",\"position\":3,\"name\":\"Guantes Aramida Protecci\u00f3n al Calor 400\u00baC L\u00fcsqtoff\"}]},{\"@type\":\"WebSite\",\"@id\":\"https:\/\/soymat.com\/#website\",\"url\":\"https:\/\/soymat.com\/\",\"name\":\"So&Mat\",\"description\":\"Empresa Dedicada a la protecci\u00f3n global contra incendio . matafuegos redes bombas,venta instalaci\u00f3n y service, protecci\u00f3n y confort laboral en todo concepto.\",\"publisher\":{\"@id\":\"https:\/\/soymat.com\/#organization\"},\"alternateName\":\"So&Mat\",\"potentialAction\":[{\"@type\":\"SearchAction\",\"target\":{\"@type\":\"EntryPoint\",\"urlTemplate\":\"https:\/\/soymat.com\/?s={search_term_string}\"},\"query-input\":{\"@type\":\"PropertyValueSpecification\",\"valueRequired\":true,\"valueName\":\"search_term_string\"}}],\"inLanguage\":\"es-AR\"},{\"@type\":\"Organization\",\"@id\":\"https:\/\/soymat.com\/#organization\",\"name\":\"So&Mat\",\"url\":\"https:\/\/soymat.com\/\",\"logo\":{\"@type\":\"ImageObject\",\"inLanguage\":\"es-AR\",\"@id\":\"https:\/\/soymat.com\/#\/schema\/logo\/image\/\",\"url\":\"https:\/\/soymat.com\/wp-content\/uploads\/2024\/08\/SoyMat.jpg\",\"contentUrl\":\"https:\/\/soymat.com\/wp-content\/uploads\/2024\/08\/SoyMat.jpg\",\"width\":600,\"height\":236,\"caption\":\"So&Mat\"},\"image\":{\"@id\":\"https:\/\/soymat.com\/#\/schema\/logo\/image\/\"}}]}<\/script>\n<!-- \/ Yoast SEO Premium plugin. -->","yoast_head_json":{"title":"Guantes Aramida Protecci\u00f3n al Calor 400\u00baC L\u00fcsqtoff - SoyMat \u2013 Seguridad Industrial","robots":{"index":"index","follow":"follow","max-snippet":"max-snippet:-1","max-image-preview":"max-image-preview:large","max-video-preview":"max-video-preview:-1"},"canonical":"https:\/\/soymat.com\/es\/producto\/guantes-aramida-proteccion-al-calor-400oc-lusqtoff\/","og_locale":"es_ES","og_type":"article","og_title":"Guantes Aramida Protecci\u00f3n al Calor 400\u00baC L\u00fcsqtoff","og_description":"Guantes Aramida Protecci\u00f3n al Calor 400\u00baC L\u00fcsqtoff Cod.: GRCL800-10 Caracter\u00edsticas: \u2022 Composici\u00f3n de la tela: Poli\u00e9ster: 59,5%. Fibra de aramida: 31,5% (Nomex). Gel de s\u00edlice: 8%. El\u00e1stico: 1%. Ficha T\u00e9cnica: \u2022 Sin costuras. \u2022 Soporta temperaturas: 800\u00b0F\/400\u00b0C. \u2022 Lavable a m\u00e1quina y a mano. \u2022 Fibras de aramida. \u2022 Cubre hasta la mu\u00f1eca. \u2022 Flexibilidad [&hellip;]","og_url":"https:\/\/soymat.com\/es\/producto\/guantes-aramida-proteccion-al-calor-400oc-lusqtoff\/","og_site_name":"SoyMat \u2013 Seguridad Industrial","article_modified_time":"2026-03-25T16:06:08+00:00","og_image":[{"width":1024,"height":1024,"url":"https:\/\/soymat.com\/wp-content\/uploads\/2025\/11\/GRCL800-10-GUANTES-DE-ARAMIDA-1.jpg","type":"image\/jpeg"}],"twitter_card":"summary_large_image","twitter_misc":{"Tiempo de lectura":"1 minuto"},"schema":{"@context":"https:\/\/schema.org","@graph":[{"@type":"WebPage","@id":"https:\/\/soymat.com\/producto\/guantes-aramida-proteccion-al-calor-400oc-lusqtoff\/","url":"https:\/\/soymat.com\/producto\/guantes-aramida-proteccion-al-calor-400oc-lusqtoff\/","name":"Guantes Aramida Protecci\u00f3n al Calor 400\u00baC L\u00fcsqtoff - SoyMat \u2013 Seguridad Industrial","isPartOf":{"@id":"https:\/\/soymat.com\/#website"},"primaryImageOfPage":{"@id":"https:\/\/soymat.com\/producto\/guantes-aramida-proteccion-al-calor-400oc-lusqtoff\/#primaryimage"},"image":{"@id":"https:\/\/soymat.com\/producto\/guantes-aramida-proteccion-al-calor-400oc-lusqtoff\/#primaryimage"},"thumbnailUrl":"https:\/\/soymat.com\/wp-content\/uploads\/2025\/11\/GRCL800-10-GUANTES-DE-ARAMIDA-1.jpg","datePublished":"2025-11-26T21:39:21+00:00","dateModified":"2026-03-25T16:06:08+00:00","breadcrumb":{"@id":"https:\/\/soymat.com\/producto\/guantes-aramida-proteccion-al-calor-400oc-lusqtoff\/#breadcrumb"},"inLanguage":"es-AR","potentialAction":[{"@type":"ReadAction","target":["https:\/\/soymat.com\/producto\/guantes-aramida-proteccion-al-calor-400oc-lusqtoff\/"]}]},{"@type":"ImageObject","inLanguage":"es-AR","@id":"https:\/\/soymat.com\/producto\/guantes-aramida-proteccion-al-calor-400oc-lusqtoff\/#primaryimage","url":"https:\/\/soymat.com\/wp-content\/uploads\/2025\/11\/GRCL800-10-GUANTES-DE-ARAMIDA-1.jpg","contentUrl":"https:\/\/soymat.com\/wp-content\/uploads\/2025\/11\/GRCL800-10-GUANTES-DE-ARAMIDA-1.jpg","width":1024,"height":1024},{"@type":"BreadcrumbList","@id":"https:\/\/soymat.com\/producto\/guantes-aramida-proteccion-al-calor-400oc-lusqtoff\/#breadcrumb","itemListElement":[{"@type":"ListItem","position":1,"name":"Portada","item":"https:\/\/soymat.com\/"},{"@type":"ListItem","position":2,"name":"Todos los Productos","item":"https:\/\/soymat.com\/shop\/"},{"@type":"ListItem","position":3,"name":"Guantes Aramida Protecci\u00f3n al Calor 400\u00baC L\u00fcsqtoff"}]},{"@type":"WebSite","@id":"https:\/\/soymat.com\/#website","url":"https:\/\/soymat.com\/","name":"So&Mat","description":"Empresa Dedicada a la protecci\u00f3n global contra incendio . matafuegos redes bombas,venta instalaci\u00f3n y service, protecci\u00f3n y confort laboral en todo concepto.","publisher":{"@id":"https:\/\/soymat.com\/#organization"},"alternateName":"So&Mat","potentialAction":[{"@type":"SearchAction","target":{"@type":"EntryPoint","urlTemplate":"https:\/\/soymat.com\/?s={search_term_string}"},"query-input":{"@type":"PropertyValueSpecification","valueRequired":true,"valueName":"search_term_string"}}],"inLanguage":"es-AR"},{"@type":"Organization","@id":"https:\/\/soymat.com\/#organization","name":"So&Mat","url":"https:\/\/soymat.com\/","logo":{"@type":"ImageObject","inLanguage":"es-AR","@id":"https:\/\/soymat.com\/#\/schema\/logo\/image\/","url":"https:\/\/soymat.com\/wp-content\/uploads\/2024\/08\/SoyMat.jpg","contentUrl":"https:\/\/soymat.com\/wp-content\/uploads\/2024\/08\/SoyMat.jpg","width":600,"height":236,"caption":"So&Mat"},"image":{"@id":"https:\/\/soymat.com\/#\/schema\/logo\/image\/"}}]}},"_links":{"self":[{"href":"https:\/\/soymat.com\/es\/wp-json\/wp\/v2\/product\/24264","targetHints":{"allow":["GET"]}}],"collection":[{"href":"https:\/\/soymat.com\/es\/wp-json\/wp\/v2\/product"}],"about":[{"href":"https:\/\/soymat.com\/es\/wp-json\/wp\/v2\/types\/product"}],"wp:featuredmedia":[{"embeddable":true,"href":"https:\/\/soymat.com\/es\/wp-json\/wp\/v2\/media\/24266"}],"wp:attachment":[{"href":"https:\/\/soymat.com\/es\/wp-json\/wp\/v2\/media?parent=24264"}],"wp:term":[{"taxonomy":"product_cat","embeddable":true,"href":"https:\/\/soymat.com\/es\/wp-json\/wp\/v2\/product_cat?post=24264"},{"taxonomy":"product_tag","embeddable":true,"href":"https:\/\/soymat.com\/es\/wp-json\/wp\/v2\/product_tag?post=24264"}],"curies":[{"name":"wp","href":"https:\/\/api.w.org\/{rel}","templated":true}]}}