{"id":24308,"date":"2025-12-08T22:49:15","date_gmt":"2025-12-09T01:49:15","guid":{"rendered":"https:\/\/soymat.com\/?post_type=product&#038;p=24308"},"modified":"2026-04-18T13:07:52","modified_gmt":"2026-04-18T16:07:52","slug":"amoladora-angular-720w-115mm-lusqtoff","status":"publish","type":"product","link":"https:\/\/soymat.com\/es\/producto\/amoladora-angular-720w-115mm-lusqtoff\/","title":{"rendered":"Amoladora Angular 720W 115mm &#8211; Lusqtoff"},"content":{"rendered":"<p><strong>Amoladora Angular 720W 115mm &#8211; Lusqtoff<\/strong><br \/>\nCod.: L-820<\/p>\n<p>CARACTER\u00cdSTICAS T\u00c9CNICAS<\/p>\n<p>\u2022 Potencia: 720 W<br \/>\n\u2022 Tensi\u00f3n: 220 V ~ 50 Hz<br \/>\n\u2022 Velocidad: RO 11000 \/min<br \/>\n\u2022 M\u00e1x. del disco de corte: 115 mm<br \/>\n\u2022 M\u00e1x. de disco abrasivo: 115 mm<br \/>\n\u2022 Rosca: M14<\/p>\n<p>INCLUYE<\/p>\n<p>\u2022 1 mango<br \/>\n\u2022 1 llave<br \/>\n\u2022 1 guarda de seguridad<br \/>\n\u2022 1 disco abrasivo<\/p>","protected":false},"excerpt":{"rendered":"<p>Amoladora Angular 720W 115mm &#8211; Lusqtoff Cod.: L-820 CARACTER\u00cdSTICAS T\u00c9CNICAS \u2022 Potencia: 720 W \u2022 Tensi\u00f3n: 220 V ~ 50 Hz \u2022 Velocidad: RO 11000 \/min \u2022 M\u00e1x. del disco de corte: 115 mm \u2022 M\u00e1x. de disco abrasivo: 115 mm \u2022 Rosca: M14 INCLUYE \u2022 1 mango \u2022 1 llave \u2022 1 guarda de [&hellip;]<\/p>\n","protected":false},"featured_media":24310,"template":"","meta":[],"product_cat":[191],"product_tag":[210,454,557,453,457],"class_list":{"0":"post-24308","1":"product","2":"type-product","3":"status-publish","4":"has-post-thumbnail","6":"product_brand-lusqtoff-maquinas-y-herramientas-electricas-manuales","7":"product_cat-maquinas-y-herramientas","8":"product_tag-amoladora","9":"product_tag-amoladora-angular","10":"product_tag-empresa-constructora","11":"product_tag-herramientas-electricas","12":"product_tag-herrero","14":"first","15":"instock","16":"taxable","17":"shipping-taxable","18":"purchasable","19":"product-type-simple","20":"add-to-wishlist-after_add_to_cart"},"yoast_head":"<!-- This site is optimized with the Yoast SEO Premium plugin v26.9 (Yoast SEO v26.9) - https:\/\/yoast.com\/product\/yoast-seo-premium-wordpress\/ -->\n<title>Amoladora Angular 720W 115mm - Lusqtoff - SoyMat \u2013 Seguridad Industrial<\/title>\n<meta name=\"robots\" content=\"index, follow, max-snippet:-1, max-image-preview:large, max-video-preview:-1\" \/>\n<link rel=\"canonical\" href=\"https:\/\/soymat.com\/es\/producto\/amoladora-angular-720w-115mm-lusqtoff\/\" \/>\n<meta property=\"og:locale\" content=\"es_ES\" \/>\n<meta property=\"og:type\" content=\"article\" \/>\n<meta property=\"og:title\" content=\"Amoladora Angular 720W 115mm - Lusqtoff\" \/>\n<meta property=\"og:description\" content=\"Amoladora Angular 720W 115mm &#8211; Lusqtoff Cod.: L-820 CARACTER\u00cdSTICAS T\u00c9CNICAS \u2022 Potencia: 720 W \u2022 Tensi\u00f3n: 220 V ~ 50 Hz \u2022 Velocidad: RO 11000 \/min \u2022 M\u00e1x. del disco de corte: 115 mm \u2022 M\u00e1x. de disco abrasivo: 115 mm \u2022 Rosca: M14 INCLUYE \u2022 1 mango \u2022 1 llave \u2022 1 guarda de [&hellip;]\" \/>\n<meta property=\"og:url\" content=\"https:\/\/soymat.com\/es\/producto\/amoladora-angular-720w-115mm-lusqtoff\/\" \/>\n<meta property=\"og:site_name\" content=\"SoyMat \u2013 Seguridad Industrial\" \/>\n<meta property=\"article:modified_time\" content=\"2026-04-18T16:07:52+00:00\" \/>\n<meta property=\"og:image\" content=\"https:\/\/soymat.com\/wp-content\/uploads\/2025\/12\/L-820_web_1-min.jpg\" \/>\n\t<meta property=\"og:image:width\" content=\"1783\" \/>\n\t<meta property=\"og:image:height\" content=\"1782\" \/>\n\t<meta property=\"og:image:type\" content=\"image\/jpeg\" \/>\n<meta name=\"twitter:card\" content=\"summary_large_image\" \/>\n<meta name=\"twitter:label1\" content=\"Tiempo de lectura\" \/>\n\t<meta name=\"twitter:data1\" content=\"1 minuto\" \/>\n<script type=\"application\/ld+json\" class=\"yoast-schema-graph\">{\"@context\":\"https:\/\/schema.org\",\"@graph\":[{\"@type\":\"WebPage\",\"@id\":\"https:\/\/soymat.com\/producto\/amoladora-angular-720w-115mm-lusqtoff\/\",\"url\":\"https:\/\/soymat.com\/producto\/amoladora-angular-720w-115mm-lusqtoff\/\",\"name\":\"Amoladora Angular 720W 115mm - Lusqtoff - SoyMat \u2013 Seguridad Industrial\",\"isPartOf\":{\"@id\":\"https:\/\/soymat.com\/#website\"},\"primaryImageOfPage\":{\"@id\":\"https:\/\/soymat.com\/producto\/amoladora-angular-720w-115mm-lusqtoff\/#primaryimage\"},\"image\":{\"@id\":\"https:\/\/soymat.com\/producto\/amoladora-angular-720w-115mm-lusqtoff\/#primaryimage\"},\"thumbnailUrl\":\"https:\/\/soymat.com\/wp-content\/uploads\/2025\/12\/L-820_web_1-min.jpg\",\"datePublished\":\"2025-12-09T01:49:15+00:00\",\"dateModified\":\"2026-04-18T16:07:52+00:00\",\"breadcrumb\":{\"@id\":\"https:\/\/soymat.com\/producto\/amoladora-angular-720w-115mm-lusqtoff\/#breadcrumb\"},\"inLanguage\":\"es-AR\",\"potentialAction\":[{\"@type\":\"ReadAction\",\"target\":[\"https:\/\/soymat.com\/producto\/amoladora-angular-720w-115mm-lusqtoff\/\"]}]},{\"@type\":\"ImageObject\",\"inLanguage\":\"es-AR\",\"@id\":\"https:\/\/soymat.com\/producto\/amoladora-angular-720w-115mm-lusqtoff\/#primaryimage\",\"url\":\"https:\/\/soymat.com\/wp-content\/uploads\/2025\/12\/L-820_web_1-min.jpg\",\"contentUrl\":\"https:\/\/soymat.com\/wp-content\/uploads\/2025\/12\/L-820_web_1-min.jpg\",\"width\":1783,\"height\":1782},{\"@type\":\"BreadcrumbList\",\"@id\":\"https:\/\/soymat.com\/producto\/amoladora-angular-720w-115mm-lusqtoff\/#breadcrumb\",\"itemListElement\":[{\"@type\":\"ListItem\",\"position\":1,\"name\":\"Portada\",\"item\":\"https:\/\/soymat.com\/\"},{\"@type\":\"ListItem\",\"position\":2,\"name\":\"Todos los Productos\",\"item\":\"https:\/\/soymat.com\/shop\/\"},{\"@type\":\"ListItem\",\"position\":3,\"name\":\"Amoladora Angular 720W 115mm &#8211; Lusqtoff\"}]},{\"@type\":\"WebSite\",\"@id\":\"https:\/\/soymat.com\/#website\",\"url\":\"https:\/\/soymat.com\/\",\"name\":\"So&Mat\",\"description\":\"Empresa Dedicada a la protecci\u00f3n global contra incendio . matafuegos redes bombas,venta instalaci\u00f3n y service, protecci\u00f3n y confort laboral en todo concepto.\",\"publisher\":{\"@id\":\"https:\/\/soymat.com\/#organization\"},\"alternateName\":\"So&Mat\",\"potentialAction\":[{\"@type\":\"SearchAction\",\"target\":{\"@type\":\"EntryPoint\",\"urlTemplate\":\"https:\/\/soymat.com\/?s={search_term_string}\"},\"query-input\":{\"@type\":\"PropertyValueSpecification\",\"valueRequired\":true,\"valueName\":\"search_term_string\"}}],\"inLanguage\":\"es-AR\"},{\"@type\":\"Organization\",\"@id\":\"https:\/\/soymat.com\/#organization\",\"name\":\"So&Mat\",\"url\":\"https:\/\/soymat.com\/\",\"logo\":{\"@type\":\"ImageObject\",\"inLanguage\":\"es-AR\",\"@id\":\"https:\/\/soymat.com\/#\/schema\/logo\/image\/\",\"url\":\"https:\/\/soymat.com\/wp-content\/uploads\/2024\/08\/SoyMat.jpg\",\"contentUrl\":\"https:\/\/soymat.com\/wp-content\/uploads\/2024\/08\/SoyMat.jpg\",\"width\":600,\"height\":236,\"caption\":\"So&Mat\"},\"image\":{\"@id\":\"https:\/\/soymat.com\/#\/schema\/logo\/image\/\"}}]}<\/script>\n<!-- \/ Yoast SEO Premium plugin. -->","yoast_head_json":{"title":"Amoladora Angular 720W 115mm - Lusqtoff - SoyMat \u2013 Seguridad Industrial","robots":{"index":"index","follow":"follow","max-snippet":"max-snippet:-1","max-image-preview":"max-image-preview:large","max-video-preview":"max-video-preview:-1"},"canonical":"https:\/\/soymat.com\/es\/producto\/amoladora-angular-720w-115mm-lusqtoff\/","og_locale":"es_ES","og_type":"article","og_title":"Amoladora Angular 720W 115mm - Lusqtoff","og_description":"Amoladora Angular 720W 115mm &#8211; Lusqtoff Cod.: L-820 CARACTER\u00cdSTICAS T\u00c9CNICAS \u2022 Potencia: 720 W \u2022 Tensi\u00f3n: 220 V ~ 50 Hz \u2022 Velocidad: RO 11000 \/min \u2022 M\u00e1x. del disco de corte: 115 mm \u2022 M\u00e1x. de disco abrasivo: 115 mm \u2022 Rosca: M14 INCLUYE \u2022 1 mango \u2022 1 llave \u2022 1 guarda de [&hellip;]","og_url":"https:\/\/soymat.com\/es\/producto\/amoladora-angular-720w-115mm-lusqtoff\/","og_site_name":"SoyMat \u2013 Seguridad Industrial","article_modified_time":"2026-04-18T16:07:52+00:00","og_image":[{"width":1783,"height":1782,"url":"https:\/\/soymat.com\/wp-content\/uploads\/2025\/12\/L-820_web_1-min.jpg","type":"image\/jpeg"}],"twitter_card":"summary_large_image","twitter_misc":{"Tiempo de lectura":"1 minuto"},"schema":{"@context":"https:\/\/schema.org","@graph":[{"@type":"WebPage","@id":"https:\/\/soymat.com\/producto\/amoladora-angular-720w-115mm-lusqtoff\/","url":"https:\/\/soymat.com\/producto\/amoladora-angular-720w-115mm-lusqtoff\/","name":"Amoladora Angular 720W 115mm - Lusqtoff - SoyMat \u2013 Seguridad Industrial","isPartOf":{"@id":"https:\/\/soymat.com\/#website"},"primaryImageOfPage":{"@id":"https:\/\/soymat.com\/producto\/amoladora-angular-720w-115mm-lusqtoff\/#primaryimage"},"image":{"@id":"https:\/\/soymat.com\/producto\/amoladora-angular-720w-115mm-lusqtoff\/#primaryimage"},"thumbnailUrl":"https:\/\/soymat.com\/wp-content\/uploads\/2025\/12\/L-820_web_1-min.jpg","datePublished":"2025-12-09T01:49:15+00:00","dateModified":"2026-04-18T16:07:52+00:00","breadcrumb":{"@id":"https:\/\/soymat.com\/producto\/amoladora-angular-720w-115mm-lusqtoff\/#breadcrumb"},"inLanguage":"es-AR","potentialAction":[{"@type":"ReadAction","target":["https:\/\/soymat.com\/producto\/amoladora-angular-720w-115mm-lusqtoff\/"]}]},{"@type":"ImageObject","inLanguage":"es-AR","@id":"https:\/\/soymat.com\/producto\/amoladora-angular-720w-115mm-lusqtoff\/#primaryimage","url":"https:\/\/soymat.com\/wp-content\/uploads\/2025\/12\/L-820_web_1-min.jpg","contentUrl":"https:\/\/soymat.com\/wp-content\/uploads\/2025\/12\/L-820_web_1-min.jpg","width":1783,"height":1782},{"@type":"BreadcrumbList","@id":"https:\/\/soymat.com\/producto\/amoladora-angular-720w-115mm-lusqtoff\/#breadcrumb","itemListElement":[{"@type":"ListItem","position":1,"name":"Portada","item":"https:\/\/soymat.com\/"},{"@type":"ListItem","position":2,"name":"Todos los Productos","item":"https:\/\/soymat.com\/shop\/"},{"@type":"ListItem","position":3,"name":"Amoladora Angular 720W 115mm &#8211; Lusqtoff"}]},{"@type":"WebSite","@id":"https:\/\/soymat.com\/#website","url":"https:\/\/soymat.com\/","name":"So&Mat","description":"Empresa Dedicada a la protecci\u00f3n global contra incendio . matafuegos redes bombas,venta instalaci\u00f3n y service, protecci\u00f3n y confort laboral en todo concepto.","publisher":{"@id":"https:\/\/soymat.com\/#organization"},"alternateName":"So&Mat","potentialAction":[{"@type":"SearchAction","target":{"@type":"EntryPoint","urlTemplate":"https:\/\/soymat.com\/?s={search_term_string}"},"query-input":{"@type":"PropertyValueSpecification","valueRequired":true,"valueName":"search_term_string"}}],"inLanguage":"es-AR"},{"@type":"Organization","@id":"https:\/\/soymat.com\/#organization","name":"So&Mat","url":"https:\/\/soymat.com\/","logo":{"@type":"ImageObject","inLanguage":"es-AR","@id":"https:\/\/soymat.com\/#\/schema\/logo\/image\/","url":"https:\/\/soymat.com\/wp-content\/uploads\/2024\/08\/SoyMat.jpg","contentUrl":"https:\/\/soymat.com\/wp-content\/uploads\/2024\/08\/SoyMat.jpg","width":600,"height":236,"caption":"So&Mat"},"image":{"@id":"https:\/\/soymat.com\/#\/schema\/logo\/image\/"}}]}},"_links":{"self":[{"href":"https:\/\/soymat.com\/es\/wp-json\/wp\/v2\/product\/24308","targetHints":{"allow":["GET"]}}],"collection":[{"href":"https:\/\/soymat.com\/es\/wp-json\/wp\/v2\/product"}],"about":[{"href":"https:\/\/soymat.com\/es\/wp-json\/wp\/v2\/types\/product"}],"wp:featuredmedia":[{"embeddable":true,"href":"https:\/\/soymat.com\/es\/wp-json\/wp\/v2\/media\/24310"}],"wp:attachment":[{"href":"https:\/\/soymat.com\/es\/wp-json\/wp\/v2\/media?parent=24308"}],"wp:term":[{"taxonomy":"product_cat","embeddable":true,"href":"https:\/\/soymat.com\/es\/wp-json\/wp\/v2\/product_cat?post=24308"},{"taxonomy":"product_tag","embeddable":true,"href":"https:\/\/soymat.com\/es\/wp-json\/wp\/v2\/product_tag?post=24308"}],"curies":[{"name":"wp","href":"https:\/\/api.w.org\/{rel}","templated":true}]}}