{"id":24317,"date":"2025-12-08T23:02:53","date_gmt":"2025-12-09T02:02:53","guid":{"rendered":"https:\/\/soymat.com\/?post_type=product&#038;p=24317"},"modified":"2026-04-06T13:06:34","modified_gmt":"2026-04-06T16:06:34","slug":"botella-termica-500ml-acero-inox-blanca-lusqtoff","status":"publish","type":"product","link":"https:\/\/soymat.com\/es\/producto\/botella-termica-500ml-acero-inox-blanca-lusqtoff\/","title":{"rendered":"Botella Termica 500ml Acero Inox. Blanca &#8211; Lusqtoff"},"content":{"rendered":"<p><strong>Botella Termica 500ml Acero Inox. Blanca &#8211; Lusqtoff<\/strong><br \/>\nCod.: BOTL500-8B<\/p>\n<p>\u2022 Capacidad: 500 ml<br \/>\n\u2022 Material: Acero inoxidable<br \/>\n\u2022 Alto: 22.9 cm. (con tapa)<br \/>\n\u2022 Di\u00e1metro de base: 7,5 cm<br \/>\n\u2022 Mantiene la temperatura hasta 12 hs<br \/>\n\u2022 No apto para microondas ni freezer. Apto para lavavajillas<br \/>\n\u2022 Con gancho de transporte<br \/>\n\u2022 12 horas de calor<br \/>\n\u2022 12 horas de fr\u00edo<br \/>\n\u2022 2 horas de hielo<\/p>","protected":false},"excerpt":{"rendered":"<p>Botella Termica 500ml Acero Inox. Blanca &#8211; Lusqtoff Cod.: BOTL500-8B \u2022 Capacidad: 500 ml \u2022 Material: Acero inoxidable \u2022 Alto: 22.9 cm. (con tapa) \u2022 Di\u00e1metro de base: 7,5 cm \u2022 Mantiene la temperatura hasta 12 hs \u2022 No apto para microondas ni freezer. Apto para lavavajillas \u2022 Con gancho de transporte \u2022 12 horas [&hellip;]<\/p>\n","protected":false},"featured_media":24319,"template":"","meta":[],"product_cat":[191],"product_tag":[968,969,727,967,732,728,966],"class_list":{"0":"post-24317","1":"product","2":"type-product","3":"status-publish","4":"has-post-thumbnail","6":"product_brand-lusqtoff-maquinas-y-herramientas-electricas-manuales","7":"product_cat-maquinas-y-herramientas","8":"product_tag-aerobic","9":"product_tag-aire-libre","10":"product_tag-botella-termica","11":"product_tag-gim","12":"product_tag-gimnasia","13":"product_tag-hidratacion","14":"product_tag-sport","16":"first","17":"instock","18":"taxable","19":"shipping-taxable","20":"purchasable","21":"product-type-simple","22":"add-to-wishlist-after_add_to_cart"},"yoast_head":"<!-- This site is optimized with the Yoast SEO Premium plugin v26.9 (Yoast SEO v26.9) - https:\/\/yoast.com\/product\/yoast-seo-premium-wordpress\/ -->\n<title>Botella Termica 500ml Acero Inox. Blanca - Lusqtoff - SoyMat \u2013 Seguridad Industrial<\/title>\n<meta name=\"robots\" content=\"index, follow, max-snippet:-1, max-image-preview:large, max-video-preview:-1\" \/>\n<link rel=\"canonical\" href=\"https:\/\/soymat.com\/es\/producto\/botella-termica-500ml-acero-inox-blanca-lusqtoff\/\" \/>\n<meta property=\"og:locale\" content=\"es_ES\" \/>\n<meta property=\"og:type\" content=\"article\" \/>\n<meta property=\"og:title\" content=\"Botella Termica 500ml Acero Inox. Blanca - Lusqtoff\" \/>\n<meta property=\"og:description\" content=\"Botella Termica 500ml Acero Inox. Blanca &#8211; Lusqtoff Cod.: BOTL500-8B \u2022 Capacidad: 500 ml \u2022 Material: Acero inoxidable \u2022 Alto: 22.9 cm. (con tapa) \u2022 Di\u00e1metro de base: 7,5 cm \u2022 Mantiene la temperatura hasta 12 hs \u2022 No apto para microondas ni freezer. Apto para lavavajillas \u2022 Con gancho de transporte \u2022 12 horas [&hellip;]\" \/>\n<meta property=\"og:url\" content=\"https:\/\/soymat.com\/es\/producto\/botella-termica-500ml-acero-inox-blanca-lusqtoff\/\" \/>\n<meta property=\"og:site_name\" content=\"SoyMat \u2013 Seguridad Industrial\" \/>\n<meta property=\"article:modified_time\" content=\"2026-04-06T16:06:34+00:00\" \/>\n<meta property=\"og:image\" content=\"https:\/\/soymat.com\/wp-content\/uploads\/2025\/12\/BOTL500_1_web.jpg\" \/>\n\t<meta property=\"og:image:width\" content=\"1080\" \/>\n\t<meta property=\"og:image:height\" content=\"1080\" \/>\n\t<meta property=\"og:image:type\" content=\"image\/jpeg\" \/>\n<meta name=\"twitter:card\" content=\"summary_large_image\" \/>\n<meta name=\"twitter:label1\" content=\"Tiempo de lectura\" \/>\n\t<meta name=\"twitter:data1\" content=\"1 minuto\" \/>\n<script type=\"application\/ld+json\" class=\"yoast-schema-graph\">{\"@context\":\"https:\/\/schema.org\",\"@graph\":[{\"@type\":\"WebPage\",\"@id\":\"https:\/\/soymat.com\/producto\/botella-termica-500ml-acero-inox-blanca-lusqtoff\/\",\"url\":\"https:\/\/soymat.com\/producto\/botella-termica-500ml-acero-inox-blanca-lusqtoff\/\",\"name\":\"Botella Termica 500ml Acero Inox. Blanca - Lusqtoff - SoyMat \u2013 Seguridad Industrial\",\"isPartOf\":{\"@id\":\"https:\/\/soymat.com\/#website\"},\"primaryImageOfPage\":{\"@id\":\"https:\/\/soymat.com\/producto\/botella-termica-500ml-acero-inox-blanca-lusqtoff\/#primaryimage\"},\"image\":{\"@id\":\"https:\/\/soymat.com\/producto\/botella-termica-500ml-acero-inox-blanca-lusqtoff\/#primaryimage\"},\"thumbnailUrl\":\"https:\/\/soymat.com\/wp-content\/uploads\/2025\/12\/BOTL500_1_web.jpg\",\"datePublished\":\"2025-12-09T02:02:53+00:00\",\"dateModified\":\"2026-04-06T16:06:34+00:00\",\"breadcrumb\":{\"@id\":\"https:\/\/soymat.com\/producto\/botella-termica-500ml-acero-inox-blanca-lusqtoff\/#breadcrumb\"},\"inLanguage\":\"es-AR\",\"potentialAction\":[{\"@type\":\"ReadAction\",\"target\":[\"https:\/\/soymat.com\/producto\/botella-termica-500ml-acero-inox-blanca-lusqtoff\/\"]}]},{\"@type\":\"ImageObject\",\"inLanguage\":\"es-AR\",\"@id\":\"https:\/\/soymat.com\/producto\/botella-termica-500ml-acero-inox-blanca-lusqtoff\/#primaryimage\",\"url\":\"https:\/\/soymat.com\/wp-content\/uploads\/2025\/12\/BOTL500_1_web.jpg\",\"contentUrl\":\"https:\/\/soymat.com\/wp-content\/uploads\/2025\/12\/BOTL500_1_web.jpg\",\"width\":1080,\"height\":1080},{\"@type\":\"BreadcrumbList\",\"@id\":\"https:\/\/soymat.com\/producto\/botella-termica-500ml-acero-inox-blanca-lusqtoff\/#breadcrumb\",\"itemListElement\":[{\"@type\":\"ListItem\",\"position\":1,\"name\":\"Portada\",\"item\":\"https:\/\/soymat.com\/\"},{\"@type\":\"ListItem\",\"position\":2,\"name\":\"Todos los Productos\",\"item\":\"https:\/\/soymat.com\/shop\/\"},{\"@type\":\"ListItem\",\"position\":3,\"name\":\"Botella Termica 500ml Acero Inox. Blanca &#8211; Lusqtoff\"}]},{\"@type\":\"WebSite\",\"@id\":\"https:\/\/soymat.com\/#website\",\"url\":\"https:\/\/soymat.com\/\",\"name\":\"So&Mat\",\"description\":\"Empresa Dedicada a la protecci\u00f3n global contra incendio . matafuegos redes bombas,venta instalaci\u00f3n y service, protecci\u00f3n y confort laboral en todo concepto.\",\"publisher\":{\"@id\":\"https:\/\/soymat.com\/#organization\"},\"alternateName\":\"So&Mat\",\"potentialAction\":[{\"@type\":\"SearchAction\",\"target\":{\"@type\":\"EntryPoint\",\"urlTemplate\":\"https:\/\/soymat.com\/?s={search_term_string}\"},\"query-input\":{\"@type\":\"PropertyValueSpecification\",\"valueRequired\":true,\"valueName\":\"search_term_string\"}}],\"inLanguage\":\"es-AR\"},{\"@type\":\"Organization\",\"@id\":\"https:\/\/soymat.com\/#organization\",\"name\":\"So&Mat\",\"url\":\"https:\/\/soymat.com\/\",\"logo\":{\"@type\":\"ImageObject\",\"inLanguage\":\"es-AR\",\"@id\":\"https:\/\/soymat.com\/#\/schema\/logo\/image\/\",\"url\":\"https:\/\/soymat.com\/wp-content\/uploads\/2024\/08\/SoyMat.jpg\",\"contentUrl\":\"https:\/\/soymat.com\/wp-content\/uploads\/2024\/08\/SoyMat.jpg\",\"width\":600,\"height\":236,\"caption\":\"So&Mat\"},\"image\":{\"@id\":\"https:\/\/soymat.com\/#\/schema\/logo\/image\/\"}}]}<\/script>\n<!-- \/ Yoast SEO Premium plugin. -->","yoast_head_json":{"title":"Botella Termica 500ml Acero Inox. Blanca - Lusqtoff - SoyMat \u2013 Seguridad Industrial","robots":{"index":"index","follow":"follow","max-snippet":"max-snippet:-1","max-image-preview":"max-image-preview:large","max-video-preview":"max-video-preview:-1"},"canonical":"https:\/\/soymat.com\/es\/producto\/botella-termica-500ml-acero-inox-blanca-lusqtoff\/","og_locale":"es_ES","og_type":"article","og_title":"Botella Termica 500ml Acero Inox. Blanca - Lusqtoff","og_description":"Botella Termica 500ml Acero Inox. Blanca &#8211; Lusqtoff Cod.: BOTL500-8B \u2022 Capacidad: 500 ml \u2022 Material: Acero inoxidable \u2022 Alto: 22.9 cm. (con tapa) \u2022 Di\u00e1metro de base: 7,5 cm \u2022 Mantiene la temperatura hasta 12 hs \u2022 No apto para microondas ni freezer. Apto para lavavajillas \u2022 Con gancho de transporte \u2022 12 horas [&hellip;]","og_url":"https:\/\/soymat.com\/es\/producto\/botella-termica-500ml-acero-inox-blanca-lusqtoff\/","og_site_name":"SoyMat \u2013 Seguridad Industrial","article_modified_time":"2026-04-06T16:06:34+00:00","og_image":[{"width":1080,"height":1080,"url":"https:\/\/soymat.com\/wp-content\/uploads\/2025\/12\/BOTL500_1_web.jpg","type":"image\/jpeg"}],"twitter_card":"summary_large_image","twitter_misc":{"Tiempo de lectura":"1 minuto"},"schema":{"@context":"https:\/\/schema.org","@graph":[{"@type":"WebPage","@id":"https:\/\/soymat.com\/producto\/botella-termica-500ml-acero-inox-blanca-lusqtoff\/","url":"https:\/\/soymat.com\/producto\/botella-termica-500ml-acero-inox-blanca-lusqtoff\/","name":"Botella Termica 500ml Acero Inox. Blanca - Lusqtoff - SoyMat \u2013 Seguridad Industrial","isPartOf":{"@id":"https:\/\/soymat.com\/#website"},"primaryImageOfPage":{"@id":"https:\/\/soymat.com\/producto\/botella-termica-500ml-acero-inox-blanca-lusqtoff\/#primaryimage"},"image":{"@id":"https:\/\/soymat.com\/producto\/botella-termica-500ml-acero-inox-blanca-lusqtoff\/#primaryimage"},"thumbnailUrl":"https:\/\/soymat.com\/wp-content\/uploads\/2025\/12\/BOTL500_1_web.jpg","datePublished":"2025-12-09T02:02:53+00:00","dateModified":"2026-04-06T16:06:34+00:00","breadcrumb":{"@id":"https:\/\/soymat.com\/producto\/botella-termica-500ml-acero-inox-blanca-lusqtoff\/#breadcrumb"},"inLanguage":"es-AR","potentialAction":[{"@type":"ReadAction","target":["https:\/\/soymat.com\/producto\/botella-termica-500ml-acero-inox-blanca-lusqtoff\/"]}]},{"@type":"ImageObject","inLanguage":"es-AR","@id":"https:\/\/soymat.com\/producto\/botella-termica-500ml-acero-inox-blanca-lusqtoff\/#primaryimage","url":"https:\/\/soymat.com\/wp-content\/uploads\/2025\/12\/BOTL500_1_web.jpg","contentUrl":"https:\/\/soymat.com\/wp-content\/uploads\/2025\/12\/BOTL500_1_web.jpg","width":1080,"height":1080},{"@type":"BreadcrumbList","@id":"https:\/\/soymat.com\/producto\/botella-termica-500ml-acero-inox-blanca-lusqtoff\/#breadcrumb","itemListElement":[{"@type":"ListItem","position":1,"name":"Portada","item":"https:\/\/soymat.com\/"},{"@type":"ListItem","position":2,"name":"Todos los Productos","item":"https:\/\/soymat.com\/shop\/"},{"@type":"ListItem","position":3,"name":"Botella Termica 500ml Acero Inox. Blanca &#8211; Lusqtoff"}]},{"@type":"WebSite","@id":"https:\/\/soymat.com\/#website","url":"https:\/\/soymat.com\/","name":"So&Mat","description":"Empresa Dedicada a la protecci\u00f3n global contra incendio . matafuegos redes bombas,venta instalaci\u00f3n y service, protecci\u00f3n y confort laboral en todo concepto.","publisher":{"@id":"https:\/\/soymat.com\/#organization"},"alternateName":"So&Mat","potentialAction":[{"@type":"SearchAction","target":{"@type":"EntryPoint","urlTemplate":"https:\/\/soymat.com\/?s={search_term_string}"},"query-input":{"@type":"PropertyValueSpecification","valueRequired":true,"valueName":"search_term_string"}}],"inLanguage":"es-AR"},{"@type":"Organization","@id":"https:\/\/soymat.com\/#organization","name":"So&Mat","url":"https:\/\/soymat.com\/","logo":{"@type":"ImageObject","inLanguage":"es-AR","@id":"https:\/\/soymat.com\/#\/schema\/logo\/image\/","url":"https:\/\/soymat.com\/wp-content\/uploads\/2024\/08\/SoyMat.jpg","contentUrl":"https:\/\/soymat.com\/wp-content\/uploads\/2024\/08\/SoyMat.jpg","width":600,"height":236,"caption":"So&Mat"},"image":{"@id":"https:\/\/soymat.com\/#\/schema\/logo\/image\/"}}]}},"_links":{"self":[{"href":"https:\/\/soymat.com\/es\/wp-json\/wp\/v2\/product\/24317","targetHints":{"allow":["GET"]}}],"collection":[{"href":"https:\/\/soymat.com\/es\/wp-json\/wp\/v2\/product"}],"about":[{"href":"https:\/\/soymat.com\/es\/wp-json\/wp\/v2\/types\/product"}],"wp:featuredmedia":[{"embeddable":true,"href":"https:\/\/soymat.com\/es\/wp-json\/wp\/v2\/media\/24319"}],"wp:attachment":[{"href":"https:\/\/soymat.com\/es\/wp-json\/wp\/v2\/media?parent=24317"}],"wp:term":[{"taxonomy":"product_cat","embeddable":true,"href":"https:\/\/soymat.com\/es\/wp-json\/wp\/v2\/product_cat?post=24317"},{"taxonomy":"product_tag","embeddable":true,"href":"https:\/\/soymat.com\/es\/wp-json\/wp\/v2\/product_tag?post=24317"}],"curies":[{"name":"wp","href":"https:\/\/api.w.org\/{rel}","templated":true}]}}