{"id":24339,"date":"2025-12-11T09:21:02","date_gmt":"2025-12-11T12:21:02","guid":{"rendered":"https:\/\/soymat.com\/?post_type=product&#038;p=24339"},"modified":"2026-04-06T13:06:23","modified_gmt":"2026-04-06T16:06:23","slug":"bomba-autocebante-para-pileta-1-hp-mec","status":"publish","type":"product","link":"https:\/\/soymat.com\/es\/producto\/bomba-autocebante-para-pileta-1-hp-mec\/","title":{"rendered":"Bomba Autocebante para Pileta 1HP &#8211; MEC"},"content":{"rendered":"<p><strong>Bomba Autocebante para Pileta 1 HP &#8211; MEC<\/strong><br \/>\nCod.: MEC1002263<\/p>\n<p>Esta bomba est\u00e1 dise\u00f1ada para el filtrado, recirculaci\u00f3n y desagote de piscinas.<br \/>\nApta para utilizar en equipos de filtrado o equipos limpiafondo, para desagote de s\u00f3tanos y trasvase de l\u00edquidos no corrosivos.<\/p>\n<p>La l\u00ednea de electrobombas autocebantes FCP fue dise\u00f1ada para el bombeo de aguas limpias y l\u00edquidos no corrosivos.<br \/>\nEsta bomba cuenta con un prefiltro (trampa de pelos) que reduce el riesgo de atascamiento gracias a su alta capacidad de filtrado, disminuyendo asi la frecuencia de su mantenimiento.<br \/>\nLa l\u00ednea de bombas autocebantes FCP esta idealmente dise\u00f1anda para la recirculaci\u00f3n, filtrado y desagote de piscinas domesticas y\/o residenciales.<\/p>","protected":false},"excerpt":{"rendered":"<p>Bomba Autocebante para Pileta 1 HP &#8211; MEC Cod.: MEC1002263 Esta bomba est\u00e1 dise\u00f1ada para el filtrado, recirculaci\u00f3n y desagote de piscinas. Apta para utilizar en equipos de filtrado o equipos limpiafondo, para desagote de s\u00f3tanos y trasvase de l\u00edquidos no corrosivos. La l\u00ednea de electrobombas autocebantes FCP fue dise\u00f1ada para el bombeo de aguas [&hellip;]<\/p>\n","protected":false},"featured_media":24341,"template":"","meta":[],"product_cat":[191],"product_tag":[572,566,873,978,899,568,875],"class_list":{"0":"post-24339","1":"product","2":"type-product","3":"status-publish","4":"has-post-thumbnail","6":"product_brand-mec","7":"product_cat-maquinas-y-herramientas","8":"product_tag-bomba-agua","9":"product_tag-bomba-autocebante","10":"product_tag-bomba-autocebante-para-piletas","11":"product_tag-bomba-pileta","12":"product_tag-mantenimiento-de-piscinas","13":"product_tag-piscina","14":"product_tag-verano","16":"first","17":"instock","18":"taxable","19":"shipping-taxable","20":"purchasable","21":"product-type-simple","22":"add-to-wishlist-after_add_to_cart"},"yoast_head":"<!-- This site is optimized with the Yoast SEO Premium plugin v26.9 (Yoast SEO v26.9) - https:\/\/yoast.com\/product\/yoast-seo-premium-wordpress\/ -->\n<title>Bomba Autocebante para Pileta 1HP - MEC - SoyMat \u2013 Seguridad Industrial<\/title>\n<meta name=\"robots\" content=\"index, follow, max-snippet:-1, max-image-preview:large, max-video-preview:-1\" \/>\n<link rel=\"canonical\" href=\"https:\/\/soymat.com\/es\/producto\/bomba-autocebante-para-pileta-1-hp-mec\/\" \/>\n<meta property=\"og:locale\" content=\"es_ES\" \/>\n<meta property=\"og:type\" content=\"article\" \/>\n<meta property=\"og:title\" content=\"Bomba Autocebante para Pileta 1HP - MEC\" \/>\n<meta property=\"og:description\" content=\"Bomba Autocebante para Pileta 1 HP &#8211; MEC Cod.: MEC1002263 Esta bomba est\u00e1 dise\u00f1ada para el filtrado, recirculaci\u00f3n y desagote de piscinas. Apta para utilizar en equipos de filtrado o equipos limpiafondo, para desagote de s\u00f3tanos y trasvase de l\u00edquidos no corrosivos. La l\u00ednea de electrobombas autocebantes FCP fue dise\u00f1ada para el bombeo de aguas [&hellip;]\" \/>\n<meta property=\"og:url\" content=\"https:\/\/soymat.com\/es\/producto\/bomba-autocebante-para-pileta-1-hp-mec\/\" \/>\n<meta property=\"og:site_name\" content=\"SoyMat \u2013 Seguridad Industrial\" \/>\n<meta property=\"article:modified_time\" content=\"2026-04-06T16:06:23+00:00\" \/>\n<meta property=\"og:image\" content=\"https:\/\/soymat.com\/wp-content\/uploads\/2025\/12\/linea-fcp-Bomba-autocebante-3.jpg\" \/>\n\t<meta property=\"og:image:width\" content=\"602\" \/>\n\t<meta property=\"og:image:height\" content=\"601\" \/>\n\t<meta property=\"og:image:type\" content=\"image\/jpeg\" \/>\n<meta name=\"twitter:card\" content=\"summary_large_image\" \/>\n<meta name=\"twitter:label1\" content=\"Tiempo de lectura\" \/>\n\t<meta name=\"twitter:data1\" content=\"1 minuto\" \/>\n<script type=\"application\/ld+json\" class=\"yoast-schema-graph\">{\"@context\":\"https:\/\/schema.org\",\"@graph\":[{\"@type\":\"WebPage\",\"@id\":\"https:\/\/soymat.com\/producto\/bomba-autocebante-para-pileta-1-hp-mec\/\",\"url\":\"https:\/\/soymat.com\/producto\/bomba-autocebante-para-pileta-1-hp-mec\/\",\"name\":\"Bomba Autocebante para Pileta 1HP - MEC - SoyMat \u2013 Seguridad Industrial\",\"isPartOf\":{\"@id\":\"https:\/\/soymat.com\/#website\"},\"primaryImageOfPage\":{\"@id\":\"https:\/\/soymat.com\/producto\/bomba-autocebante-para-pileta-1-hp-mec\/#primaryimage\"},\"image\":{\"@id\":\"https:\/\/soymat.com\/producto\/bomba-autocebante-para-pileta-1-hp-mec\/#primaryimage\"},\"thumbnailUrl\":\"https:\/\/soymat.com\/wp-content\/uploads\/2025\/12\/linea-fcp-Bomba-autocebante-3.jpg\",\"datePublished\":\"2025-12-11T12:21:02+00:00\",\"dateModified\":\"2026-04-06T16:06:23+00:00\",\"breadcrumb\":{\"@id\":\"https:\/\/soymat.com\/producto\/bomba-autocebante-para-pileta-1-hp-mec\/#breadcrumb\"},\"inLanguage\":\"es-AR\",\"potentialAction\":[{\"@type\":\"ReadAction\",\"target\":[\"https:\/\/soymat.com\/producto\/bomba-autocebante-para-pileta-1-hp-mec\/\"]}]},{\"@type\":\"ImageObject\",\"inLanguage\":\"es-AR\",\"@id\":\"https:\/\/soymat.com\/producto\/bomba-autocebante-para-pileta-1-hp-mec\/#primaryimage\",\"url\":\"https:\/\/soymat.com\/wp-content\/uploads\/2025\/12\/linea-fcp-Bomba-autocebante-3.jpg\",\"contentUrl\":\"https:\/\/soymat.com\/wp-content\/uploads\/2025\/12\/linea-fcp-Bomba-autocebante-3.jpg\",\"width\":602,\"height\":601},{\"@type\":\"BreadcrumbList\",\"@id\":\"https:\/\/soymat.com\/producto\/bomba-autocebante-para-pileta-1-hp-mec\/#breadcrumb\",\"itemListElement\":[{\"@type\":\"ListItem\",\"position\":1,\"name\":\"Portada\",\"item\":\"https:\/\/soymat.com\/\"},{\"@type\":\"ListItem\",\"position\":2,\"name\":\"Todos los Productos\",\"item\":\"https:\/\/soymat.com\/shop\/\"},{\"@type\":\"ListItem\",\"position\":3,\"name\":\"Bomba Autocebante para Pileta 1HP &#8211; MEC\"}]},{\"@type\":\"WebSite\",\"@id\":\"https:\/\/soymat.com\/#website\",\"url\":\"https:\/\/soymat.com\/\",\"name\":\"So&Mat\",\"description\":\"Empresa Dedicada a la protecci\u00f3n global contra incendio . matafuegos redes bombas,venta instalaci\u00f3n y service, protecci\u00f3n y confort laboral en todo concepto.\",\"publisher\":{\"@id\":\"https:\/\/soymat.com\/#organization\"},\"alternateName\":\"So&Mat\",\"potentialAction\":[{\"@type\":\"SearchAction\",\"target\":{\"@type\":\"EntryPoint\",\"urlTemplate\":\"https:\/\/soymat.com\/?s={search_term_string}\"},\"query-input\":{\"@type\":\"PropertyValueSpecification\",\"valueRequired\":true,\"valueName\":\"search_term_string\"}}],\"inLanguage\":\"es-AR\"},{\"@type\":\"Organization\",\"@id\":\"https:\/\/soymat.com\/#organization\",\"name\":\"So&Mat\",\"url\":\"https:\/\/soymat.com\/\",\"logo\":{\"@type\":\"ImageObject\",\"inLanguage\":\"es-AR\",\"@id\":\"https:\/\/soymat.com\/#\/schema\/logo\/image\/\",\"url\":\"https:\/\/soymat.com\/wp-content\/uploads\/2024\/08\/SoyMat.jpg\",\"contentUrl\":\"https:\/\/soymat.com\/wp-content\/uploads\/2024\/08\/SoyMat.jpg\",\"width\":600,\"height\":236,\"caption\":\"So&Mat\"},\"image\":{\"@id\":\"https:\/\/soymat.com\/#\/schema\/logo\/image\/\"}}]}<\/script>\n<!-- \/ Yoast SEO Premium plugin. -->","yoast_head_json":{"title":"Bomba Autocebante para Pileta 1HP - MEC - SoyMat \u2013 Seguridad Industrial","robots":{"index":"index","follow":"follow","max-snippet":"max-snippet:-1","max-image-preview":"max-image-preview:large","max-video-preview":"max-video-preview:-1"},"canonical":"https:\/\/soymat.com\/es\/producto\/bomba-autocebante-para-pileta-1-hp-mec\/","og_locale":"es_ES","og_type":"article","og_title":"Bomba Autocebante para Pileta 1HP - MEC","og_description":"Bomba Autocebante para Pileta 1 HP &#8211; MEC Cod.: MEC1002263 Esta bomba est\u00e1 dise\u00f1ada para el filtrado, recirculaci\u00f3n y desagote de piscinas. Apta para utilizar en equipos de filtrado o equipos limpiafondo, para desagote de s\u00f3tanos y trasvase de l\u00edquidos no corrosivos. La l\u00ednea de electrobombas autocebantes FCP fue dise\u00f1ada para el bombeo de aguas [&hellip;]","og_url":"https:\/\/soymat.com\/es\/producto\/bomba-autocebante-para-pileta-1-hp-mec\/","og_site_name":"SoyMat \u2013 Seguridad Industrial","article_modified_time":"2026-04-06T16:06:23+00:00","og_image":[{"width":602,"height":601,"url":"https:\/\/soymat.com\/wp-content\/uploads\/2025\/12\/linea-fcp-Bomba-autocebante-3.jpg","type":"image\/jpeg"}],"twitter_card":"summary_large_image","twitter_misc":{"Tiempo de lectura":"1 minuto"},"schema":{"@context":"https:\/\/schema.org","@graph":[{"@type":"WebPage","@id":"https:\/\/soymat.com\/producto\/bomba-autocebante-para-pileta-1-hp-mec\/","url":"https:\/\/soymat.com\/producto\/bomba-autocebante-para-pileta-1-hp-mec\/","name":"Bomba Autocebante para Pileta 1HP - MEC - SoyMat \u2013 Seguridad Industrial","isPartOf":{"@id":"https:\/\/soymat.com\/#website"},"primaryImageOfPage":{"@id":"https:\/\/soymat.com\/producto\/bomba-autocebante-para-pileta-1-hp-mec\/#primaryimage"},"image":{"@id":"https:\/\/soymat.com\/producto\/bomba-autocebante-para-pileta-1-hp-mec\/#primaryimage"},"thumbnailUrl":"https:\/\/soymat.com\/wp-content\/uploads\/2025\/12\/linea-fcp-Bomba-autocebante-3.jpg","datePublished":"2025-12-11T12:21:02+00:00","dateModified":"2026-04-06T16:06:23+00:00","breadcrumb":{"@id":"https:\/\/soymat.com\/producto\/bomba-autocebante-para-pileta-1-hp-mec\/#breadcrumb"},"inLanguage":"es-AR","potentialAction":[{"@type":"ReadAction","target":["https:\/\/soymat.com\/producto\/bomba-autocebante-para-pileta-1-hp-mec\/"]}]},{"@type":"ImageObject","inLanguage":"es-AR","@id":"https:\/\/soymat.com\/producto\/bomba-autocebante-para-pileta-1-hp-mec\/#primaryimage","url":"https:\/\/soymat.com\/wp-content\/uploads\/2025\/12\/linea-fcp-Bomba-autocebante-3.jpg","contentUrl":"https:\/\/soymat.com\/wp-content\/uploads\/2025\/12\/linea-fcp-Bomba-autocebante-3.jpg","width":602,"height":601},{"@type":"BreadcrumbList","@id":"https:\/\/soymat.com\/producto\/bomba-autocebante-para-pileta-1-hp-mec\/#breadcrumb","itemListElement":[{"@type":"ListItem","position":1,"name":"Portada","item":"https:\/\/soymat.com\/"},{"@type":"ListItem","position":2,"name":"Todos los Productos","item":"https:\/\/soymat.com\/shop\/"},{"@type":"ListItem","position":3,"name":"Bomba Autocebante para Pileta 1HP &#8211; MEC"}]},{"@type":"WebSite","@id":"https:\/\/soymat.com\/#website","url":"https:\/\/soymat.com\/","name":"So&Mat","description":"Empresa Dedicada a la protecci\u00f3n global contra incendio . matafuegos redes bombas,venta instalaci\u00f3n y service, protecci\u00f3n y confort laboral en todo concepto.","publisher":{"@id":"https:\/\/soymat.com\/#organization"},"alternateName":"So&Mat","potentialAction":[{"@type":"SearchAction","target":{"@type":"EntryPoint","urlTemplate":"https:\/\/soymat.com\/?s={search_term_string}"},"query-input":{"@type":"PropertyValueSpecification","valueRequired":true,"valueName":"search_term_string"}}],"inLanguage":"es-AR"},{"@type":"Organization","@id":"https:\/\/soymat.com\/#organization","name":"So&Mat","url":"https:\/\/soymat.com\/","logo":{"@type":"ImageObject","inLanguage":"es-AR","@id":"https:\/\/soymat.com\/#\/schema\/logo\/image\/","url":"https:\/\/soymat.com\/wp-content\/uploads\/2024\/08\/SoyMat.jpg","contentUrl":"https:\/\/soymat.com\/wp-content\/uploads\/2024\/08\/SoyMat.jpg","width":600,"height":236,"caption":"So&Mat"},"image":{"@id":"https:\/\/soymat.com\/#\/schema\/logo\/image\/"}}]}},"_links":{"self":[{"href":"https:\/\/soymat.com\/es\/wp-json\/wp\/v2\/product\/24339","targetHints":{"allow":["GET"]}}],"collection":[{"href":"https:\/\/soymat.com\/es\/wp-json\/wp\/v2\/product"}],"about":[{"href":"https:\/\/soymat.com\/es\/wp-json\/wp\/v2\/types\/product"}],"wp:featuredmedia":[{"embeddable":true,"href":"https:\/\/soymat.com\/es\/wp-json\/wp\/v2\/media\/24341"}],"wp:attachment":[{"href":"https:\/\/soymat.com\/es\/wp-json\/wp\/v2\/media?parent=24339"}],"wp:term":[{"taxonomy":"product_cat","embeddable":true,"href":"https:\/\/soymat.com\/es\/wp-json\/wp\/v2\/product_cat?post=24339"},{"taxonomy":"product_tag","embeddable":true,"href":"https:\/\/soymat.com\/es\/wp-json\/wp\/v2\/product_tag?post=24339"}],"curies":[{"name":"wp","href":"https:\/\/api.w.org\/{rel}","templated":true}]}}