{"id":24347,"date":"2025-12-11T20:20:58","date_gmt":"2025-12-11T23:20:58","guid":{"rendered":"https:\/\/soymat.com\/?post_type=product&#038;p=24347"},"modified":"2026-02-14T13:06:22","modified_gmt":"2026-02-14T16:06:22","slug":"amoladora-angular-a-bateria-115mm-incluye-bateria-y-cargador-lusqtoff","status":"publish","type":"product","link":"https:\/\/soymat.com\/es\/producto\/amoladora-angular-a-bateria-115mm-incluye-bateria-y-cargador-lusqtoff\/","title":{"rendered":"Amoladora Angular a Bater\u00eda 115mm &#8211; Incluye bater\u00eda y cargador &#8211; Lusqtoff"},"content":{"rendered":"<p><strong>Amoladora Angular a Bater\u00eda 115mm &#8211; Incluye bater\u00eda y cargador &#8211; Lusqtoff<\/strong><br \/>\nCod.: AML115-9BK<\/p>\n<p>\u2022 Amperaje de bater\u00eda: 4 Ah<br \/>\n\u2022 Rosca: M14<br \/>\n\u2022 3 velocidades: 6500, 7000, 8500 RPM<br \/>\n\u2022 Guarda con ajuste r\u00e1pido<br \/>\n\u2022 Filtro antipart\u00edculas<br \/>\n\u2022 Tensi\u00f3n: 18 V<br \/>\n\u2022 Velocidad: 0 &#8211; 8.500 RPM<br \/>\n\u2022 Di\u00e1metro del disco: 115 mm<br \/>\n\u2022 Peso: 5.3 Kg<br \/>\n\u2022 Tecnolog\u00eda Brushless<br \/>\n\u2022 3 a\u00f1os de garant\u00eda<\/p>\n<p>INCLUYE<br \/>\n\u2022 2 bater\u00edas 4 Ah<br \/>\n\u2022 1 cargador<br \/>\n\u2022 2 discos de desbaste<br \/>\n\u2022 1 mango antivibraci\u00f3n con porta llaves<br \/>\n\u2022 1 llave de ajuste<br \/>\n\u2022 Malet\u00edn<\/p>","protected":false},"excerpt":{"rendered":"<p>Amoladora Angular a Bater\u00eda 115mm &#8211; Incluye bater\u00eda y cargador &#8211; Lusqtoff Cod.: AML115-9BK \u2022 Amperaje de bater\u00eda: 4 Ah \u2022 Rosca: M14 \u2022 3 velocidades: 6500, 7000, 8500 RPM \u2022 Guarda con ajuste r\u00e1pido \u2022 Filtro antipart\u00edculas \u2022 Tensi\u00f3n: 18 V \u2022 Velocidad: 0 &#8211; 8.500 RPM \u2022 Di\u00e1metro del disco: 115 mm \u2022 [&hellip;]<\/p>\n","protected":false},"featured_media":24349,"template":"","meta":[],"product_cat":[337,191],"product_tag":[210,518,981,925,199,492,457,537,315],"class_list":{"0":"post-24347","1":"product","2":"type-product","3":"status-publish","4":"has-post-thumbnail","6":"product_brand-lusqtoff-maquinas-y-herramientas-electricas-manuales","7":"product_cat-productos-destacados-con-descuentos","8":"product_cat-maquinas-y-herramientas","9":"product_tag-amoladora","10":"product_tag-amoladora-a-bateria","11":"product_tag-amoladora-lusqtoff","12":"product_tag-constructor","13":"product_tag-herramientas-a-bateria","14":"product_tag-herreria","15":"product_tag-herrero","16":"product_tag-soldador","17":"product_tag-taller-metalurgico","19":"first","20":"instock","21":"taxable","22":"shipping-taxable","23":"purchasable","24":"product-type-simple","25":"add-to-wishlist-after_add_to_cart"},"yoast_head":"<!-- This site is optimized with the Yoast SEO Premium plugin v26.9 (Yoast SEO v26.9) - https:\/\/yoast.com\/product\/yoast-seo-premium-wordpress\/ -->\n<title>Amoladora Angular a Bater\u00eda 115mm - Incluye bater\u00eda y cargador - Lusqtoff - SoyMat \u2013 Seguridad Industrial<\/title>\n<meta name=\"robots\" content=\"index, follow, max-snippet:-1, max-image-preview:large, max-video-preview:-1\" \/>\n<link rel=\"canonical\" href=\"https:\/\/soymat.com\/es\/producto\/amoladora-angular-a-bateria-115mm-incluye-bateria-y-cargador-lusqtoff\/\" \/>\n<meta property=\"og:locale\" content=\"es_ES\" \/>\n<meta property=\"og:type\" content=\"article\" \/>\n<meta property=\"og:title\" content=\"Amoladora Angular a Bater\u00eda 115mm - Incluye bater\u00eda y cargador - Lusqtoff\" \/>\n<meta property=\"og:description\" content=\"Amoladora Angular a Bater\u00eda 115mm &#8211; Incluye bater\u00eda y cargador &#8211; Lusqtoff Cod.: AML115-9BK \u2022 Amperaje de bater\u00eda: 4 Ah \u2022 Rosca: M14 \u2022 3 velocidades: 6500, 7000, 8500 RPM \u2022 Guarda con ajuste r\u00e1pido \u2022 Filtro antipart\u00edculas \u2022 Tensi\u00f3n: 18 V \u2022 Velocidad: 0 &#8211; 8.500 RPM \u2022 Di\u00e1metro del disco: 115 mm \u2022 [&hellip;]\" \/>\n<meta property=\"og:url\" content=\"https:\/\/soymat.com\/es\/producto\/amoladora-angular-a-bateria-115mm-incluye-bateria-y-cargador-lusqtoff\/\" \/>\n<meta property=\"og:site_name\" content=\"SoyMat \u2013 Seguridad Industrial\" \/>\n<meta property=\"article:modified_time\" content=\"2026-02-14T16:06:22+00:00\" \/>\n<meta property=\"og:image\" content=\"https:\/\/soymat.com\/wp-content\/uploads\/2025\/12\/AML115-9BK_-amoladora-1-scaled.jpg\" \/>\n\t<meta property=\"og:image:width\" content=\"2560\" \/>\n\t<meta property=\"og:image:height\" content=\"2560\" \/>\n\t<meta property=\"og:image:type\" content=\"image\/jpeg\" \/>\n<meta name=\"twitter:card\" content=\"summary_large_image\" \/>\n<meta name=\"twitter:label1\" content=\"Tiempo de lectura\" \/>\n\t<meta name=\"twitter:data1\" content=\"1 minuto\" \/>\n<script type=\"application\/ld+json\" class=\"yoast-schema-graph\">{\"@context\":\"https:\/\/schema.org\",\"@graph\":[{\"@type\":\"WebPage\",\"@id\":\"https:\/\/soymat.com\/producto\/amoladora-angular-a-bateria-115mm-incluye-bateria-y-cargador-lusqtoff\/\",\"url\":\"https:\/\/soymat.com\/producto\/amoladora-angular-a-bateria-115mm-incluye-bateria-y-cargador-lusqtoff\/\",\"name\":\"Amoladora Angular a Bater\u00eda 115mm - Incluye bater\u00eda y cargador - Lusqtoff - SoyMat \u2013 Seguridad Industrial\",\"isPartOf\":{\"@id\":\"https:\/\/soymat.com\/#website\"},\"primaryImageOfPage\":{\"@id\":\"https:\/\/soymat.com\/producto\/amoladora-angular-a-bateria-115mm-incluye-bateria-y-cargador-lusqtoff\/#primaryimage\"},\"image\":{\"@id\":\"https:\/\/soymat.com\/producto\/amoladora-angular-a-bateria-115mm-incluye-bateria-y-cargador-lusqtoff\/#primaryimage\"},\"thumbnailUrl\":\"https:\/\/soymat.com\/wp-content\/uploads\/2025\/12\/AML115-9BK_-amoladora-1-scaled.jpg\",\"datePublished\":\"2025-12-11T23:20:58+00:00\",\"dateModified\":\"2026-02-14T16:06:22+00:00\",\"breadcrumb\":{\"@id\":\"https:\/\/soymat.com\/producto\/amoladora-angular-a-bateria-115mm-incluye-bateria-y-cargador-lusqtoff\/#breadcrumb\"},\"inLanguage\":\"es-AR\",\"potentialAction\":[{\"@type\":\"ReadAction\",\"target\":[\"https:\/\/soymat.com\/producto\/amoladora-angular-a-bateria-115mm-incluye-bateria-y-cargador-lusqtoff\/\"]}]},{\"@type\":\"ImageObject\",\"inLanguage\":\"es-AR\",\"@id\":\"https:\/\/soymat.com\/producto\/amoladora-angular-a-bateria-115mm-incluye-bateria-y-cargador-lusqtoff\/#primaryimage\",\"url\":\"https:\/\/soymat.com\/wp-content\/uploads\/2025\/12\/AML115-9BK_-amoladora-1-scaled.jpg\",\"contentUrl\":\"https:\/\/soymat.com\/wp-content\/uploads\/2025\/12\/AML115-9BK_-amoladora-1-scaled.jpg\",\"width\":2560,\"height\":2560},{\"@type\":\"BreadcrumbList\",\"@id\":\"https:\/\/soymat.com\/producto\/amoladora-angular-a-bateria-115mm-incluye-bateria-y-cargador-lusqtoff\/#breadcrumb\",\"itemListElement\":[{\"@type\":\"ListItem\",\"position\":1,\"name\":\"Portada\",\"item\":\"https:\/\/soymat.com\/\"},{\"@type\":\"ListItem\",\"position\":2,\"name\":\"Todos los Productos\",\"item\":\"https:\/\/soymat.com\/shop\/\"},{\"@type\":\"ListItem\",\"position\":3,\"name\":\"Amoladora Angular a Bater\u00eda 115mm &#8211; Incluye bater\u00eda y cargador &#8211; Lusqtoff\"}]},{\"@type\":\"WebSite\",\"@id\":\"https:\/\/soymat.com\/#website\",\"url\":\"https:\/\/soymat.com\/\",\"name\":\"So&Mat\",\"description\":\"Empresa Dedicada a la protecci\u00f3n global contra incendio . matafuegos redes bombas,venta instalaci\u00f3n y service, protecci\u00f3n y confort laboral en todo concepto.\",\"publisher\":{\"@id\":\"https:\/\/soymat.com\/#organization\"},\"alternateName\":\"So&Mat\",\"potentialAction\":[{\"@type\":\"SearchAction\",\"target\":{\"@type\":\"EntryPoint\",\"urlTemplate\":\"https:\/\/soymat.com\/?s={search_term_string}\"},\"query-input\":{\"@type\":\"PropertyValueSpecification\",\"valueRequired\":true,\"valueName\":\"search_term_string\"}}],\"inLanguage\":\"es-AR\"},{\"@type\":\"Organization\",\"@id\":\"https:\/\/soymat.com\/#organization\",\"name\":\"So&Mat\",\"url\":\"https:\/\/soymat.com\/\",\"logo\":{\"@type\":\"ImageObject\",\"inLanguage\":\"es-AR\",\"@id\":\"https:\/\/soymat.com\/#\/schema\/logo\/image\/\",\"url\":\"https:\/\/soymat.com\/wp-content\/uploads\/2024\/08\/SoyMat.jpg\",\"contentUrl\":\"https:\/\/soymat.com\/wp-content\/uploads\/2024\/08\/SoyMat.jpg\",\"width\":600,\"height\":236,\"caption\":\"So&Mat\"},\"image\":{\"@id\":\"https:\/\/soymat.com\/#\/schema\/logo\/image\/\"}}]}<\/script>\n<!-- \/ Yoast SEO Premium plugin. -->","yoast_head_json":{"title":"Amoladora Angular a Bater\u00eda 115mm - Incluye bater\u00eda y cargador - Lusqtoff - SoyMat \u2013 Seguridad Industrial","robots":{"index":"index","follow":"follow","max-snippet":"max-snippet:-1","max-image-preview":"max-image-preview:large","max-video-preview":"max-video-preview:-1"},"canonical":"https:\/\/soymat.com\/es\/producto\/amoladora-angular-a-bateria-115mm-incluye-bateria-y-cargador-lusqtoff\/","og_locale":"es_ES","og_type":"article","og_title":"Amoladora Angular a Bater\u00eda 115mm - Incluye bater\u00eda y cargador - Lusqtoff","og_description":"Amoladora Angular a Bater\u00eda 115mm &#8211; Incluye bater\u00eda y cargador &#8211; Lusqtoff Cod.: AML115-9BK \u2022 Amperaje de bater\u00eda: 4 Ah \u2022 Rosca: M14 \u2022 3 velocidades: 6500, 7000, 8500 RPM \u2022 Guarda con ajuste r\u00e1pido \u2022 Filtro antipart\u00edculas \u2022 Tensi\u00f3n: 18 V \u2022 Velocidad: 0 &#8211; 8.500 RPM \u2022 Di\u00e1metro del disco: 115 mm \u2022 [&hellip;]","og_url":"https:\/\/soymat.com\/es\/producto\/amoladora-angular-a-bateria-115mm-incluye-bateria-y-cargador-lusqtoff\/","og_site_name":"SoyMat \u2013 Seguridad Industrial","article_modified_time":"2026-02-14T16:06:22+00:00","og_image":[{"width":2560,"height":2560,"url":"https:\/\/soymat.com\/wp-content\/uploads\/2025\/12\/AML115-9BK_-amoladora-1-scaled.jpg","type":"image\/jpeg"}],"twitter_card":"summary_large_image","twitter_misc":{"Tiempo de lectura":"1 minuto"},"schema":{"@context":"https:\/\/schema.org","@graph":[{"@type":"WebPage","@id":"https:\/\/soymat.com\/producto\/amoladora-angular-a-bateria-115mm-incluye-bateria-y-cargador-lusqtoff\/","url":"https:\/\/soymat.com\/producto\/amoladora-angular-a-bateria-115mm-incluye-bateria-y-cargador-lusqtoff\/","name":"Amoladora Angular a Bater\u00eda 115mm - Incluye bater\u00eda y cargador - Lusqtoff - SoyMat \u2013 Seguridad Industrial","isPartOf":{"@id":"https:\/\/soymat.com\/#website"},"primaryImageOfPage":{"@id":"https:\/\/soymat.com\/producto\/amoladora-angular-a-bateria-115mm-incluye-bateria-y-cargador-lusqtoff\/#primaryimage"},"image":{"@id":"https:\/\/soymat.com\/producto\/amoladora-angular-a-bateria-115mm-incluye-bateria-y-cargador-lusqtoff\/#primaryimage"},"thumbnailUrl":"https:\/\/soymat.com\/wp-content\/uploads\/2025\/12\/AML115-9BK_-amoladora-1-scaled.jpg","datePublished":"2025-12-11T23:20:58+00:00","dateModified":"2026-02-14T16:06:22+00:00","breadcrumb":{"@id":"https:\/\/soymat.com\/producto\/amoladora-angular-a-bateria-115mm-incluye-bateria-y-cargador-lusqtoff\/#breadcrumb"},"inLanguage":"es-AR","potentialAction":[{"@type":"ReadAction","target":["https:\/\/soymat.com\/producto\/amoladora-angular-a-bateria-115mm-incluye-bateria-y-cargador-lusqtoff\/"]}]},{"@type":"ImageObject","inLanguage":"es-AR","@id":"https:\/\/soymat.com\/producto\/amoladora-angular-a-bateria-115mm-incluye-bateria-y-cargador-lusqtoff\/#primaryimage","url":"https:\/\/soymat.com\/wp-content\/uploads\/2025\/12\/AML115-9BK_-amoladora-1-scaled.jpg","contentUrl":"https:\/\/soymat.com\/wp-content\/uploads\/2025\/12\/AML115-9BK_-amoladora-1-scaled.jpg","width":2560,"height":2560},{"@type":"BreadcrumbList","@id":"https:\/\/soymat.com\/producto\/amoladora-angular-a-bateria-115mm-incluye-bateria-y-cargador-lusqtoff\/#breadcrumb","itemListElement":[{"@type":"ListItem","position":1,"name":"Portada","item":"https:\/\/soymat.com\/"},{"@type":"ListItem","position":2,"name":"Todos los Productos","item":"https:\/\/soymat.com\/shop\/"},{"@type":"ListItem","position":3,"name":"Amoladora Angular a Bater\u00eda 115mm &#8211; Incluye bater\u00eda y cargador &#8211; Lusqtoff"}]},{"@type":"WebSite","@id":"https:\/\/soymat.com\/#website","url":"https:\/\/soymat.com\/","name":"So&Mat","description":"Empresa Dedicada a la protecci\u00f3n global contra incendio . matafuegos redes bombas,venta instalaci\u00f3n y service, protecci\u00f3n y confort laboral en todo concepto.","publisher":{"@id":"https:\/\/soymat.com\/#organization"},"alternateName":"So&Mat","potentialAction":[{"@type":"SearchAction","target":{"@type":"EntryPoint","urlTemplate":"https:\/\/soymat.com\/?s={search_term_string}"},"query-input":{"@type":"PropertyValueSpecification","valueRequired":true,"valueName":"search_term_string"}}],"inLanguage":"es-AR"},{"@type":"Organization","@id":"https:\/\/soymat.com\/#organization","name":"So&Mat","url":"https:\/\/soymat.com\/","logo":{"@type":"ImageObject","inLanguage":"es-AR","@id":"https:\/\/soymat.com\/#\/schema\/logo\/image\/","url":"https:\/\/soymat.com\/wp-content\/uploads\/2024\/08\/SoyMat.jpg","contentUrl":"https:\/\/soymat.com\/wp-content\/uploads\/2024\/08\/SoyMat.jpg","width":600,"height":236,"caption":"So&Mat"},"image":{"@id":"https:\/\/soymat.com\/#\/schema\/logo\/image\/"}}]}},"_links":{"self":[{"href":"https:\/\/soymat.com\/es\/wp-json\/wp\/v2\/product\/24347","targetHints":{"allow":["GET"]}}],"collection":[{"href":"https:\/\/soymat.com\/es\/wp-json\/wp\/v2\/product"}],"about":[{"href":"https:\/\/soymat.com\/es\/wp-json\/wp\/v2\/types\/product"}],"wp:featuredmedia":[{"embeddable":true,"href":"https:\/\/soymat.com\/es\/wp-json\/wp\/v2\/media\/24349"}],"wp:attachment":[{"href":"https:\/\/soymat.com\/es\/wp-json\/wp\/v2\/media?parent=24347"}],"wp:term":[{"taxonomy":"product_cat","embeddable":true,"href":"https:\/\/soymat.com\/es\/wp-json\/wp\/v2\/product_cat?post=24347"},{"taxonomy":"product_tag","embeddable":true,"href":"https:\/\/soymat.com\/es\/wp-json\/wp\/v2\/product_tag?post=24347"}],"curies":[{"name":"wp","href":"https:\/\/api.w.org\/{rel}","templated":true}]}}