{"id":24369,"date":"2025-12-15T23:48:08","date_gmt":"2025-12-16T02:48:08","guid":{"rendered":"https:\/\/soymat.com\/?post_type=product&#038;p=24369"},"modified":"2026-01-06T10:06:54","modified_gmt":"2026-01-06T13:06:54","slug":"mascara-proteccion-facial-lusqtoff","status":"publish","type":"product","link":"https:\/\/soymat.com\/es\/producto\/mascara-proteccion-facial-lusqtoff\/","title":{"rendered":"M\u00e1scara Protecci\u00f3n Facial Lusqtoff"},"content":{"rendered":"<p><strong>M\u00e1scara Protecci\u00f3n Facial Lusqtoff<\/strong><br \/>\nCod.: LQMP-8<\/p>\n<p>\u2022 Marca: Lusqtoff<br \/>\n\u2022 Visera: 395 mm x 207mm.<br \/>\n\u2022 Espesor: 1,0 mm.<br \/>\n\u2022 Peso: 0,27 Kg.<br \/>\n\u2022 Apto para actividades donde No es requerida protecci\u00f3n craneana<br \/>\n\u2022 Sistema articulado para rebatir la pantalla facial y ajustar el calce del arn\u00e9s a la nuca.<br \/>\n\u2022 Provisto con visera de seguridad.<br \/>\n\u2022 5 botones de anclaje universal del visor \/ malla<br \/>\n\u2022 Suspensi\u00f3n pl\u00e1stica inyectada con sistema pin-lock de 7 posiciones para regular la luz vertical.<br \/>\n\u2022 Banda frontal en tela sint\u00e9tica acolchada absorbente de la transpiraci\u00f3n desmontable y lavable.<\/p>\n<p>&nbsp;<\/p>","protected":false},"excerpt":{"rendered":"<p>M\u00e1scara Protecci\u00f3n Facial Lusqtoff Cod.: LQMP-8 \u2022 Marca: Lusqtoff \u2022 Visera: 395 mm x 207mm. \u2022 Espesor: 1,0 mm. \u2022 Peso: 0,27 Kg. \u2022 Apto para actividades donde No es requerida protecci\u00f3n craneana \u2022 Sistema articulado para rebatir la pantalla facial y ajustar el calce del arn\u00e9s a la nuca. \u2022 Provisto con visera de [&hellip;]<\/p>\n","protected":false},"featured_media":24371,"template":"","meta":[],"product_cat":[191],"product_tag":[984,982,985,983],"class_list":{"0":"post-24369","1":"product","2":"type-product","3":"status-publish","4":"has-post-thumbnail","6":"product_brand-lusqtoff-maquinas-y-herramientas-electricas-manuales","7":"product_cat-maquinas-y-herramientas","8":"product_tag-mascara-proteccion-cortapasto","9":"product_tag-mascara-proteccion-facial","10":"product_tag-mascara-protectora-desmalezadora","11":"product_tag-proteccion-cortacesped","13":"first","14":"instock","15":"taxable","16":"shipping-taxable","17":"purchasable","18":"product-type-simple","19":"add-to-wishlist-after_add_to_cart"},"yoast_head":"<!-- This site is optimized with the Yoast SEO Premium plugin v26.9 (Yoast SEO v26.9) - https:\/\/yoast.com\/product\/yoast-seo-premium-wordpress\/ -->\n<title>M\u00e1scara Protecci\u00f3n Facial Lusqtoff - SoyMat \u2013 Seguridad Industrial<\/title>\n<meta name=\"robots\" content=\"index, follow, max-snippet:-1, max-image-preview:large, max-video-preview:-1\" \/>\n<link rel=\"canonical\" href=\"https:\/\/soymat.com\/es\/producto\/mascara-proteccion-facial-lusqtoff\/\" \/>\n<meta property=\"og:locale\" content=\"es_ES\" \/>\n<meta property=\"og:type\" content=\"article\" \/>\n<meta property=\"og:title\" content=\"M\u00e1scara Protecci\u00f3n Facial Lusqtoff\" \/>\n<meta property=\"og:description\" content=\"M\u00e1scara Protecci\u00f3n Facial Lusqtoff Cod.: LQMP-8 \u2022 Marca: Lusqtoff \u2022 Visera: 395 mm x 207mm. \u2022 Espesor: 1,0 mm. \u2022 Peso: 0,27 Kg. \u2022 Apto para actividades donde No es requerida protecci\u00f3n craneana \u2022 Sistema articulado para rebatir la pantalla facial y ajustar el calce del arn\u00e9s a la nuca. \u2022 Provisto con visera de [&hellip;]\" \/>\n<meta property=\"og:url\" content=\"https:\/\/soymat.com\/es\/producto\/mascara-proteccion-facial-lusqtoff\/\" \/>\n<meta property=\"og:site_name\" content=\"SoyMat \u2013 Seguridad Industrial\" \/>\n<meta property=\"article:modified_time\" content=\"2026-01-06T13:06:54+00:00\" \/>\n<meta property=\"og:image\" content=\"https:\/\/soymat.com\/wp-content\/uploads\/2025\/12\/LQMP-8-MASCARA-PROTECCION-FACIAL-1.jpg\" \/>\n\t<meta property=\"og:image:width\" content=\"1024\" \/>\n\t<meta property=\"og:image:height\" content=\"1024\" \/>\n\t<meta property=\"og:image:type\" content=\"image\/jpeg\" \/>\n<meta name=\"twitter:card\" content=\"summary_large_image\" \/>\n<meta name=\"twitter:label1\" content=\"Tiempo de lectura\" \/>\n\t<meta name=\"twitter:data1\" content=\"1 minuto\" \/>\n<script type=\"application\/ld+json\" class=\"yoast-schema-graph\">{\"@context\":\"https:\/\/schema.org\",\"@graph\":[{\"@type\":\"WebPage\",\"@id\":\"https:\/\/soymat.com\/producto\/mascara-proteccion-facial-lusqtoff\/\",\"url\":\"https:\/\/soymat.com\/producto\/mascara-proteccion-facial-lusqtoff\/\",\"name\":\"M\u00e1scara Protecci\u00f3n Facial Lusqtoff - SoyMat \u2013 Seguridad Industrial\",\"isPartOf\":{\"@id\":\"https:\/\/soymat.com\/#website\"},\"primaryImageOfPage\":{\"@id\":\"https:\/\/soymat.com\/producto\/mascara-proteccion-facial-lusqtoff\/#primaryimage\"},\"image\":{\"@id\":\"https:\/\/soymat.com\/producto\/mascara-proteccion-facial-lusqtoff\/#primaryimage\"},\"thumbnailUrl\":\"https:\/\/soymat.com\/wp-content\/uploads\/2025\/12\/LQMP-8-MASCARA-PROTECCION-FACIAL-1.jpg\",\"datePublished\":\"2025-12-16T02:48:08+00:00\",\"dateModified\":\"2026-01-06T13:06:54+00:00\",\"breadcrumb\":{\"@id\":\"https:\/\/soymat.com\/producto\/mascara-proteccion-facial-lusqtoff\/#breadcrumb\"},\"inLanguage\":\"es-AR\",\"potentialAction\":[{\"@type\":\"ReadAction\",\"target\":[\"https:\/\/soymat.com\/producto\/mascara-proteccion-facial-lusqtoff\/\"]}]},{\"@type\":\"ImageObject\",\"inLanguage\":\"es-AR\",\"@id\":\"https:\/\/soymat.com\/producto\/mascara-proteccion-facial-lusqtoff\/#primaryimage\",\"url\":\"https:\/\/soymat.com\/wp-content\/uploads\/2025\/12\/LQMP-8-MASCARA-PROTECCION-FACIAL-1.jpg\",\"contentUrl\":\"https:\/\/soymat.com\/wp-content\/uploads\/2025\/12\/LQMP-8-MASCARA-PROTECCION-FACIAL-1.jpg\",\"width\":1024,\"height\":1024},{\"@type\":\"BreadcrumbList\",\"@id\":\"https:\/\/soymat.com\/producto\/mascara-proteccion-facial-lusqtoff\/#breadcrumb\",\"itemListElement\":[{\"@type\":\"ListItem\",\"position\":1,\"name\":\"Portada\",\"item\":\"https:\/\/soymat.com\/\"},{\"@type\":\"ListItem\",\"position\":2,\"name\":\"Todos los Productos\",\"item\":\"https:\/\/soymat.com\/shop\/\"},{\"@type\":\"ListItem\",\"position\":3,\"name\":\"M\u00e1scara Protecci\u00f3n Facial Lusqtoff\"}]},{\"@type\":\"WebSite\",\"@id\":\"https:\/\/soymat.com\/#website\",\"url\":\"https:\/\/soymat.com\/\",\"name\":\"So&Mat\",\"description\":\"Empresa Dedicada a la protecci\u00f3n global contra incendio . matafuegos redes bombas,venta instalaci\u00f3n y service, protecci\u00f3n y confort laboral en todo concepto.\",\"publisher\":{\"@id\":\"https:\/\/soymat.com\/#organization\"},\"alternateName\":\"So&Mat\",\"potentialAction\":[{\"@type\":\"SearchAction\",\"target\":{\"@type\":\"EntryPoint\",\"urlTemplate\":\"https:\/\/soymat.com\/?s={search_term_string}\"},\"query-input\":{\"@type\":\"PropertyValueSpecification\",\"valueRequired\":true,\"valueName\":\"search_term_string\"}}],\"inLanguage\":\"es-AR\"},{\"@type\":\"Organization\",\"@id\":\"https:\/\/soymat.com\/#organization\",\"name\":\"So&Mat\",\"url\":\"https:\/\/soymat.com\/\",\"logo\":{\"@type\":\"ImageObject\",\"inLanguage\":\"es-AR\",\"@id\":\"https:\/\/soymat.com\/#\/schema\/logo\/image\/\",\"url\":\"https:\/\/soymat.com\/wp-content\/uploads\/2024\/08\/SoyMat.jpg\",\"contentUrl\":\"https:\/\/soymat.com\/wp-content\/uploads\/2024\/08\/SoyMat.jpg\",\"width\":600,\"height\":236,\"caption\":\"So&Mat\"},\"image\":{\"@id\":\"https:\/\/soymat.com\/#\/schema\/logo\/image\/\"}}]}<\/script>\n<!-- \/ Yoast SEO Premium plugin. -->","yoast_head_json":{"title":"M\u00e1scara Protecci\u00f3n Facial Lusqtoff - SoyMat \u2013 Seguridad Industrial","robots":{"index":"index","follow":"follow","max-snippet":"max-snippet:-1","max-image-preview":"max-image-preview:large","max-video-preview":"max-video-preview:-1"},"canonical":"https:\/\/soymat.com\/es\/producto\/mascara-proteccion-facial-lusqtoff\/","og_locale":"es_ES","og_type":"article","og_title":"M\u00e1scara Protecci\u00f3n Facial Lusqtoff","og_description":"M\u00e1scara Protecci\u00f3n Facial Lusqtoff Cod.: LQMP-8 \u2022 Marca: Lusqtoff \u2022 Visera: 395 mm x 207mm. \u2022 Espesor: 1,0 mm. \u2022 Peso: 0,27 Kg. \u2022 Apto para actividades donde No es requerida protecci\u00f3n craneana \u2022 Sistema articulado para rebatir la pantalla facial y ajustar el calce del arn\u00e9s a la nuca. \u2022 Provisto con visera de [&hellip;]","og_url":"https:\/\/soymat.com\/es\/producto\/mascara-proteccion-facial-lusqtoff\/","og_site_name":"SoyMat \u2013 Seguridad Industrial","article_modified_time":"2026-01-06T13:06:54+00:00","og_image":[{"width":1024,"height":1024,"url":"https:\/\/soymat.com\/wp-content\/uploads\/2025\/12\/LQMP-8-MASCARA-PROTECCION-FACIAL-1.jpg","type":"image\/jpeg"}],"twitter_card":"summary_large_image","twitter_misc":{"Tiempo de lectura":"1 minuto"},"schema":{"@context":"https:\/\/schema.org","@graph":[{"@type":"WebPage","@id":"https:\/\/soymat.com\/producto\/mascara-proteccion-facial-lusqtoff\/","url":"https:\/\/soymat.com\/producto\/mascara-proteccion-facial-lusqtoff\/","name":"M\u00e1scara Protecci\u00f3n Facial Lusqtoff - SoyMat \u2013 Seguridad Industrial","isPartOf":{"@id":"https:\/\/soymat.com\/#website"},"primaryImageOfPage":{"@id":"https:\/\/soymat.com\/producto\/mascara-proteccion-facial-lusqtoff\/#primaryimage"},"image":{"@id":"https:\/\/soymat.com\/producto\/mascara-proteccion-facial-lusqtoff\/#primaryimage"},"thumbnailUrl":"https:\/\/soymat.com\/wp-content\/uploads\/2025\/12\/LQMP-8-MASCARA-PROTECCION-FACIAL-1.jpg","datePublished":"2025-12-16T02:48:08+00:00","dateModified":"2026-01-06T13:06:54+00:00","breadcrumb":{"@id":"https:\/\/soymat.com\/producto\/mascara-proteccion-facial-lusqtoff\/#breadcrumb"},"inLanguage":"es-AR","potentialAction":[{"@type":"ReadAction","target":["https:\/\/soymat.com\/producto\/mascara-proteccion-facial-lusqtoff\/"]}]},{"@type":"ImageObject","inLanguage":"es-AR","@id":"https:\/\/soymat.com\/producto\/mascara-proteccion-facial-lusqtoff\/#primaryimage","url":"https:\/\/soymat.com\/wp-content\/uploads\/2025\/12\/LQMP-8-MASCARA-PROTECCION-FACIAL-1.jpg","contentUrl":"https:\/\/soymat.com\/wp-content\/uploads\/2025\/12\/LQMP-8-MASCARA-PROTECCION-FACIAL-1.jpg","width":1024,"height":1024},{"@type":"BreadcrumbList","@id":"https:\/\/soymat.com\/producto\/mascara-proteccion-facial-lusqtoff\/#breadcrumb","itemListElement":[{"@type":"ListItem","position":1,"name":"Portada","item":"https:\/\/soymat.com\/"},{"@type":"ListItem","position":2,"name":"Todos los Productos","item":"https:\/\/soymat.com\/shop\/"},{"@type":"ListItem","position":3,"name":"M\u00e1scara Protecci\u00f3n Facial Lusqtoff"}]},{"@type":"WebSite","@id":"https:\/\/soymat.com\/#website","url":"https:\/\/soymat.com\/","name":"So&Mat","description":"Empresa Dedicada a la protecci\u00f3n global contra incendio . matafuegos redes bombas,venta instalaci\u00f3n y service, protecci\u00f3n y confort laboral en todo concepto.","publisher":{"@id":"https:\/\/soymat.com\/#organization"},"alternateName":"So&Mat","potentialAction":[{"@type":"SearchAction","target":{"@type":"EntryPoint","urlTemplate":"https:\/\/soymat.com\/?s={search_term_string}"},"query-input":{"@type":"PropertyValueSpecification","valueRequired":true,"valueName":"search_term_string"}}],"inLanguage":"es-AR"},{"@type":"Organization","@id":"https:\/\/soymat.com\/#organization","name":"So&Mat","url":"https:\/\/soymat.com\/","logo":{"@type":"ImageObject","inLanguage":"es-AR","@id":"https:\/\/soymat.com\/#\/schema\/logo\/image\/","url":"https:\/\/soymat.com\/wp-content\/uploads\/2024\/08\/SoyMat.jpg","contentUrl":"https:\/\/soymat.com\/wp-content\/uploads\/2024\/08\/SoyMat.jpg","width":600,"height":236,"caption":"So&Mat"},"image":{"@id":"https:\/\/soymat.com\/#\/schema\/logo\/image\/"}}]}},"_links":{"self":[{"href":"https:\/\/soymat.com\/es\/wp-json\/wp\/v2\/product\/24369","targetHints":{"allow":["GET"]}}],"collection":[{"href":"https:\/\/soymat.com\/es\/wp-json\/wp\/v2\/product"}],"about":[{"href":"https:\/\/soymat.com\/es\/wp-json\/wp\/v2\/types\/product"}],"wp:featuredmedia":[{"embeddable":true,"href":"https:\/\/soymat.com\/es\/wp-json\/wp\/v2\/media\/24371"}],"wp:attachment":[{"href":"https:\/\/soymat.com\/es\/wp-json\/wp\/v2\/media?parent=24369"}],"wp:term":[{"taxonomy":"product_cat","embeddable":true,"href":"https:\/\/soymat.com\/es\/wp-json\/wp\/v2\/product_cat?post=24369"},{"taxonomy":"product_tag","embeddable":true,"href":"https:\/\/soymat.com\/es\/wp-json\/wp\/v2\/product_tag?post=24369"}],"curies":[{"name":"wp","href":"https:\/\/api.w.org\/{rel}","templated":true}]}}