{"id":24374,"date":"2025-12-16T06:40:27","date_gmt":"2025-12-16T09:40:27","guid":{"rendered":"https:\/\/soymat.com\/?post_type=product&#038;p=24374"},"modified":"2026-04-06T13:06:19","modified_gmt":"2026-04-06T16:06:19","slug":"atornillador-destornillador-lapicera-inalambrico-4v-con-puntas-y-estuche-lusqtoff","status":"publish","type":"product","link":"https:\/\/soymat.com\/es\/producto\/atornillador-destornillador-lapicera-inalambrico-4v-con-puntas-y-estuche-lusqtoff\/","title":{"rendered":"Atornillador Destornillador Lapicera Inalambrico 4V con Puntas y Estuche Lusqtoff"},"content":{"rendered":"<p><strong>Atornillador Destornillador Lapicera Inalambrico 4V con Puntas y Estuche Lusqtoff<\/strong><br \/>\nCod. ADL4-8<\/p>\n<p>\u2022 Tensi\u00f3n: 4 V.<br \/>\n\u2022 Bater\u00eda: 2 Ah \u2013 Lithium-ion.<br \/>\n\u2022 Tiempo de Carga: 90 min.<br \/>\n\u2022 Velocidad sin Carga: 260 min-1.<br \/>\n\u2022 Fuerza de Torsi\u00f3n max: 5 Nm.<br \/>\n\u2022 Giro con reserva.<br \/>\n\u2022 Encastre 1\u20444 . 6,35 mm.<br \/>\n\u2022 Luz led.<br \/>\n\u2022 Indicador de Carga.<br \/>\n\u2022 Peso: 700 Grs.<\/p>\n<p>INCLUYE<br \/>\n\u2022 1 cable usb (tipo c).<br \/>\n\u2022 1 adaptador magnetico 1\/4&#8243;.<br \/>\n\u2022 1 estuche.<br \/>\n\u2022 25 puntas:<br \/>\n4 planas de 25 mm: sl3 \u2022 sl4 \u2022 sl5 \u2022 sl6<br \/>\n2 planas de 45 mm: sl3 \u2022 sl5<br \/>\n3 pozidriv de 25 mm: pz1 \u2022 pz2 \u2022 pz3<br \/>\n5 torx de 25 mm: t10 \u2022 t15 \u2022 t20 \u2022 t25 \u2022 t30<br \/>\n1 torx de 45 mm: t20<br \/>\n3 phillips de 25 mm: ph1 \u2022 ph2 \u2022 ph3<br \/>\n2 phillips de 45 mm: ph1 \u2022 ph2<br \/>\n5 hexago. De 25 mm: h2 \u2022 h3 \u2022 h4 \u2022 h5 \u2022 h6<\/p>","protected":false},"excerpt":{"rendered":"<p>Atornillador Destornillador Lapicera Inalambrico 4V con Puntas y Estuche Lusqtoff Cod. ADL4-8 \u2022 Tensi\u00f3n: 4 V. \u2022 Bater\u00eda: 2 Ah \u2013 Lithium-ion. \u2022 Tiempo de Carga: 90 min. \u2022 Velocidad sin Carga: 260 min-1. \u2022 Fuerza de Torsi\u00f3n max: 5 Nm. \u2022 Giro con reserva. \u2022 Encastre 1\u20444 . 6,35 mm. \u2022 Luz led. \u2022 [&hellip;]<\/p>\n","protected":false},"featured_media":24379,"template":"","meta":[],"product_cat":[191],"product_tag":[986,988,199,987],"class_list":{"0":"post-24374","1":"product","2":"type-product","3":"status-publish","4":"has-post-thumbnail","6":"product_brand-lusqtoff-maquinas-y-herramientas-electricas-manuales","7":"product_cat-maquinas-y-herramientas","8":"product_tag-atornillador-inalabrico","9":"product_tag-destornillador-inalambrico","10":"product_tag-herramientas-a-bateria","11":"product_tag-lapicera-atornillador","13":"first","14":"instock","15":"taxable","16":"shipping-taxable","17":"purchasable","18":"product-type-simple","19":"add-to-wishlist-after_add_to_cart"},"yoast_head":"<!-- This site is optimized with the Yoast SEO Premium plugin v26.9 (Yoast SEO v26.9) - https:\/\/yoast.com\/product\/yoast-seo-premium-wordpress\/ -->\n<title>Atornillador Destornillador Lapicera Inalambrico 4V con Puntas y Estuche Lusqtoff - SoyMat \u2013 Seguridad Industrial<\/title>\n<meta name=\"robots\" content=\"index, follow, max-snippet:-1, max-image-preview:large, max-video-preview:-1\" \/>\n<link rel=\"canonical\" href=\"https:\/\/soymat.com\/es\/producto\/atornillador-destornillador-lapicera-inalambrico-4v-con-puntas-y-estuche-lusqtoff\/\" \/>\n<meta property=\"og:locale\" content=\"es_ES\" \/>\n<meta property=\"og:type\" content=\"article\" \/>\n<meta property=\"og:title\" content=\"Atornillador Destornillador Lapicera Inalambrico 4V con Puntas y Estuche Lusqtoff\" \/>\n<meta property=\"og:description\" content=\"Atornillador Destornillador Lapicera Inalambrico 4V con Puntas y Estuche Lusqtoff Cod. ADL4-8 \u2022 Tensi\u00f3n: 4 V. \u2022 Bater\u00eda: 2 Ah \u2013 Lithium-ion. \u2022 Tiempo de Carga: 90 min. \u2022 Velocidad sin Carga: 260 min-1. \u2022 Fuerza de Torsi\u00f3n max: 5 Nm. \u2022 Giro con reserva. \u2022 Encastre 1\u20444 . 6,35 mm. \u2022 Luz led. \u2022 [&hellip;]\" \/>\n<meta property=\"og:url\" content=\"https:\/\/soymat.com\/es\/producto\/atornillador-destornillador-lapicera-inalambrico-4v-con-puntas-y-estuche-lusqtoff\/\" \/>\n<meta property=\"og:site_name\" content=\"SoyMat \u2013 Seguridad Industrial\" \/>\n<meta property=\"article:modified_time\" content=\"2026-04-06T16:06:19+00:00\" \/>\n<meta property=\"og:image\" content=\"https:\/\/soymat.com\/wp-content\/uploads\/2025\/12\/ADL4-8_5_web.jpg\" \/>\n\t<meta property=\"og:image:width\" content=\"1000\" \/>\n\t<meta property=\"og:image:height\" content=\"1000\" \/>\n\t<meta property=\"og:image:type\" content=\"image\/jpeg\" \/>\n<meta name=\"twitter:card\" content=\"summary_large_image\" \/>\n<meta name=\"twitter:label1\" content=\"Tiempo de lectura\" \/>\n\t<meta name=\"twitter:data1\" content=\"1 minuto\" \/>\n<script type=\"application\/ld+json\" class=\"yoast-schema-graph\">{\"@context\":\"https:\/\/schema.org\",\"@graph\":[{\"@type\":\"WebPage\",\"@id\":\"https:\/\/soymat.com\/producto\/atornillador-destornillador-lapicera-inalambrico-4v-con-puntas-y-estuche-lusqtoff\/\",\"url\":\"https:\/\/soymat.com\/producto\/atornillador-destornillador-lapicera-inalambrico-4v-con-puntas-y-estuche-lusqtoff\/\",\"name\":\"Atornillador Destornillador Lapicera Inalambrico 4V con Puntas y Estuche Lusqtoff - SoyMat \u2013 Seguridad Industrial\",\"isPartOf\":{\"@id\":\"https:\/\/soymat.com\/#website\"},\"primaryImageOfPage\":{\"@id\":\"https:\/\/soymat.com\/producto\/atornillador-destornillador-lapicera-inalambrico-4v-con-puntas-y-estuche-lusqtoff\/#primaryimage\"},\"image\":{\"@id\":\"https:\/\/soymat.com\/producto\/atornillador-destornillador-lapicera-inalambrico-4v-con-puntas-y-estuche-lusqtoff\/#primaryimage\"},\"thumbnailUrl\":\"https:\/\/soymat.com\/wp-content\/uploads\/2025\/12\/ADL4-8_5_web.jpg\",\"datePublished\":\"2025-12-16T09:40:27+00:00\",\"dateModified\":\"2026-04-06T16:06:19+00:00\",\"breadcrumb\":{\"@id\":\"https:\/\/soymat.com\/producto\/atornillador-destornillador-lapicera-inalambrico-4v-con-puntas-y-estuche-lusqtoff\/#breadcrumb\"},\"inLanguage\":\"es-AR\",\"potentialAction\":[{\"@type\":\"ReadAction\",\"target\":[\"https:\/\/soymat.com\/producto\/atornillador-destornillador-lapicera-inalambrico-4v-con-puntas-y-estuche-lusqtoff\/\"]}]},{\"@type\":\"ImageObject\",\"inLanguage\":\"es-AR\",\"@id\":\"https:\/\/soymat.com\/producto\/atornillador-destornillador-lapicera-inalambrico-4v-con-puntas-y-estuche-lusqtoff\/#primaryimage\",\"url\":\"https:\/\/soymat.com\/wp-content\/uploads\/2025\/12\/ADL4-8_5_web.jpg\",\"contentUrl\":\"https:\/\/soymat.com\/wp-content\/uploads\/2025\/12\/ADL4-8_5_web.jpg\",\"width\":1000,\"height\":1000},{\"@type\":\"BreadcrumbList\",\"@id\":\"https:\/\/soymat.com\/producto\/atornillador-destornillador-lapicera-inalambrico-4v-con-puntas-y-estuche-lusqtoff\/#breadcrumb\",\"itemListElement\":[{\"@type\":\"ListItem\",\"position\":1,\"name\":\"Portada\",\"item\":\"https:\/\/soymat.com\/\"},{\"@type\":\"ListItem\",\"position\":2,\"name\":\"Todos los Productos\",\"item\":\"https:\/\/soymat.com\/shop\/\"},{\"@type\":\"ListItem\",\"position\":3,\"name\":\"Atornillador Destornillador Lapicera Inalambrico 4V con Puntas y Estuche Lusqtoff\"}]},{\"@type\":\"WebSite\",\"@id\":\"https:\/\/soymat.com\/#website\",\"url\":\"https:\/\/soymat.com\/\",\"name\":\"So&Mat\",\"description\":\"Empresa Dedicada a la protecci\u00f3n global contra incendio . matafuegos redes bombas,venta instalaci\u00f3n y service, protecci\u00f3n y confort laboral en todo concepto.\",\"publisher\":{\"@id\":\"https:\/\/soymat.com\/#organization\"},\"alternateName\":\"So&Mat\",\"potentialAction\":[{\"@type\":\"SearchAction\",\"target\":{\"@type\":\"EntryPoint\",\"urlTemplate\":\"https:\/\/soymat.com\/?s={search_term_string}\"},\"query-input\":{\"@type\":\"PropertyValueSpecification\",\"valueRequired\":true,\"valueName\":\"search_term_string\"}}],\"inLanguage\":\"es-AR\"},{\"@type\":\"Organization\",\"@id\":\"https:\/\/soymat.com\/#organization\",\"name\":\"So&Mat\",\"url\":\"https:\/\/soymat.com\/\",\"logo\":{\"@type\":\"ImageObject\",\"inLanguage\":\"es-AR\",\"@id\":\"https:\/\/soymat.com\/#\/schema\/logo\/image\/\",\"url\":\"https:\/\/soymat.com\/wp-content\/uploads\/2024\/08\/SoyMat.jpg\",\"contentUrl\":\"https:\/\/soymat.com\/wp-content\/uploads\/2024\/08\/SoyMat.jpg\",\"width\":600,\"height\":236,\"caption\":\"So&Mat\"},\"image\":{\"@id\":\"https:\/\/soymat.com\/#\/schema\/logo\/image\/\"}}]}<\/script>\n<!-- \/ Yoast SEO Premium plugin. -->","yoast_head_json":{"title":"Atornillador Destornillador Lapicera Inalambrico 4V con Puntas y Estuche Lusqtoff - SoyMat \u2013 Seguridad Industrial","robots":{"index":"index","follow":"follow","max-snippet":"max-snippet:-1","max-image-preview":"max-image-preview:large","max-video-preview":"max-video-preview:-1"},"canonical":"https:\/\/soymat.com\/es\/producto\/atornillador-destornillador-lapicera-inalambrico-4v-con-puntas-y-estuche-lusqtoff\/","og_locale":"es_ES","og_type":"article","og_title":"Atornillador Destornillador Lapicera Inalambrico 4V con Puntas y Estuche Lusqtoff","og_description":"Atornillador Destornillador Lapicera Inalambrico 4V con Puntas y Estuche Lusqtoff Cod. ADL4-8 \u2022 Tensi\u00f3n: 4 V. \u2022 Bater\u00eda: 2 Ah \u2013 Lithium-ion. \u2022 Tiempo de Carga: 90 min. \u2022 Velocidad sin Carga: 260 min-1. \u2022 Fuerza de Torsi\u00f3n max: 5 Nm. \u2022 Giro con reserva. \u2022 Encastre 1\u20444 . 6,35 mm. \u2022 Luz led. \u2022 [&hellip;]","og_url":"https:\/\/soymat.com\/es\/producto\/atornillador-destornillador-lapicera-inalambrico-4v-con-puntas-y-estuche-lusqtoff\/","og_site_name":"SoyMat \u2013 Seguridad Industrial","article_modified_time":"2026-04-06T16:06:19+00:00","og_image":[{"width":1000,"height":1000,"url":"https:\/\/soymat.com\/wp-content\/uploads\/2025\/12\/ADL4-8_5_web.jpg","type":"image\/jpeg"}],"twitter_card":"summary_large_image","twitter_misc":{"Tiempo de lectura":"1 minuto"},"schema":{"@context":"https:\/\/schema.org","@graph":[{"@type":"WebPage","@id":"https:\/\/soymat.com\/producto\/atornillador-destornillador-lapicera-inalambrico-4v-con-puntas-y-estuche-lusqtoff\/","url":"https:\/\/soymat.com\/producto\/atornillador-destornillador-lapicera-inalambrico-4v-con-puntas-y-estuche-lusqtoff\/","name":"Atornillador Destornillador Lapicera Inalambrico 4V con Puntas y Estuche Lusqtoff - SoyMat \u2013 Seguridad Industrial","isPartOf":{"@id":"https:\/\/soymat.com\/#website"},"primaryImageOfPage":{"@id":"https:\/\/soymat.com\/producto\/atornillador-destornillador-lapicera-inalambrico-4v-con-puntas-y-estuche-lusqtoff\/#primaryimage"},"image":{"@id":"https:\/\/soymat.com\/producto\/atornillador-destornillador-lapicera-inalambrico-4v-con-puntas-y-estuche-lusqtoff\/#primaryimage"},"thumbnailUrl":"https:\/\/soymat.com\/wp-content\/uploads\/2025\/12\/ADL4-8_5_web.jpg","datePublished":"2025-12-16T09:40:27+00:00","dateModified":"2026-04-06T16:06:19+00:00","breadcrumb":{"@id":"https:\/\/soymat.com\/producto\/atornillador-destornillador-lapicera-inalambrico-4v-con-puntas-y-estuche-lusqtoff\/#breadcrumb"},"inLanguage":"es-AR","potentialAction":[{"@type":"ReadAction","target":["https:\/\/soymat.com\/producto\/atornillador-destornillador-lapicera-inalambrico-4v-con-puntas-y-estuche-lusqtoff\/"]}]},{"@type":"ImageObject","inLanguage":"es-AR","@id":"https:\/\/soymat.com\/producto\/atornillador-destornillador-lapicera-inalambrico-4v-con-puntas-y-estuche-lusqtoff\/#primaryimage","url":"https:\/\/soymat.com\/wp-content\/uploads\/2025\/12\/ADL4-8_5_web.jpg","contentUrl":"https:\/\/soymat.com\/wp-content\/uploads\/2025\/12\/ADL4-8_5_web.jpg","width":1000,"height":1000},{"@type":"BreadcrumbList","@id":"https:\/\/soymat.com\/producto\/atornillador-destornillador-lapicera-inalambrico-4v-con-puntas-y-estuche-lusqtoff\/#breadcrumb","itemListElement":[{"@type":"ListItem","position":1,"name":"Portada","item":"https:\/\/soymat.com\/"},{"@type":"ListItem","position":2,"name":"Todos los Productos","item":"https:\/\/soymat.com\/shop\/"},{"@type":"ListItem","position":3,"name":"Atornillador Destornillador Lapicera Inalambrico 4V con Puntas y Estuche Lusqtoff"}]},{"@type":"WebSite","@id":"https:\/\/soymat.com\/#website","url":"https:\/\/soymat.com\/","name":"So&Mat","description":"Empresa Dedicada a la protecci\u00f3n global contra incendio . matafuegos redes bombas,venta instalaci\u00f3n y service, protecci\u00f3n y confort laboral en todo concepto.","publisher":{"@id":"https:\/\/soymat.com\/#organization"},"alternateName":"So&Mat","potentialAction":[{"@type":"SearchAction","target":{"@type":"EntryPoint","urlTemplate":"https:\/\/soymat.com\/?s={search_term_string}"},"query-input":{"@type":"PropertyValueSpecification","valueRequired":true,"valueName":"search_term_string"}}],"inLanguage":"es-AR"},{"@type":"Organization","@id":"https:\/\/soymat.com\/#organization","name":"So&Mat","url":"https:\/\/soymat.com\/","logo":{"@type":"ImageObject","inLanguage":"es-AR","@id":"https:\/\/soymat.com\/#\/schema\/logo\/image\/","url":"https:\/\/soymat.com\/wp-content\/uploads\/2024\/08\/SoyMat.jpg","contentUrl":"https:\/\/soymat.com\/wp-content\/uploads\/2024\/08\/SoyMat.jpg","width":600,"height":236,"caption":"So&Mat"},"image":{"@id":"https:\/\/soymat.com\/#\/schema\/logo\/image\/"}}]}},"_links":{"self":[{"href":"https:\/\/soymat.com\/es\/wp-json\/wp\/v2\/product\/24374","targetHints":{"allow":["GET"]}}],"collection":[{"href":"https:\/\/soymat.com\/es\/wp-json\/wp\/v2\/product"}],"about":[{"href":"https:\/\/soymat.com\/es\/wp-json\/wp\/v2\/types\/product"}],"wp:featuredmedia":[{"embeddable":true,"href":"https:\/\/soymat.com\/es\/wp-json\/wp\/v2\/media\/24379"}],"wp:attachment":[{"href":"https:\/\/soymat.com\/es\/wp-json\/wp\/v2\/media?parent=24374"}],"wp:term":[{"taxonomy":"product_cat","embeddable":true,"href":"https:\/\/soymat.com\/es\/wp-json\/wp\/v2\/product_cat?post=24374"},{"taxonomy":"product_tag","embeddable":true,"href":"https:\/\/soymat.com\/es\/wp-json\/wp\/v2\/product_tag?post=24374"}],"curies":[{"name":"wp","href":"https:\/\/api.w.org\/{rel}","templated":true}]}}