{"id":24416,"date":"2025-12-16T07:28:04","date_gmt":"2025-12-16T10:28:04","guid":{"rendered":"https:\/\/soymat.com\/?post_type=product&#038;p=24416"},"modified":"2026-04-01T19:06:05","modified_gmt":"2026-04-01T22:06:05","slug":"roto-martillo-1100w-max-34mm-3-4-j-black-series-lusqtoff","status":"publish","type":"product","link":"https:\/\/soymat.com\/es\/producto\/roto-martillo-1100w-max-34mm-3-4-j-black-series-lusqtoff\/","title":{"rendered":"Roto Martillo 1100w Max. 34mm 3.4 J Black Series Lusqtoff"},"content":{"rendered":"<p><strong>Roto Martillo 1100w Max. 34mm 3.4 J Black Series Lusqtoff<\/strong><br \/>\nCod. RML1100-9<\/p>\n<p><strong>Ficha t\u00e9cnica<\/strong><br \/>\n\u2022 Voltaje: 220 V &#8211; 50 Hz.<br \/>\n\u2022 Potencia: 1100 W<br \/>\n\u2022 Velocidad: 0-1100 RPM.<br \/>\n\u2022 Potencia de impacto \u00fanico: 3.4 J<br \/>\n\u2022 Perforaci\u00f3n en hormig\u00f3n: 34 mm.<br \/>\n\u2022 Perforaci\u00f3n en acero: 13 mm.<br \/>\n\u2022 Perforaci\u00f3n en madera: 30 mm.<\/p>\n<p><strong>INCLUYE<\/strong><br \/>\n\u2022 1 malet\u00edn<br \/>\n\u2022 1 grasa<br \/>\n\u2022 1 cincel<br \/>\n\u2022 1 punta<br \/>\n\u2022 3 mechas para metal<\/p>","protected":false},"excerpt":{"rendered":"<p>Roto Martillo 1100w Max. 34mm 3.4 J Black Series Lusqtoff Cod. RML1100-9 Ficha t\u00e9cnica \u2022 Voltaje: 220 V &#8211; 50 Hz. \u2022 Potencia: 1100 W \u2022 Velocidad: 0-1100 RPM. \u2022 Potencia de impacto \u00fanico: 3.4 J \u2022 Perforaci\u00f3n en hormig\u00f3n: 34 mm. \u2022 Perforaci\u00f3n en acero: 13 mm. \u2022 Perforaci\u00f3n en madera: 30 mm. INCLUYE [&hellip;]<\/p>\n","protected":false},"featured_media":24420,"template":"","meta":[],"product_cat":[191],"product_tag":[996,493,1012,1013,821,414,1010,1011,459],"class_list":{"0":"post-24416","1":"product","2":"type-product","3":"status-publish","4":"has-post-thumbnail","6":"product_brand-lusqtoff-maquinas-y-herramientas-electricas-manuales","7":"product_cat-maquinas-y-herramientas","8":"product_tag-black-series","9":"product_tag-concreto","10":"product_tag-constructora","11":"product_tag-empresa-construccion","12":"product_tag-empresas-constructoras","13":"product_tag-obras","14":"product_tag-roto-martillo","15":"product_tag-roto-martillo-lusqtoff","16":"product_tag-rotomartillo","18":"first","19":"instock","20":"taxable","21":"shipping-taxable","22":"purchasable","23":"product-type-simple","24":"add-to-wishlist-after_add_to_cart"},"yoast_head":"<!-- This site is optimized with the Yoast SEO Premium plugin v26.9 (Yoast SEO v26.9) - https:\/\/yoast.com\/product\/yoast-seo-premium-wordpress\/ -->\n<title>Roto Martillo 1100w Max. 34mm 3.4 J Black Series Lusqtoff - SoyMat \u2013 Seguridad Industrial<\/title>\n<meta name=\"robots\" content=\"index, follow, max-snippet:-1, max-image-preview:large, max-video-preview:-1\" \/>\n<link rel=\"canonical\" href=\"https:\/\/soymat.com\/es\/producto\/roto-martillo-1100w-max-34mm-3-4-j-black-series-lusqtoff\/\" \/>\n<meta property=\"og:locale\" content=\"es_ES\" \/>\n<meta property=\"og:type\" content=\"article\" \/>\n<meta property=\"og:title\" content=\"Roto Martillo 1100w Max. 34mm 3.4 J Black Series Lusqtoff\" \/>\n<meta property=\"og:description\" content=\"Roto Martillo 1100w Max. 34mm 3.4 J Black Series Lusqtoff Cod. RML1100-9 Ficha t\u00e9cnica \u2022 Voltaje: 220 V &#8211; 50 Hz. \u2022 Potencia: 1100 W \u2022 Velocidad: 0-1100 RPM. \u2022 Potencia de impacto \u00fanico: 3.4 J \u2022 Perforaci\u00f3n en hormig\u00f3n: 34 mm. \u2022 Perforaci\u00f3n en acero: 13 mm. \u2022 Perforaci\u00f3n en madera: 30 mm. INCLUYE [&hellip;]\" \/>\n<meta property=\"og:url\" content=\"https:\/\/soymat.com\/es\/producto\/roto-martillo-1100w-max-34mm-3-4-j-black-series-lusqtoff\/\" \/>\n<meta property=\"og:site_name\" content=\"SoyMat \u2013 Seguridad Industrial\" \/>\n<meta property=\"article:modified_time\" content=\"2026-04-01T22:06:05+00:00\" \/>\n<meta property=\"og:image\" content=\"https:\/\/soymat.com\/wp-content\/uploads\/2025\/12\/RML1100-9-ROTOMARTILLO-3.jpg\" \/>\n\t<meta property=\"og:image:width\" content=\"1730\" \/>\n\t<meta property=\"og:image:height\" content=\"1730\" \/>\n\t<meta property=\"og:image:type\" content=\"image\/jpeg\" \/>\n<meta name=\"twitter:card\" content=\"summary_large_image\" \/>\n<meta name=\"twitter:label1\" content=\"Tiempo de lectura\" \/>\n\t<meta name=\"twitter:data1\" content=\"1 minuto\" \/>\n<script type=\"application\/ld+json\" class=\"yoast-schema-graph\">{\"@context\":\"https:\/\/schema.org\",\"@graph\":[{\"@type\":\"WebPage\",\"@id\":\"https:\/\/soymat.com\/producto\/roto-martillo-1100w-max-34mm-3-4-j-black-series-lusqtoff\/\",\"url\":\"https:\/\/soymat.com\/producto\/roto-martillo-1100w-max-34mm-3-4-j-black-series-lusqtoff\/\",\"name\":\"Roto Martillo 1100w Max. 34mm 3.4 J Black Series Lusqtoff - SoyMat \u2013 Seguridad Industrial\",\"isPartOf\":{\"@id\":\"https:\/\/soymat.com\/#website\"},\"primaryImageOfPage\":{\"@id\":\"https:\/\/soymat.com\/producto\/roto-martillo-1100w-max-34mm-3-4-j-black-series-lusqtoff\/#primaryimage\"},\"image\":{\"@id\":\"https:\/\/soymat.com\/producto\/roto-martillo-1100w-max-34mm-3-4-j-black-series-lusqtoff\/#primaryimage\"},\"thumbnailUrl\":\"https:\/\/soymat.com\/wp-content\/uploads\/2025\/12\/RML1100-9-ROTOMARTILLO-3.jpg\",\"datePublished\":\"2025-12-16T10:28:04+00:00\",\"dateModified\":\"2026-04-01T22:06:05+00:00\",\"breadcrumb\":{\"@id\":\"https:\/\/soymat.com\/producto\/roto-martillo-1100w-max-34mm-3-4-j-black-series-lusqtoff\/#breadcrumb\"},\"inLanguage\":\"es-AR\",\"potentialAction\":[{\"@type\":\"ReadAction\",\"target\":[\"https:\/\/soymat.com\/producto\/roto-martillo-1100w-max-34mm-3-4-j-black-series-lusqtoff\/\"]}]},{\"@type\":\"ImageObject\",\"inLanguage\":\"es-AR\",\"@id\":\"https:\/\/soymat.com\/producto\/roto-martillo-1100w-max-34mm-3-4-j-black-series-lusqtoff\/#primaryimage\",\"url\":\"https:\/\/soymat.com\/wp-content\/uploads\/2025\/12\/RML1100-9-ROTOMARTILLO-3.jpg\",\"contentUrl\":\"https:\/\/soymat.com\/wp-content\/uploads\/2025\/12\/RML1100-9-ROTOMARTILLO-3.jpg\",\"width\":1730,\"height\":1730},{\"@type\":\"BreadcrumbList\",\"@id\":\"https:\/\/soymat.com\/producto\/roto-martillo-1100w-max-34mm-3-4-j-black-series-lusqtoff\/#breadcrumb\",\"itemListElement\":[{\"@type\":\"ListItem\",\"position\":1,\"name\":\"Portada\",\"item\":\"https:\/\/soymat.com\/\"},{\"@type\":\"ListItem\",\"position\":2,\"name\":\"Todos los Productos\",\"item\":\"https:\/\/soymat.com\/shop\/\"},{\"@type\":\"ListItem\",\"position\":3,\"name\":\"Roto Martillo 1100w Max. 34mm 3.4 J Black Series Lusqtoff\"}]},{\"@type\":\"WebSite\",\"@id\":\"https:\/\/soymat.com\/#website\",\"url\":\"https:\/\/soymat.com\/\",\"name\":\"So&Mat\",\"description\":\"Empresa Dedicada a la protecci\u00f3n global contra incendio . matafuegos redes bombas,venta instalaci\u00f3n y service, protecci\u00f3n y confort laboral en todo concepto.\",\"publisher\":{\"@id\":\"https:\/\/soymat.com\/#organization\"},\"alternateName\":\"So&Mat\",\"potentialAction\":[{\"@type\":\"SearchAction\",\"target\":{\"@type\":\"EntryPoint\",\"urlTemplate\":\"https:\/\/soymat.com\/?s={search_term_string}\"},\"query-input\":{\"@type\":\"PropertyValueSpecification\",\"valueRequired\":true,\"valueName\":\"search_term_string\"}}],\"inLanguage\":\"es-AR\"},{\"@type\":\"Organization\",\"@id\":\"https:\/\/soymat.com\/#organization\",\"name\":\"So&Mat\",\"url\":\"https:\/\/soymat.com\/\",\"logo\":{\"@type\":\"ImageObject\",\"inLanguage\":\"es-AR\",\"@id\":\"https:\/\/soymat.com\/#\/schema\/logo\/image\/\",\"url\":\"https:\/\/soymat.com\/wp-content\/uploads\/2024\/08\/SoyMat.jpg\",\"contentUrl\":\"https:\/\/soymat.com\/wp-content\/uploads\/2024\/08\/SoyMat.jpg\",\"width\":600,\"height\":236,\"caption\":\"So&Mat\"},\"image\":{\"@id\":\"https:\/\/soymat.com\/#\/schema\/logo\/image\/\"}}]}<\/script>\n<!-- \/ Yoast SEO Premium plugin. -->","yoast_head_json":{"title":"Roto Martillo 1100w Max. 34mm 3.4 J Black Series Lusqtoff - SoyMat \u2013 Seguridad Industrial","robots":{"index":"index","follow":"follow","max-snippet":"max-snippet:-1","max-image-preview":"max-image-preview:large","max-video-preview":"max-video-preview:-1"},"canonical":"https:\/\/soymat.com\/es\/producto\/roto-martillo-1100w-max-34mm-3-4-j-black-series-lusqtoff\/","og_locale":"es_ES","og_type":"article","og_title":"Roto Martillo 1100w Max. 34mm 3.4 J Black Series Lusqtoff","og_description":"Roto Martillo 1100w Max. 34mm 3.4 J Black Series Lusqtoff Cod. RML1100-9 Ficha t\u00e9cnica \u2022 Voltaje: 220 V &#8211; 50 Hz. \u2022 Potencia: 1100 W \u2022 Velocidad: 0-1100 RPM. \u2022 Potencia de impacto \u00fanico: 3.4 J \u2022 Perforaci\u00f3n en hormig\u00f3n: 34 mm. \u2022 Perforaci\u00f3n en acero: 13 mm. \u2022 Perforaci\u00f3n en madera: 30 mm. INCLUYE [&hellip;]","og_url":"https:\/\/soymat.com\/es\/producto\/roto-martillo-1100w-max-34mm-3-4-j-black-series-lusqtoff\/","og_site_name":"SoyMat \u2013 Seguridad Industrial","article_modified_time":"2026-04-01T22:06:05+00:00","og_image":[{"width":1730,"height":1730,"url":"https:\/\/soymat.com\/wp-content\/uploads\/2025\/12\/RML1100-9-ROTOMARTILLO-3.jpg","type":"image\/jpeg"}],"twitter_card":"summary_large_image","twitter_misc":{"Tiempo de lectura":"1 minuto"},"schema":{"@context":"https:\/\/schema.org","@graph":[{"@type":"WebPage","@id":"https:\/\/soymat.com\/producto\/roto-martillo-1100w-max-34mm-3-4-j-black-series-lusqtoff\/","url":"https:\/\/soymat.com\/producto\/roto-martillo-1100w-max-34mm-3-4-j-black-series-lusqtoff\/","name":"Roto Martillo 1100w Max. 34mm 3.4 J Black Series Lusqtoff - SoyMat \u2013 Seguridad Industrial","isPartOf":{"@id":"https:\/\/soymat.com\/#website"},"primaryImageOfPage":{"@id":"https:\/\/soymat.com\/producto\/roto-martillo-1100w-max-34mm-3-4-j-black-series-lusqtoff\/#primaryimage"},"image":{"@id":"https:\/\/soymat.com\/producto\/roto-martillo-1100w-max-34mm-3-4-j-black-series-lusqtoff\/#primaryimage"},"thumbnailUrl":"https:\/\/soymat.com\/wp-content\/uploads\/2025\/12\/RML1100-9-ROTOMARTILLO-3.jpg","datePublished":"2025-12-16T10:28:04+00:00","dateModified":"2026-04-01T22:06:05+00:00","breadcrumb":{"@id":"https:\/\/soymat.com\/producto\/roto-martillo-1100w-max-34mm-3-4-j-black-series-lusqtoff\/#breadcrumb"},"inLanguage":"es-AR","potentialAction":[{"@type":"ReadAction","target":["https:\/\/soymat.com\/producto\/roto-martillo-1100w-max-34mm-3-4-j-black-series-lusqtoff\/"]}]},{"@type":"ImageObject","inLanguage":"es-AR","@id":"https:\/\/soymat.com\/producto\/roto-martillo-1100w-max-34mm-3-4-j-black-series-lusqtoff\/#primaryimage","url":"https:\/\/soymat.com\/wp-content\/uploads\/2025\/12\/RML1100-9-ROTOMARTILLO-3.jpg","contentUrl":"https:\/\/soymat.com\/wp-content\/uploads\/2025\/12\/RML1100-9-ROTOMARTILLO-3.jpg","width":1730,"height":1730},{"@type":"BreadcrumbList","@id":"https:\/\/soymat.com\/producto\/roto-martillo-1100w-max-34mm-3-4-j-black-series-lusqtoff\/#breadcrumb","itemListElement":[{"@type":"ListItem","position":1,"name":"Portada","item":"https:\/\/soymat.com\/"},{"@type":"ListItem","position":2,"name":"Todos los Productos","item":"https:\/\/soymat.com\/shop\/"},{"@type":"ListItem","position":3,"name":"Roto Martillo 1100w Max. 34mm 3.4 J Black Series Lusqtoff"}]},{"@type":"WebSite","@id":"https:\/\/soymat.com\/#website","url":"https:\/\/soymat.com\/","name":"So&Mat","description":"Empresa Dedicada a la protecci\u00f3n global contra incendio . matafuegos redes bombas,venta instalaci\u00f3n y service, protecci\u00f3n y confort laboral en todo concepto.","publisher":{"@id":"https:\/\/soymat.com\/#organization"},"alternateName":"So&Mat","potentialAction":[{"@type":"SearchAction","target":{"@type":"EntryPoint","urlTemplate":"https:\/\/soymat.com\/?s={search_term_string}"},"query-input":{"@type":"PropertyValueSpecification","valueRequired":true,"valueName":"search_term_string"}}],"inLanguage":"es-AR"},{"@type":"Organization","@id":"https:\/\/soymat.com\/#organization","name":"So&Mat","url":"https:\/\/soymat.com\/","logo":{"@type":"ImageObject","inLanguage":"es-AR","@id":"https:\/\/soymat.com\/#\/schema\/logo\/image\/","url":"https:\/\/soymat.com\/wp-content\/uploads\/2024\/08\/SoyMat.jpg","contentUrl":"https:\/\/soymat.com\/wp-content\/uploads\/2024\/08\/SoyMat.jpg","width":600,"height":236,"caption":"So&Mat"},"image":{"@id":"https:\/\/soymat.com\/#\/schema\/logo\/image\/"}}]}},"_links":{"self":[{"href":"https:\/\/soymat.com\/es\/wp-json\/wp\/v2\/product\/24416","targetHints":{"allow":["GET"]}}],"collection":[{"href":"https:\/\/soymat.com\/es\/wp-json\/wp\/v2\/product"}],"about":[{"href":"https:\/\/soymat.com\/es\/wp-json\/wp\/v2\/types\/product"}],"wp:featuredmedia":[{"embeddable":true,"href":"https:\/\/soymat.com\/es\/wp-json\/wp\/v2\/media\/24420"}],"wp:attachment":[{"href":"https:\/\/soymat.com\/es\/wp-json\/wp\/v2\/media?parent=24416"}],"wp:term":[{"taxonomy":"product_cat","embeddable":true,"href":"https:\/\/soymat.com\/es\/wp-json\/wp\/v2\/product_cat?post=24416"},{"taxonomy":"product_tag","embeddable":true,"href":"https:\/\/soymat.com\/es\/wp-json\/wp\/v2\/product_tag?post=24416"}],"curies":[{"name":"wp","href":"https:\/\/api.w.org\/{rel}","templated":true}]}}