{"id":24424,"date":"2025-12-16T07:32:23","date_gmt":"2025-12-16T10:32:23","guid":{"rendered":"https:\/\/soymat.com\/?post_type=product&#038;p=24424"},"modified":"2026-02-18T19:06:14","modified_gmt":"2026-02-18T22:06:14","slug":"soplador-aspirador-inalambrico-a-bateria-black-series-lusqtoff","status":"publish","type":"product","link":"https:\/\/soymat.com\/es\/producto\/soplador-aspirador-inalambrico-a-bateria-black-series-lusqtoff\/","title":{"rendered":"Soplador Aspirador Inalambrico a bateria Black Series Lusqtoff"},"content":{"rendered":"<p><strong>Soplador Aspirador Inalambrico a bateria Black Series Lusqtoff<\/strong><br \/>\nCod. SPL2.6-9BK<\/p>\n<p>Ficha t\u00e9cnica<\/p>\n<p>\u2022 Tensi\u00f3n: 18 V<br \/>\n\u2022 Amper bater\u00eda: 4 Ah<br \/>\n\u2022 Flujo de aire: 2,6m\/m<br \/>\n\u2022 Velocidad variable: N0 0-11000\/min \u2013 N019000\/min<br \/>\n\u2022 Tubo medida: 23,2 cm.<br \/>\n\u2022 Funci\u00f3n soplador-aspirador<br \/>\n\u2022 3 a\u00f1os de garant\u00eda<\/p>\n<p>INCLUYE<\/p>\n<p>\u2022 1 tubo de extensi\u00f3n<br \/>\n\u2022 1 bolsa recolectora<br \/>\n\u2022 2 bater\u00edas de 4 Ah<br \/>\n\u2022 1 cargador<\/p>\n<p>Caracter\u00edsticas<br \/>\n\u2022 Posee velocidad variable<br \/>\n\u2022 Bolsa recolectora con cierre<br \/>\n\u2022 Tubo de extensi\u00f3n: 23,2 cm.<\/p>","protected":false},"excerpt":{"rendered":"<p>Soplador Aspirador Inalambrico a bateria Black Series Lusqtoff Cod. SPL2.6-9BK Ficha t\u00e9cnica \u2022 Tensi\u00f3n: 18 V \u2022 Amper bater\u00eda: 4 Ah \u2022 Flujo de aire: 2,6m\/m \u2022 Velocidad variable: N0 0-11000\/min \u2013 N019000\/min \u2022 Tubo medida: 23,2 cm. \u2022 Funci\u00f3n soplador-aspirador \u2022 3 a\u00f1os de garant\u00eda INCLUYE \u2022 1 tubo de extensi\u00f3n \u2022 1 bolsa [&hellip;]<\/p>\n","protected":false},"featured_media":24429,"template":"","meta":[],"product_cat":[191],"product_tag":[996,220,1015,482,864,525,1014],"class_list":{"0":"post-24424","1":"product","2":"type-product","3":"status-publish","4":"has-post-thumbnail","6":"product_brand-lusqtoff-maquinas-y-herramientas-electricas-manuales","7":"product_cat-maquinas-y-herramientas","8":"product_tag-black-series","9":"product_tag-jardineria","10":"product_tag-limpieza-de-veredas","11":"product_tag-lusqtoff","12":"product_tag-mantenimiento-de-jardines","13":"product_tag-parquizado","14":"product_tag-soplador-aspirador","16":"first","17":"instock","18":"taxable","19":"shipping-taxable","20":"purchasable","21":"product-type-simple","22":"add-to-wishlist-after_add_to_cart"},"yoast_head":"<!-- This site is optimized with the Yoast SEO Premium plugin v26.9 (Yoast SEO v26.9) - https:\/\/yoast.com\/product\/yoast-seo-premium-wordpress\/ -->\n<title>Soplador Aspirador Inalambrico a bateria Black Series Lusqtoff - SoyMat \u2013 Seguridad Industrial<\/title>\n<meta name=\"robots\" content=\"index, follow, max-snippet:-1, max-image-preview:large, max-video-preview:-1\" \/>\n<link rel=\"canonical\" href=\"https:\/\/soymat.com\/es\/producto\/soplador-aspirador-inalambrico-a-bateria-black-series-lusqtoff\/\" \/>\n<meta property=\"og:locale\" content=\"es_ES\" \/>\n<meta property=\"og:type\" content=\"article\" \/>\n<meta property=\"og:title\" content=\"Soplador Aspirador Inalambrico a bateria Black Series Lusqtoff\" \/>\n<meta property=\"og:description\" content=\"Soplador Aspirador Inalambrico a bateria Black Series Lusqtoff Cod. SPL2.6-9BK Ficha t\u00e9cnica \u2022 Tensi\u00f3n: 18 V \u2022 Amper bater\u00eda: 4 Ah \u2022 Flujo de aire: 2,6m\/m \u2022 Velocidad variable: N0 0-11000\/min \u2013 N019000\/min \u2022 Tubo medida: 23,2 cm. \u2022 Funci\u00f3n soplador-aspirador \u2022 3 a\u00f1os de garant\u00eda INCLUYE \u2022 1 tubo de extensi\u00f3n \u2022 1 bolsa [&hellip;]\" \/>\n<meta property=\"og:url\" content=\"https:\/\/soymat.com\/es\/producto\/soplador-aspirador-inalambrico-a-bateria-black-series-lusqtoff\/\" \/>\n<meta property=\"og:site_name\" content=\"SoyMat \u2013 Seguridad Industrial\" \/>\n<meta property=\"article:modified_time\" content=\"2026-02-18T22:06:14+00:00\" \/>\n<meta property=\"og:image\" content=\"https:\/\/soymat.com\/wp-content\/uploads\/2025\/12\/SPL2-6-9BK_1web.jpg\" \/>\n\t<meta property=\"og:image:width\" content=\"1000\" \/>\n\t<meta property=\"og:image:height\" content=\"1000\" \/>\n\t<meta property=\"og:image:type\" content=\"image\/jpeg\" \/>\n<meta name=\"twitter:card\" content=\"summary_large_image\" \/>\n<meta name=\"twitter:label1\" content=\"Tiempo de lectura\" \/>\n\t<meta name=\"twitter:data1\" content=\"1 minuto\" \/>\n<script type=\"application\/ld+json\" class=\"yoast-schema-graph\">{\"@context\":\"https:\/\/schema.org\",\"@graph\":[{\"@type\":\"WebPage\",\"@id\":\"https:\/\/soymat.com\/producto\/soplador-aspirador-inalambrico-a-bateria-black-series-lusqtoff\/\",\"url\":\"https:\/\/soymat.com\/producto\/soplador-aspirador-inalambrico-a-bateria-black-series-lusqtoff\/\",\"name\":\"Soplador Aspirador Inalambrico a bateria Black Series Lusqtoff - SoyMat \u2013 Seguridad Industrial\",\"isPartOf\":{\"@id\":\"https:\/\/soymat.com\/#website\"},\"primaryImageOfPage\":{\"@id\":\"https:\/\/soymat.com\/producto\/soplador-aspirador-inalambrico-a-bateria-black-series-lusqtoff\/#primaryimage\"},\"image\":{\"@id\":\"https:\/\/soymat.com\/producto\/soplador-aspirador-inalambrico-a-bateria-black-series-lusqtoff\/#primaryimage\"},\"thumbnailUrl\":\"https:\/\/soymat.com\/wp-content\/uploads\/2025\/12\/SPL2-6-9BK_1web.jpg\",\"datePublished\":\"2025-12-16T10:32:23+00:00\",\"dateModified\":\"2026-02-18T22:06:14+00:00\",\"breadcrumb\":{\"@id\":\"https:\/\/soymat.com\/producto\/soplador-aspirador-inalambrico-a-bateria-black-series-lusqtoff\/#breadcrumb\"},\"inLanguage\":\"es-AR\",\"potentialAction\":[{\"@type\":\"ReadAction\",\"target\":[\"https:\/\/soymat.com\/producto\/soplador-aspirador-inalambrico-a-bateria-black-series-lusqtoff\/\"]}]},{\"@type\":\"ImageObject\",\"inLanguage\":\"es-AR\",\"@id\":\"https:\/\/soymat.com\/producto\/soplador-aspirador-inalambrico-a-bateria-black-series-lusqtoff\/#primaryimage\",\"url\":\"https:\/\/soymat.com\/wp-content\/uploads\/2025\/12\/SPL2-6-9BK_1web.jpg\",\"contentUrl\":\"https:\/\/soymat.com\/wp-content\/uploads\/2025\/12\/SPL2-6-9BK_1web.jpg\",\"width\":1000,\"height\":1000},{\"@type\":\"BreadcrumbList\",\"@id\":\"https:\/\/soymat.com\/producto\/soplador-aspirador-inalambrico-a-bateria-black-series-lusqtoff\/#breadcrumb\",\"itemListElement\":[{\"@type\":\"ListItem\",\"position\":1,\"name\":\"Portada\",\"item\":\"https:\/\/soymat.com\/\"},{\"@type\":\"ListItem\",\"position\":2,\"name\":\"Todos los Productos\",\"item\":\"https:\/\/soymat.com\/shop\/\"},{\"@type\":\"ListItem\",\"position\":3,\"name\":\"Soplador Aspirador Inalambrico a bateria Black Series Lusqtoff\"}]},{\"@type\":\"WebSite\",\"@id\":\"https:\/\/soymat.com\/#website\",\"url\":\"https:\/\/soymat.com\/\",\"name\":\"So&Mat\",\"description\":\"Empresa Dedicada a la protecci\u00f3n global contra incendio . matafuegos redes bombas,venta instalaci\u00f3n y service, protecci\u00f3n y confort laboral en todo concepto.\",\"publisher\":{\"@id\":\"https:\/\/soymat.com\/#organization\"},\"alternateName\":\"So&Mat\",\"potentialAction\":[{\"@type\":\"SearchAction\",\"target\":{\"@type\":\"EntryPoint\",\"urlTemplate\":\"https:\/\/soymat.com\/?s={search_term_string}\"},\"query-input\":{\"@type\":\"PropertyValueSpecification\",\"valueRequired\":true,\"valueName\":\"search_term_string\"}}],\"inLanguage\":\"es-AR\"},{\"@type\":\"Organization\",\"@id\":\"https:\/\/soymat.com\/#organization\",\"name\":\"So&Mat\",\"url\":\"https:\/\/soymat.com\/\",\"logo\":{\"@type\":\"ImageObject\",\"inLanguage\":\"es-AR\",\"@id\":\"https:\/\/soymat.com\/#\/schema\/logo\/image\/\",\"url\":\"https:\/\/soymat.com\/wp-content\/uploads\/2024\/08\/SoyMat.jpg\",\"contentUrl\":\"https:\/\/soymat.com\/wp-content\/uploads\/2024\/08\/SoyMat.jpg\",\"width\":600,\"height\":236,\"caption\":\"So&Mat\"},\"image\":{\"@id\":\"https:\/\/soymat.com\/#\/schema\/logo\/image\/\"}}]}<\/script>\n<!-- \/ Yoast SEO Premium plugin. -->","yoast_head_json":{"title":"Soplador Aspirador Inalambrico a bateria Black Series Lusqtoff - SoyMat \u2013 Seguridad Industrial","robots":{"index":"index","follow":"follow","max-snippet":"max-snippet:-1","max-image-preview":"max-image-preview:large","max-video-preview":"max-video-preview:-1"},"canonical":"https:\/\/soymat.com\/es\/producto\/soplador-aspirador-inalambrico-a-bateria-black-series-lusqtoff\/","og_locale":"es_ES","og_type":"article","og_title":"Soplador Aspirador Inalambrico a bateria Black Series Lusqtoff","og_description":"Soplador Aspirador Inalambrico a bateria Black Series Lusqtoff Cod. SPL2.6-9BK Ficha t\u00e9cnica \u2022 Tensi\u00f3n: 18 V \u2022 Amper bater\u00eda: 4 Ah \u2022 Flujo de aire: 2,6m\/m \u2022 Velocidad variable: N0 0-11000\/min \u2013 N019000\/min \u2022 Tubo medida: 23,2 cm. \u2022 Funci\u00f3n soplador-aspirador \u2022 3 a\u00f1os de garant\u00eda INCLUYE \u2022 1 tubo de extensi\u00f3n \u2022 1 bolsa [&hellip;]","og_url":"https:\/\/soymat.com\/es\/producto\/soplador-aspirador-inalambrico-a-bateria-black-series-lusqtoff\/","og_site_name":"SoyMat \u2013 Seguridad Industrial","article_modified_time":"2026-02-18T22:06:14+00:00","og_image":[{"width":1000,"height":1000,"url":"https:\/\/soymat.com\/wp-content\/uploads\/2025\/12\/SPL2-6-9BK_1web.jpg","type":"image\/jpeg"}],"twitter_card":"summary_large_image","twitter_misc":{"Tiempo de lectura":"1 minuto"},"schema":{"@context":"https:\/\/schema.org","@graph":[{"@type":"WebPage","@id":"https:\/\/soymat.com\/producto\/soplador-aspirador-inalambrico-a-bateria-black-series-lusqtoff\/","url":"https:\/\/soymat.com\/producto\/soplador-aspirador-inalambrico-a-bateria-black-series-lusqtoff\/","name":"Soplador Aspirador Inalambrico a bateria Black Series Lusqtoff - SoyMat \u2013 Seguridad Industrial","isPartOf":{"@id":"https:\/\/soymat.com\/#website"},"primaryImageOfPage":{"@id":"https:\/\/soymat.com\/producto\/soplador-aspirador-inalambrico-a-bateria-black-series-lusqtoff\/#primaryimage"},"image":{"@id":"https:\/\/soymat.com\/producto\/soplador-aspirador-inalambrico-a-bateria-black-series-lusqtoff\/#primaryimage"},"thumbnailUrl":"https:\/\/soymat.com\/wp-content\/uploads\/2025\/12\/SPL2-6-9BK_1web.jpg","datePublished":"2025-12-16T10:32:23+00:00","dateModified":"2026-02-18T22:06:14+00:00","breadcrumb":{"@id":"https:\/\/soymat.com\/producto\/soplador-aspirador-inalambrico-a-bateria-black-series-lusqtoff\/#breadcrumb"},"inLanguage":"es-AR","potentialAction":[{"@type":"ReadAction","target":["https:\/\/soymat.com\/producto\/soplador-aspirador-inalambrico-a-bateria-black-series-lusqtoff\/"]}]},{"@type":"ImageObject","inLanguage":"es-AR","@id":"https:\/\/soymat.com\/producto\/soplador-aspirador-inalambrico-a-bateria-black-series-lusqtoff\/#primaryimage","url":"https:\/\/soymat.com\/wp-content\/uploads\/2025\/12\/SPL2-6-9BK_1web.jpg","contentUrl":"https:\/\/soymat.com\/wp-content\/uploads\/2025\/12\/SPL2-6-9BK_1web.jpg","width":1000,"height":1000},{"@type":"BreadcrumbList","@id":"https:\/\/soymat.com\/producto\/soplador-aspirador-inalambrico-a-bateria-black-series-lusqtoff\/#breadcrumb","itemListElement":[{"@type":"ListItem","position":1,"name":"Portada","item":"https:\/\/soymat.com\/"},{"@type":"ListItem","position":2,"name":"Todos los Productos","item":"https:\/\/soymat.com\/shop\/"},{"@type":"ListItem","position":3,"name":"Soplador Aspirador Inalambrico a bateria Black Series Lusqtoff"}]},{"@type":"WebSite","@id":"https:\/\/soymat.com\/#website","url":"https:\/\/soymat.com\/","name":"So&Mat","description":"Empresa Dedicada a la protecci\u00f3n global contra incendio . matafuegos redes bombas,venta instalaci\u00f3n y service, protecci\u00f3n y confort laboral en todo concepto.","publisher":{"@id":"https:\/\/soymat.com\/#organization"},"alternateName":"So&Mat","potentialAction":[{"@type":"SearchAction","target":{"@type":"EntryPoint","urlTemplate":"https:\/\/soymat.com\/?s={search_term_string}"},"query-input":{"@type":"PropertyValueSpecification","valueRequired":true,"valueName":"search_term_string"}}],"inLanguage":"es-AR"},{"@type":"Organization","@id":"https:\/\/soymat.com\/#organization","name":"So&Mat","url":"https:\/\/soymat.com\/","logo":{"@type":"ImageObject","inLanguage":"es-AR","@id":"https:\/\/soymat.com\/#\/schema\/logo\/image\/","url":"https:\/\/soymat.com\/wp-content\/uploads\/2024\/08\/SoyMat.jpg","contentUrl":"https:\/\/soymat.com\/wp-content\/uploads\/2024\/08\/SoyMat.jpg","width":600,"height":236,"caption":"So&Mat"},"image":{"@id":"https:\/\/soymat.com\/#\/schema\/logo\/image\/"}}]}},"_links":{"self":[{"href":"https:\/\/soymat.com\/es\/wp-json\/wp\/v2\/product\/24424","targetHints":{"allow":["GET"]}}],"collection":[{"href":"https:\/\/soymat.com\/es\/wp-json\/wp\/v2\/product"}],"about":[{"href":"https:\/\/soymat.com\/es\/wp-json\/wp\/v2\/types\/product"}],"wp:featuredmedia":[{"embeddable":true,"href":"https:\/\/soymat.com\/es\/wp-json\/wp\/v2\/media\/24429"}],"wp:attachment":[{"href":"https:\/\/soymat.com\/es\/wp-json\/wp\/v2\/media?parent=24424"}],"wp:term":[{"taxonomy":"product_cat","embeddable":true,"href":"https:\/\/soymat.com\/es\/wp-json\/wp\/v2\/product_cat?post=24424"},{"taxonomy":"product_tag","embeddable":true,"href":"https:\/\/soymat.com\/es\/wp-json\/wp\/v2\/product_tag?post=24424"}],"curies":[{"name":"wp","href":"https:\/\/api.w.org\/{rel}","templated":true}]}}