{"id":24449,"date":"2025-12-16T08:50:28","date_gmt":"2025-12-16T11:50:28","guid":{"rendered":"https:\/\/soymat.com\/?post_type=product&#038;p=24449"},"modified":"2025-12-27T13:05:32","modified_gmt":"2025-12-27T16:05:32","slug":"llave-cruz-auto-18-galvanizada-4-medidas-de-boca-pretul","status":"publish","type":"product","link":"https:\/\/soymat.com\/es\/producto\/llave-cruz-auto-18-galvanizada-4-medidas-de-boca-pretul\/","title":{"rendered":"Llave Cruz Auto 18&#8243; Galvanizada 4 medidas de boca &#8211; Pretul"},"content":{"rendered":"<p><strong>Llave Cruz Auto 18&#8243; Galvanizada 4 medidas de boca &#8211; Pretul<\/strong><br \/>\nCod. 21801<\/p>\n<p>&#8211; Cuerpo de acero forjado.<br \/>\n&#8211; Para remover tuercas y birlos de llantas en autom\u00f3viles y camionetas.<br \/>\n&#8211; Tama\u00f1o de bocas 17 mm, 3\/4\u00bb, 13\/16\u00bb, 7\/8\u00bb.<br \/>\n&#8211; Medida: 18\u00bb (45 cm).<br \/>\n&#8211; Peso: 1.4 kg.<br \/>\n&#8211; Tama\u00f1o de bocas: 17 mm, 3\/4&#8243;(19 mm), 13\/16&#8243;(20.5 mm), 7\/8&#8243;(22 mm).<br \/>\n&#8211; Excede la norma especificaci\u00f3n federal: GGG-W-644b \/ DIN-899.<\/p>","protected":false},"excerpt":{"rendered":"<p>Llave Cruz Auto 18&#8243; Galvanizada 4 medidas de boca &#8211; Pretul Cod. 21801 &#8211; Cuerpo de acero forjado. &#8211; Para remover tuercas y birlos de llantas en autom\u00f3viles y camionetas. &#8211; Tama\u00f1o de bocas 17 mm, 3\/4\u00bb, 13\/16\u00bb, 7\/8\u00bb. &#8211; Medida: 18\u00bb (45 cm). &#8211; Peso: 1.4 kg. &#8211; Tama\u00f1o de bocas: 17 mm, 3\/4&#8243;(19 [&hellip;]<\/p>\n","protected":false},"featured_media":24453,"template":"","meta":[],"product_cat":[191],"product_tag":[1023,1022,308,302,1021,1024,923],"class_list":{"0":"post-24449","1":"product","2":"type-product","3":"status-publish","4":"has-post-thumbnail","6":"product_brand-pretul","7":"product_cat-maquinas-y-herramientas","8":"product_tag-a-brasil","9":"product_tag-auxilio-en-ruta","10":"product_tag-auxilio-mecanico","11":"product_tag-gomeria","12":"product_tag-llave-cruz","13":"product_tag-pinchadira-de-ruedas","14":"product_tag-viajes-en-auto","16":"first","17":"instock","18":"taxable","19":"shipping-taxable","20":"purchasable","21":"product-type-simple","22":"add-to-wishlist-after_add_to_cart"},"yoast_head":"<!-- This site is optimized with the Yoast SEO Premium plugin v26.9 (Yoast SEO v26.9) - https:\/\/yoast.com\/product\/yoast-seo-premium-wordpress\/ -->\n<title>Llave Cruz Auto 18&quot; Galvanizada 4 medidas de boca - Pretul - SoyMat \u2013 Seguridad Industrial<\/title>\n<meta name=\"robots\" content=\"index, follow, max-snippet:-1, max-image-preview:large, max-video-preview:-1\" \/>\n<link rel=\"canonical\" href=\"https:\/\/soymat.com\/es\/producto\/llave-cruz-auto-18-galvanizada-4-medidas-de-boca-pretul\/\" \/>\n<meta property=\"og:locale\" content=\"es_ES\" \/>\n<meta property=\"og:type\" content=\"article\" \/>\n<meta property=\"og:title\" content=\"Llave Cruz Auto 18&quot; Galvanizada 4 medidas de boca - Pretul\" \/>\n<meta property=\"og:description\" content=\"Llave Cruz Auto 18&#8243; Galvanizada 4 medidas de boca &#8211; Pretul Cod. 21801 &#8211; Cuerpo de acero forjado. &#8211; Para remover tuercas y birlos de llantas en autom\u00f3viles y camionetas. &#8211; Tama\u00f1o de bocas 17 mm, 3\/4\u00bb, 13\/16\u00bb, 7\/8\u00bb. &#8211; Medida: 18\u00bb (45 cm). &#8211; Peso: 1.4 kg. &#8211; Tama\u00f1o de bocas: 17 mm, 3\/4&#8243;(19 [&hellip;]\" \/>\n<meta property=\"og:url\" content=\"https:\/\/soymat.com\/es\/producto\/llave-cruz-auto-18-galvanizada-4-medidas-de-boca-pretul\/\" \/>\n<meta property=\"og:site_name\" content=\"SoyMat \u2013 Seguridad Industrial\" \/>\n<meta property=\"article:modified_time\" content=\"2025-12-27T16:05:32+00:00\" \/>\n<meta property=\"og:image\" content=\"https:\/\/soymat.com\/wp-content\/uploads\/2025\/12\/21801-LLAVE-CRUZ-PRETUL-P-AUTOMOVIL.jpg\" \/>\n\t<meta property=\"og:image:width\" content=\"1024\" \/>\n\t<meta property=\"og:image:height\" content=\"1024\" \/>\n\t<meta property=\"og:image:type\" content=\"image\/jpeg\" \/>\n<meta name=\"twitter:card\" content=\"summary_large_image\" \/>\n<meta name=\"twitter:label1\" content=\"Tiempo de lectura\" \/>\n\t<meta name=\"twitter:data1\" content=\"1 minuto\" \/>\n<script type=\"application\/ld+json\" class=\"yoast-schema-graph\">{\"@context\":\"https:\/\/schema.org\",\"@graph\":[{\"@type\":\"WebPage\",\"@id\":\"https:\/\/soymat.com\/producto\/llave-cruz-auto-18-galvanizada-4-medidas-de-boca-pretul\/\",\"url\":\"https:\/\/soymat.com\/producto\/llave-cruz-auto-18-galvanizada-4-medidas-de-boca-pretul\/\",\"name\":\"Llave Cruz Auto 18\\\" Galvanizada 4 medidas de boca - Pretul - SoyMat \u2013 Seguridad Industrial\",\"isPartOf\":{\"@id\":\"https:\/\/soymat.com\/#website\"},\"primaryImageOfPage\":{\"@id\":\"https:\/\/soymat.com\/producto\/llave-cruz-auto-18-galvanizada-4-medidas-de-boca-pretul\/#primaryimage\"},\"image\":{\"@id\":\"https:\/\/soymat.com\/producto\/llave-cruz-auto-18-galvanizada-4-medidas-de-boca-pretul\/#primaryimage\"},\"thumbnailUrl\":\"https:\/\/soymat.com\/wp-content\/uploads\/2025\/12\/21801-LLAVE-CRUZ-PRETUL-P-AUTOMOVIL.jpg\",\"datePublished\":\"2025-12-16T11:50:28+00:00\",\"dateModified\":\"2025-12-27T16:05:32+00:00\",\"breadcrumb\":{\"@id\":\"https:\/\/soymat.com\/producto\/llave-cruz-auto-18-galvanizada-4-medidas-de-boca-pretul\/#breadcrumb\"},\"inLanguage\":\"es-AR\",\"potentialAction\":[{\"@type\":\"ReadAction\",\"target\":[\"https:\/\/soymat.com\/producto\/llave-cruz-auto-18-galvanizada-4-medidas-de-boca-pretul\/\"]}]},{\"@type\":\"ImageObject\",\"inLanguage\":\"es-AR\",\"@id\":\"https:\/\/soymat.com\/producto\/llave-cruz-auto-18-galvanizada-4-medidas-de-boca-pretul\/#primaryimage\",\"url\":\"https:\/\/soymat.com\/wp-content\/uploads\/2025\/12\/21801-LLAVE-CRUZ-PRETUL-P-AUTOMOVIL.jpg\",\"contentUrl\":\"https:\/\/soymat.com\/wp-content\/uploads\/2025\/12\/21801-LLAVE-CRUZ-PRETUL-P-AUTOMOVIL.jpg\",\"width\":1024,\"height\":1024},{\"@type\":\"BreadcrumbList\",\"@id\":\"https:\/\/soymat.com\/producto\/llave-cruz-auto-18-galvanizada-4-medidas-de-boca-pretul\/#breadcrumb\",\"itemListElement\":[{\"@type\":\"ListItem\",\"position\":1,\"name\":\"Portada\",\"item\":\"https:\/\/soymat.com\/\"},{\"@type\":\"ListItem\",\"position\":2,\"name\":\"Todos los Productos\",\"item\":\"https:\/\/soymat.com\/shop\/\"},{\"@type\":\"ListItem\",\"position\":3,\"name\":\"Llave Cruz Auto 18&#8243; Galvanizada 4 medidas de boca &#8211; Pretul\"}]},{\"@type\":\"WebSite\",\"@id\":\"https:\/\/soymat.com\/#website\",\"url\":\"https:\/\/soymat.com\/\",\"name\":\"So&Mat\",\"description\":\"Empresa Dedicada a la protecci\u00f3n global contra incendio . matafuegos redes bombas,venta instalaci\u00f3n y service, protecci\u00f3n y confort laboral en todo concepto.\",\"publisher\":{\"@id\":\"https:\/\/soymat.com\/#organization\"},\"alternateName\":\"So&Mat\",\"potentialAction\":[{\"@type\":\"SearchAction\",\"target\":{\"@type\":\"EntryPoint\",\"urlTemplate\":\"https:\/\/soymat.com\/?s={search_term_string}\"},\"query-input\":{\"@type\":\"PropertyValueSpecification\",\"valueRequired\":true,\"valueName\":\"search_term_string\"}}],\"inLanguage\":\"es-AR\"},{\"@type\":\"Organization\",\"@id\":\"https:\/\/soymat.com\/#organization\",\"name\":\"So&Mat\",\"url\":\"https:\/\/soymat.com\/\",\"logo\":{\"@type\":\"ImageObject\",\"inLanguage\":\"es-AR\",\"@id\":\"https:\/\/soymat.com\/#\/schema\/logo\/image\/\",\"url\":\"https:\/\/soymat.com\/wp-content\/uploads\/2024\/08\/SoyMat.jpg\",\"contentUrl\":\"https:\/\/soymat.com\/wp-content\/uploads\/2024\/08\/SoyMat.jpg\",\"width\":600,\"height\":236,\"caption\":\"So&Mat\"},\"image\":{\"@id\":\"https:\/\/soymat.com\/#\/schema\/logo\/image\/\"}}]}<\/script>\n<!-- \/ Yoast SEO Premium plugin. -->","yoast_head_json":{"title":"Llave Cruz Auto 18\" Galvanizada 4 medidas de boca - Pretul - SoyMat \u2013 Seguridad Industrial","robots":{"index":"index","follow":"follow","max-snippet":"max-snippet:-1","max-image-preview":"max-image-preview:large","max-video-preview":"max-video-preview:-1"},"canonical":"https:\/\/soymat.com\/es\/producto\/llave-cruz-auto-18-galvanizada-4-medidas-de-boca-pretul\/","og_locale":"es_ES","og_type":"article","og_title":"Llave Cruz Auto 18\" Galvanizada 4 medidas de boca - Pretul","og_description":"Llave Cruz Auto 18&#8243; Galvanizada 4 medidas de boca &#8211; Pretul Cod. 21801 &#8211; Cuerpo de acero forjado. &#8211; Para remover tuercas y birlos de llantas en autom\u00f3viles y camionetas. &#8211; Tama\u00f1o de bocas 17 mm, 3\/4\u00bb, 13\/16\u00bb, 7\/8\u00bb. &#8211; Medida: 18\u00bb (45 cm). &#8211; Peso: 1.4 kg. &#8211; Tama\u00f1o de bocas: 17 mm, 3\/4&#8243;(19 [&hellip;]","og_url":"https:\/\/soymat.com\/es\/producto\/llave-cruz-auto-18-galvanizada-4-medidas-de-boca-pretul\/","og_site_name":"SoyMat \u2013 Seguridad Industrial","article_modified_time":"2025-12-27T16:05:32+00:00","og_image":[{"width":1024,"height":1024,"url":"https:\/\/soymat.com\/wp-content\/uploads\/2025\/12\/21801-LLAVE-CRUZ-PRETUL-P-AUTOMOVIL.jpg","type":"image\/jpeg"}],"twitter_card":"summary_large_image","twitter_misc":{"Tiempo de lectura":"1 minuto"},"schema":{"@context":"https:\/\/schema.org","@graph":[{"@type":"WebPage","@id":"https:\/\/soymat.com\/producto\/llave-cruz-auto-18-galvanizada-4-medidas-de-boca-pretul\/","url":"https:\/\/soymat.com\/producto\/llave-cruz-auto-18-galvanizada-4-medidas-de-boca-pretul\/","name":"Llave Cruz Auto 18\" Galvanizada 4 medidas de boca - Pretul - SoyMat \u2013 Seguridad Industrial","isPartOf":{"@id":"https:\/\/soymat.com\/#website"},"primaryImageOfPage":{"@id":"https:\/\/soymat.com\/producto\/llave-cruz-auto-18-galvanizada-4-medidas-de-boca-pretul\/#primaryimage"},"image":{"@id":"https:\/\/soymat.com\/producto\/llave-cruz-auto-18-galvanizada-4-medidas-de-boca-pretul\/#primaryimage"},"thumbnailUrl":"https:\/\/soymat.com\/wp-content\/uploads\/2025\/12\/21801-LLAVE-CRUZ-PRETUL-P-AUTOMOVIL.jpg","datePublished":"2025-12-16T11:50:28+00:00","dateModified":"2025-12-27T16:05:32+00:00","breadcrumb":{"@id":"https:\/\/soymat.com\/producto\/llave-cruz-auto-18-galvanizada-4-medidas-de-boca-pretul\/#breadcrumb"},"inLanguage":"es-AR","potentialAction":[{"@type":"ReadAction","target":["https:\/\/soymat.com\/producto\/llave-cruz-auto-18-galvanizada-4-medidas-de-boca-pretul\/"]}]},{"@type":"ImageObject","inLanguage":"es-AR","@id":"https:\/\/soymat.com\/producto\/llave-cruz-auto-18-galvanizada-4-medidas-de-boca-pretul\/#primaryimage","url":"https:\/\/soymat.com\/wp-content\/uploads\/2025\/12\/21801-LLAVE-CRUZ-PRETUL-P-AUTOMOVIL.jpg","contentUrl":"https:\/\/soymat.com\/wp-content\/uploads\/2025\/12\/21801-LLAVE-CRUZ-PRETUL-P-AUTOMOVIL.jpg","width":1024,"height":1024},{"@type":"BreadcrumbList","@id":"https:\/\/soymat.com\/producto\/llave-cruz-auto-18-galvanizada-4-medidas-de-boca-pretul\/#breadcrumb","itemListElement":[{"@type":"ListItem","position":1,"name":"Portada","item":"https:\/\/soymat.com\/"},{"@type":"ListItem","position":2,"name":"Todos los Productos","item":"https:\/\/soymat.com\/shop\/"},{"@type":"ListItem","position":3,"name":"Llave Cruz Auto 18&#8243; Galvanizada 4 medidas de boca &#8211; Pretul"}]},{"@type":"WebSite","@id":"https:\/\/soymat.com\/#website","url":"https:\/\/soymat.com\/","name":"So&Mat","description":"Empresa Dedicada a la protecci\u00f3n global contra incendio . matafuegos redes bombas,venta instalaci\u00f3n y service, protecci\u00f3n y confort laboral en todo concepto.","publisher":{"@id":"https:\/\/soymat.com\/#organization"},"alternateName":"So&Mat","potentialAction":[{"@type":"SearchAction","target":{"@type":"EntryPoint","urlTemplate":"https:\/\/soymat.com\/?s={search_term_string}"},"query-input":{"@type":"PropertyValueSpecification","valueRequired":true,"valueName":"search_term_string"}}],"inLanguage":"es-AR"},{"@type":"Organization","@id":"https:\/\/soymat.com\/#organization","name":"So&Mat","url":"https:\/\/soymat.com\/","logo":{"@type":"ImageObject","inLanguage":"es-AR","@id":"https:\/\/soymat.com\/#\/schema\/logo\/image\/","url":"https:\/\/soymat.com\/wp-content\/uploads\/2024\/08\/SoyMat.jpg","contentUrl":"https:\/\/soymat.com\/wp-content\/uploads\/2024\/08\/SoyMat.jpg","width":600,"height":236,"caption":"So&Mat"},"image":{"@id":"https:\/\/soymat.com\/#\/schema\/logo\/image\/"}}]}},"_links":{"self":[{"href":"https:\/\/soymat.com\/es\/wp-json\/wp\/v2\/product\/24449","targetHints":{"allow":["GET"]}}],"collection":[{"href":"https:\/\/soymat.com\/es\/wp-json\/wp\/v2\/product"}],"about":[{"href":"https:\/\/soymat.com\/es\/wp-json\/wp\/v2\/types\/product"}],"wp:featuredmedia":[{"embeddable":true,"href":"https:\/\/soymat.com\/es\/wp-json\/wp\/v2\/media\/24453"}],"wp:attachment":[{"href":"https:\/\/soymat.com\/es\/wp-json\/wp\/v2\/media?parent=24449"}],"wp:term":[{"taxonomy":"product_cat","embeddable":true,"href":"https:\/\/soymat.com\/es\/wp-json\/wp\/v2\/product_cat?post=24449"},{"taxonomy":"product_tag","embeddable":true,"href":"https:\/\/soymat.com\/es\/wp-json\/wp\/v2\/product_tag?post=24449"}],"curies":[{"name":"wp","href":"https:\/\/api.w.org\/{rel}","templated":true}]}}