{"id":24462,"date":"2025-12-17T20:24:45","date_gmt":"2025-12-17T23:24:45","guid":{"rendered":"https:\/\/soymat.com\/?post_type=product&#038;p=24462"},"modified":"2026-03-03T10:08:18","modified_gmt":"2026-03-03T13:08:18","slug":"motobomba-naftera-2-6-5-hp-196cc-3600rpm-gamma","status":"publish","type":"product","link":"https:\/\/soymat.com\/es\/producto\/motobomba-naftera-2-6-5-hp-196cc-3600rpm-gamma\/","title":{"rendered":"Motobomba Naftera 2\u201d 6.5 HP 196CC 3600RPM GAMMA"},"content":{"rendered":"<p><strong>Motobomba Naftera 2\u201d 6.5 HP 196CC 3600RPM GAMMA<\/strong><br \/>\nCod.: G3445AR<br \/>\nEquipo ideal para el drenaje y bombeo de agua para sectores como la agricultura, la jardiner\u00eda, la industria edilicia, etc.<\/p>\n<p>Bajo consumo de combustible.<br \/>\nBajo nivel de ruido.<br \/>\nIdeal para la industria agr\u00edcola, edilicia y jardiner\u00eda.<\/p>\n<p>Art\u00edculo: G3445AR<br \/>\nModelo: MBG-445<br \/>\nPotencia del motor (HP) 6.5<br \/>\n\u00d8 Cilindro* largo del Pist\u00f3n(mm) 68*54<br \/>\nCilindrada(cc)196<br \/>\nRadio de compresi\u00f3n 8.5:1<br \/>\nPotencia m\u00e1xima de salida (HP\/RPM) 6.5\/3600<br \/>\nAltura de elevaci\u00f3n m\u00e1xima de agua (mts) 26 mts<br \/>\nDi\u00e1metro de ca\u00f1o de entrada y salida de agua 2\u201d (50 mm)<br \/>\nCaudal(m \/h) 30 m3\/H<br \/>\nCaudal (l\/min) 500 l\/min<br \/>\nAltura m\u00e1xima de succi\u00f3n(mts) 7 mts<br \/>\nCapacidad del tanque de combustible(L) 3.6 L<br \/>\nConsumo (L) 0.6 L<\/p>","protected":false},"excerpt":{"rendered":"<p>Motobomba Naftera 2\u201d 6.5 HP 196CC 3600RPM GAMMA Cod.: G3445AR Equipo ideal para el drenaje y bombeo de agua para sectores como la agricultura, la jardiner\u00eda, la industria edilicia, etc. Bajo consumo de combustible. Bajo nivel de ruido. Ideal para la industria agr\u00edcola, edilicia y jardiner\u00eda. Art\u00edculo: G3445AR Modelo: MBG-445 Potencia del motor (HP) 6.5 [&hellip;]<\/p>\n","protected":false},"featured_media":24465,"template":"","meta":[],"product_cat":[191],"product_tag":[1031,1032,164,596,557,220,592,593,1030,858],"class_list":{"0":"post-24462","1":"product","2":"type-product","3":"status-publish","4":"has-post-thumbnail","6":"product_brand-gamma-maquinas-herramientas","7":"product_cat-maquinas-y-herramientas","8":"product_tag-agricultura","9":"product_tag-carga-de-tanques","10":"product_tag-construccion","11":"product_tag-desagote","12":"product_tag-empresa-constructora","13":"product_tag-jardineria","14":"product_tag-motobomba","15":"product_tag-motobomba-agua","16":"product_tag-motobomba-gamma","17":"product_tag-riego","19":"first","20":"instock","21":"taxable","22":"shipping-taxable","23":"purchasable","24":"product-type-simple","25":"add-to-wishlist-after_add_to_cart"},"yoast_head":"<!-- This site is optimized with the Yoast SEO Premium plugin v26.9 (Yoast SEO v26.9) - https:\/\/yoast.com\/product\/yoast-seo-premium-wordpress\/ -->\n<title>Motobomba Naftera 2\u201d 6.5 HP 196CC 3600RPM GAMMA - SoyMat \u2013 Seguridad Industrial<\/title>\n<meta name=\"robots\" content=\"index, follow, max-snippet:-1, max-image-preview:large, max-video-preview:-1\" \/>\n<link rel=\"canonical\" href=\"https:\/\/soymat.com\/es\/producto\/motobomba-naftera-2-6-5-hp-196cc-3600rpm-gamma\/\" \/>\n<meta property=\"og:locale\" content=\"es_ES\" \/>\n<meta property=\"og:type\" content=\"article\" \/>\n<meta property=\"og:title\" content=\"Motobomba Naftera 2\u201d 6.5 HP 196CC 3600RPM GAMMA\" \/>\n<meta property=\"og:description\" content=\"Motobomba Naftera 2\u201d 6.5 HP 196CC 3600RPM GAMMA Cod.: G3445AR Equipo ideal para el drenaje y bombeo de agua para sectores como la agricultura, la jardiner\u00eda, la industria edilicia, etc. Bajo consumo de combustible. Bajo nivel de ruido. Ideal para la industria agr\u00edcola, edilicia y jardiner\u00eda. Art\u00edculo: G3445AR Modelo: MBG-445 Potencia del motor (HP) 6.5 [&hellip;]\" \/>\n<meta property=\"og:url\" content=\"https:\/\/soymat.com\/es\/producto\/motobomba-naftera-2-6-5-hp-196cc-3600rpm-gamma\/\" \/>\n<meta property=\"og:site_name\" content=\"SoyMat \u2013 Seguridad Industrial\" \/>\n<meta property=\"article:modified_time\" content=\"2026-03-03T13:08:18+00:00\" \/>\n<meta property=\"og:image\" content=\"https:\/\/soymat.com\/wp-content\/uploads\/2025\/12\/G3445AR_00_web.jpg\" \/>\n\t<meta property=\"og:image:width\" content=\"1024\" \/>\n\t<meta property=\"og:image:height\" content=\"1024\" \/>\n\t<meta property=\"og:image:type\" content=\"image\/jpeg\" \/>\n<meta name=\"twitter:card\" content=\"summary_large_image\" \/>\n<meta name=\"twitter:label1\" content=\"Tiempo de lectura\" \/>\n\t<meta name=\"twitter:data1\" content=\"1 minuto\" \/>\n<script type=\"application\/ld+json\" class=\"yoast-schema-graph\">{\"@context\":\"https:\/\/schema.org\",\"@graph\":[{\"@type\":\"WebPage\",\"@id\":\"https:\/\/soymat.com\/producto\/motobomba-naftera-2-6-5-hp-196cc-3600rpm-gamma\/\",\"url\":\"https:\/\/soymat.com\/producto\/motobomba-naftera-2-6-5-hp-196cc-3600rpm-gamma\/\",\"name\":\"Motobomba Naftera 2\u201d 6.5 HP 196CC 3600RPM GAMMA - SoyMat \u2013 Seguridad Industrial\",\"isPartOf\":{\"@id\":\"https:\/\/soymat.com\/#website\"},\"primaryImageOfPage\":{\"@id\":\"https:\/\/soymat.com\/producto\/motobomba-naftera-2-6-5-hp-196cc-3600rpm-gamma\/#primaryimage\"},\"image\":{\"@id\":\"https:\/\/soymat.com\/producto\/motobomba-naftera-2-6-5-hp-196cc-3600rpm-gamma\/#primaryimage\"},\"thumbnailUrl\":\"https:\/\/soymat.com\/wp-content\/uploads\/2025\/12\/G3445AR_00_web.jpg\",\"datePublished\":\"2025-12-17T23:24:45+00:00\",\"dateModified\":\"2026-03-03T13:08:18+00:00\",\"breadcrumb\":{\"@id\":\"https:\/\/soymat.com\/producto\/motobomba-naftera-2-6-5-hp-196cc-3600rpm-gamma\/#breadcrumb\"},\"inLanguage\":\"es-AR\",\"potentialAction\":[{\"@type\":\"ReadAction\",\"target\":[\"https:\/\/soymat.com\/producto\/motobomba-naftera-2-6-5-hp-196cc-3600rpm-gamma\/\"]}]},{\"@type\":\"ImageObject\",\"inLanguage\":\"es-AR\",\"@id\":\"https:\/\/soymat.com\/producto\/motobomba-naftera-2-6-5-hp-196cc-3600rpm-gamma\/#primaryimage\",\"url\":\"https:\/\/soymat.com\/wp-content\/uploads\/2025\/12\/G3445AR_00_web.jpg\",\"contentUrl\":\"https:\/\/soymat.com\/wp-content\/uploads\/2025\/12\/G3445AR_00_web.jpg\",\"width\":1024,\"height\":1024},{\"@type\":\"BreadcrumbList\",\"@id\":\"https:\/\/soymat.com\/producto\/motobomba-naftera-2-6-5-hp-196cc-3600rpm-gamma\/#breadcrumb\",\"itemListElement\":[{\"@type\":\"ListItem\",\"position\":1,\"name\":\"Portada\",\"item\":\"https:\/\/soymat.com\/\"},{\"@type\":\"ListItem\",\"position\":2,\"name\":\"Todos los Productos\",\"item\":\"https:\/\/soymat.com\/shop\/\"},{\"@type\":\"ListItem\",\"position\":3,\"name\":\"Motobomba Naftera 2\u201d 6.5 HP 196CC 3600RPM GAMMA\"}]},{\"@type\":\"WebSite\",\"@id\":\"https:\/\/soymat.com\/#website\",\"url\":\"https:\/\/soymat.com\/\",\"name\":\"So&Mat\",\"description\":\"Empresa Dedicada a la protecci\u00f3n global contra incendio . matafuegos redes bombas,venta instalaci\u00f3n y service, protecci\u00f3n y confort laboral en todo concepto.\",\"publisher\":{\"@id\":\"https:\/\/soymat.com\/#organization\"},\"alternateName\":\"So&Mat\",\"potentialAction\":[{\"@type\":\"SearchAction\",\"target\":{\"@type\":\"EntryPoint\",\"urlTemplate\":\"https:\/\/soymat.com\/?s={search_term_string}\"},\"query-input\":{\"@type\":\"PropertyValueSpecification\",\"valueRequired\":true,\"valueName\":\"search_term_string\"}}],\"inLanguage\":\"es-AR\"},{\"@type\":\"Organization\",\"@id\":\"https:\/\/soymat.com\/#organization\",\"name\":\"So&Mat\",\"url\":\"https:\/\/soymat.com\/\",\"logo\":{\"@type\":\"ImageObject\",\"inLanguage\":\"es-AR\",\"@id\":\"https:\/\/soymat.com\/#\/schema\/logo\/image\/\",\"url\":\"https:\/\/soymat.com\/wp-content\/uploads\/2024\/08\/SoyMat.jpg\",\"contentUrl\":\"https:\/\/soymat.com\/wp-content\/uploads\/2024\/08\/SoyMat.jpg\",\"width\":600,\"height\":236,\"caption\":\"So&Mat\"},\"image\":{\"@id\":\"https:\/\/soymat.com\/#\/schema\/logo\/image\/\"}}]}<\/script>\n<!-- \/ Yoast SEO Premium plugin. -->","yoast_head_json":{"title":"Motobomba Naftera 2\u201d 6.5 HP 196CC 3600RPM GAMMA - SoyMat \u2013 Seguridad Industrial","robots":{"index":"index","follow":"follow","max-snippet":"max-snippet:-1","max-image-preview":"max-image-preview:large","max-video-preview":"max-video-preview:-1"},"canonical":"https:\/\/soymat.com\/es\/producto\/motobomba-naftera-2-6-5-hp-196cc-3600rpm-gamma\/","og_locale":"es_ES","og_type":"article","og_title":"Motobomba Naftera 2\u201d 6.5 HP 196CC 3600RPM GAMMA","og_description":"Motobomba Naftera 2\u201d 6.5 HP 196CC 3600RPM GAMMA Cod.: G3445AR Equipo ideal para el drenaje y bombeo de agua para sectores como la agricultura, la jardiner\u00eda, la industria edilicia, etc. Bajo consumo de combustible. Bajo nivel de ruido. Ideal para la industria agr\u00edcola, edilicia y jardiner\u00eda. Art\u00edculo: G3445AR Modelo: MBG-445 Potencia del motor (HP) 6.5 [&hellip;]","og_url":"https:\/\/soymat.com\/es\/producto\/motobomba-naftera-2-6-5-hp-196cc-3600rpm-gamma\/","og_site_name":"SoyMat \u2013 Seguridad Industrial","article_modified_time":"2026-03-03T13:08:18+00:00","og_image":[{"width":1024,"height":1024,"url":"https:\/\/soymat.com\/wp-content\/uploads\/2025\/12\/G3445AR_00_web.jpg","type":"image\/jpeg"}],"twitter_card":"summary_large_image","twitter_misc":{"Tiempo de lectura":"1 minuto"},"schema":{"@context":"https:\/\/schema.org","@graph":[{"@type":"WebPage","@id":"https:\/\/soymat.com\/producto\/motobomba-naftera-2-6-5-hp-196cc-3600rpm-gamma\/","url":"https:\/\/soymat.com\/producto\/motobomba-naftera-2-6-5-hp-196cc-3600rpm-gamma\/","name":"Motobomba Naftera 2\u201d 6.5 HP 196CC 3600RPM GAMMA - SoyMat \u2013 Seguridad Industrial","isPartOf":{"@id":"https:\/\/soymat.com\/#website"},"primaryImageOfPage":{"@id":"https:\/\/soymat.com\/producto\/motobomba-naftera-2-6-5-hp-196cc-3600rpm-gamma\/#primaryimage"},"image":{"@id":"https:\/\/soymat.com\/producto\/motobomba-naftera-2-6-5-hp-196cc-3600rpm-gamma\/#primaryimage"},"thumbnailUrl":"https:\/\/soymat.com\/wp-content\/uploads\/2025\/12\/G3445AR_00_web.jpg","datePublished":"2025-12-17T23:24:45+00:00","dateModified":"2026-03-03T13:08:18+00:00","breadcrumb":{"@id":"https:\/\/soymat.com\/producto\/motobomba-naftera-2-6-5-hp-196cc-3600rpm-gamma\/#breadcrumb"},"inLanguage":"es-AR","potentialAction":[{"@type":"ReadAction","target":["https:\/\/soymat.com\/producto\/motobomba-naftera-2-6-5-hp-196cc-3600rpm-gamma\/"]}]},{"@type":"ImageObject","inLanguage":"es-AR","@id":"https:\/\/soymat.com\/producto\/motobomba-naftera-2-6-5-hp-196cc-3600rpm-gamma\/#primaryimage","url":"https:\/\/soymat.com\/wp-content\/uploads\/2025\/12\/G3445AR_00_web.jpg","contentUrl":"https:\/\/soymat.com\/wp-content\/uploads\/2025\/12\/G3445AR_00_web.jpg","width":1024,"height":1024},{"@type":"BreadcrumbList","@id":"https:\/\/soymat.com\/producto\/motobomba-naftera-2-6-5-hp-196cc-3600rpm-gamma\/#breadcrumb","itemListElement":[{"@type":"ListItem","position":1,"name":"Portada","item":"https:\/\/soymat.com\/"},{"@type":"ListItem","position":2,"name":"Todos los Productos","item":"https:\/\/soymat.com\/shop\/"},{"@type":"ListItem","position":3,"name":"Motobomba Naftera 2\u201d 6.5 HP 196CC 3600RPM GAMMA"}]},{"@type":"WebSite","@id":"https:\/\/soymat.com\/#website","url":"https:\/\/soymat.com\/","name":"So&Mat","description":"Empresa Dedicada a la protecci\u00f3n global contra incendio . matafuegos redes bombas,venta instalaci\u00f3n y service, protecci\u00f3n y confort laboral en todo concepto.","publisher":{"@id":"https:\/\/soymat.com\/#organization"},"alternateName":"So&Mat","potentialAction":[{"@type":"SearchAction","target":{"@type":"EntryPoint","urlTemplate":"https:\/\/soymat.com\/?s={search_term_string}"},"query-input":{"@type":"PropertyValueSpecification","valueRequired":true,"valueName":"search_term_string"}}],"inLanguage":"es-AR"},{"@type":"Organization","@id":"https:\/\/soymat.com\/#organization","name":"So&Mat","url":"https:\/\/soymat.com\/","logo":{"@type":"ImageObject","inLanguage":"es-AR","@id":"https:\/\/soymat.com\/#\/schema\/logo\/image\/","url":"https:\/\/soymat.com\/wp-content\/uploads\/2024\/08\/SoyMat.jpg","contentUrl":"https:\/\/soymat.com\/wp-content\/uploads\/2024\/08\/SoyMat.jpg","width":600,"height":236,"caption":"So&Mat"},"image":{"@id":"https:\/\/soymat.com\/#\/schema\/logo\/image\/"}}]}},"_links":{"self":[{"href":"https:\/\/soymat.com\/es\/wp-json\/wp\/v2\/product\/24462","targetHints":{"allow":["GET"]}}],"collection":[{"href":"https:\/\/soymat.com\/es\/wp-json\/wp\/v2\/product"}],"about":[{"href":"https:\/\/soymat.com\/es\/wp-json\/wp\/v2\/types\/product"}],"wp:featuredmedia":[{"embeddable":true,"href":"https:\/\/soymat.com\/es\/wp-json\/wp\/v2\/media\/24465"}],"wp:attachment":[{"href":"https:\/\/soymat.com\/es\/wp-json\/wp\/v2\/media?parent=24462"}],"wp:term":[{"taxonomy":"product_cat","embeddable":true,"href":"https:\/\/soymat.com\/es\/wp-json\/wp\/v2\/product_cat?post=24462"},{"taxonomy":"product_tag","embeddable":true,"href":"https:\/\/soymat.com\/es\/wp-json\/wp\/v2\/product_tag?post=24462"}],"curies":[{"name":"wp","href":"https:\/\/api.w.org\/{rel}","templated":true}]}}