{"id":24564,"date":"2026-01-14T10:28:55","date_gmt":"2026-01-14T13:28:55","guid":{"rendered":"https:\/\/soymat.com\/?post_type=product&#038;p=24564"},"modified":"2026-01-21T18:50:05","modified_gmt":"2026-01-21T21:50:05","slug":"kit-durlero-taladro-atornillador-atornillador-con-tope-a-baterias-lusqtoff","status":"publish","type":"product","link":"https:\/\/soymat.com\/es\/producto\/kit-durlero-taladro-atornillador-atornillador-con-tope-a-baterias-lusqtoff\/","title":{"rendered":"Kit Durlero Taladro Atornillador + Atornillador con tope, a baterias Lusqtoff"},"content":{"rendered":"<p><strong>Kit Durlero Taladro Atornillador + Atornillador con tope. A baterias Lusqtoff<\/strong><br \/>\nCod.: KTLA2-9BK<\/p>\n<p>KIT ATORNILLADOR DURLOCK INAL\u00c1MBRICO + TALADRO ATORNILLADOR INAL\u00c1MBRICO TAL60-9B<\/p>\n<p><strong>Ficha t\u00e9cnica<\/strong><\/p>\n<p><strong>TAL60-9B<\/strong><br \/>\n\u2022 Torque m\u00e1ximo: 60 Nm<br \/>\n\u2022 2 vel. variables: 0-500 RPM &#8211; 0-2000 RPM<br \/>\n\u2022 Selector de torque: 20 posiciones<br \/>\n\u2022 Posee luz led<br \/>\n\u2022 Tensi\u00f3n: 18 V<br \/>\n\u2022 RPM: 0-2000<br \/>\n\u2022 Peso: 0.9 Kg<br \/>\n\u2022 Tecnolog\u00eda Brushless<br \/>\n\u2022 Mandril met\u00e1lico: 10 mm<br \/>\n\u2022 3 a\u00f1os de garant\u00eda<\/p>\n<p><strong>INCLUYE<\/strong><br \/>\n\u2022 1 hebilla para cintur\u00f3n<\/p>\n<p><strong>AITL32-9B<\/strong><br \/>\n\u2022 Torque m\u00e1ximo: 32 Nm<br \/>\n\u2022 Posee luz led<br \/>\n\u2022 Tensi\u00f3n: 18 V<br \/>\n\u2022 RPM: 0-4500<br \/>\n\u2022 Peso: 1 Kg<br \/>\n\u2022 Encastre: 1\/4 &#8211; 6.3 mm<br \/>\n\u2022 Tecnolog\u00eda Brushless<br \/>\n\u2022 Mango ergon\u00f3mico<br \/>\n\u2022 Sistema de tope de profundidad<br \/>\n\u2022 3 a\u00f1os de garant\u00eda<\/p>\n<p><strong>INCLUYE<\/strong><br \/>\n\u2022 2 puntas philips<br \/>\n\u2022 1 porta puntas<br \/>\n\u2022 2 bater\u00edas de 2 Ah<\/p>","protected":false},"excerpt":{"rendered":"<p>Kit Durlero Taladro Atornillador + Atornillador con tope. A baterias Lusqtoff Cod.: KTLA2-9BK KIT ATORNILLADOR DURLOCK INAL\u00c1MBRICO + TALADRO ATORNILLADOR INAL\u00c1MBRICO TAL60-9B Ficha t\u00e9cnica TAL60-9B \u2022 Torque m\u00e1ximo: 60 Nm \u2022 2 vel. variables: 0-500 RPM &#8211; 0-2000 RPM \u2022 Selector de torque: 20 posiciones \u2022 Posee luz led \u2022 Tensi\u00f3n: 18 V \u2022 RPM: [&hellip;]<\/p>\n","protected":false},"featured_media":24567,"template":"","meta":[],"product_cat":[337,191],"product_tag":[197,724,1053,1054,482,463],"class_list":{"0":"post-24564","1":"product","2":"type-product","3":"status-publish","4":"has-post-thumbnail","6":"product_brand-lusqtoff-maquinas-y-herramientas-electricas-manuales","7":"product_cat-productos-destacados-con-descuentos","8":"product_cat-maquinas-y-herramientas","9":"product_tag-atornillador","10":"product_tag-construccion-en-seco","11":"product_tag-durlero","12":"product_tag-kit-durlock","13":"product_tag-lusqtoff","14":"product_tag-taladro-atornillador","16":"first","17":"instock","18":"featured","19":"taxable","20":"shipping-taxable","21":"purchasable","22":"product-type-simple","23":"add-to-wishlist-after_add_to_cart"},"yoast_head":"<!-- This site is optimized with the Yoast SEO Premium plugin v26.9 (Yoast SEO v26.9) - https:\/\/yoast.com\/product\/yoast-seo-premium-wordpress\/ -->\n<title>Kit Durlero Taladro Atornillador + Atornillador con tope, a baterias Lusqtoff - SoyMat \u2013 Seguridad Industrial<\/title>\n<meta name=\"robots\" content=\"index, follow, max-snippet:-1, max-image-preview:large, max-video-preview:-1\" \/>\n<link rel=\"canonical\" href=\"https:\/\/soymat.com\/es\/producto\/kit-durlero-taladro-atornillador-atornillador-con-tope-a-baterias-lusqtoff\/\" \/>\n<meta property=\"og:locale\" content=\"es_ES\" \/>\n<meta property=\"og:type\" content=\"article\" \/>\n<meta property=\"og:title\" content=\"Kit Durlero Taladro Atornillador + Atornillador con tope, a baterias Lusqtoff\" \/>\n<meta property=\"og:description\" content=\"Kit Durlero Taladro Atornillador + Atornillador con tope. A baterias Lusqtoff Cod.: KTLA2-9BK KIT ATORNILLADOR DURLOCK INAL\u00c1MBRICO + TALADRO ATORNILLADOR INAL\u00c1MBRICO TAL60-9B Ficha t\u00e9cnica TAL60-9B \u2022 Torque m\u00e1ximo: 60 Nm \u2022 2 vel. variables: 0-500 RPM &#8211; 0-2000 RPM \u2022 Selector de torque: 20 posiciones \u2022 Posee luz led \u2022 Tensi\u00f3n: 18 V \u2022 RPM: [&hellip;]\" \/>\n<meta property=\"og:url\" content=\"https:\/\/soymat.com\/es\/producto\/kit-durlero-taladro-atornillador-atornillador-con-tope-a-baterias-lusqtoff\/\" \/>\n<meta property=\"og:site_name\" content=\"SoyMat \u2013 Seguridad Industrial\" \/>\n<meta property=\"article:modified_time\" content=\"2026-01-21T21:50:05+00:00\" \/>\n<meta property=\"og:image\" content=\"https:\/\/soymat.com\/wp-content\/uploads\/2026\/01\/KTAL2-9BK_WEB_3.jpg\" \/>\n\t<meta property=\"og:image:width\" content=\"1000\" \/>\n\t<meta property=\"og:image:height\" content=\"1000\" \/>\n\t<meta property=\"og:image:type\" content=\"image\/jpeg\" \/>\n<meta name=\"twitter:card\" content=\"summary_large_image\" \/>\n<meta name=\"twitter:label1\" content=\"Tiempo de lectura\" \/>\n\t<meta name=\"twitter:data1\" content=\"1 minuto\" \/>\n<script type=\"application\/ld+json\" class=\"yoast-schema-graph\">{\"@context\":\"https:\/\/schema.org\",\"@graph\":[{\"@type\":\"WebPage\",\"@id\":\"https:\/\/soymat.com\/producto\/kit-durlero-taladro-atornillador-atornillador-con-tope-a-baterias-lusqtoff\/\",\"url\":\"https:\/\/soymat.com\/producto\/kit-durlero-taladro-atornillador-atornillador-con-tope-a-baterias-lusqtoff\/\",\"name\":\"Kit Durlero Taladro Atornillador + Atornillador con tope, a baterias Lusqtoff - SoyMat \u2013 Seguridad Industrial\",\"isPartOf\":{\"@id\":\"https:\/\/soymat.com\/#website\"},\"primaryImageOfPage\":{\"@id\":\"https:\/\/soymat.com\/producto\/kit-durlero-taladro-atornillador-atornillador-con-tope-a-baterias-lusqtoff\/#primaryimage\"},\"image\":{\"@id\":\"https:\/\/soymat.com\/producto\/kit-durlero-taladro-atornillador-atornillador-con-tope-a-baterias-lusqtoff\/#primaryimage\"},\"thumbnailUrl\":\"https:\/\/soymat.com\/wp-content\/uploads\/2026\/01\/KTAL2-9BK_WEB_3.jpg\",\"datePublished\":\"2026-01-14T13:28:55+00:00\",\"dateModified\":\"2026-01-21T21:50:05+00:00\",\"breadcrumb\":{\"@id\":\"https:\/\/soymat.com\/producto\/kit-durlero-taladro-atornillador-atornillador-con-tope-a-baterias-lusqtoff\/#breadcrumb\"},\"inLanguage\":\"es-AR\",\"potentialAction\":[{\"@type\":\"ReadAction\",\"target\":[\"https:\/\/soymat.com\/producto\/kit-durlero-taladro-atornillador-atornillador-con-tope-a-baterias-lusqtoff\/\"]}]},{\"@type\":\"ImageObject\",\"inLanguage\":\"es-AR\",\"@id\":\"https:\/\/soymat.com\/producto\/kit-durlero-taladro-atornillador-atornillador-con-tope-a-baterias-lusqtoff\/#primaryimage\",\"url\":\"https:\/\/soymat.com\/wp-content\/uploads\/2026\/01\/KTAL2-9BK_WEB_3.jpg\",\"contentUrl\":\"https:\/\/soymat.com\/wp-content\/uploads\/2026\/01\/KTAL2-9BK_WEB_3.jpg\",\"width\":1000,\"height\":1000},{\"@type\":\"BreadcrumbList\",\"@id\":\"https:\/\/soymat.com\/producto\/kit-durlero-taladro-atornillador-atornillador-con-tope-a-baterias-lusqtoff\/#breadcrumb\",\"itemListElement\":[{\"@type\":\"ListItem\",\"position\":1,\"name\":\"Portada\",\"item\":\"https:\/\/soymat.com\/\"},{\"@type\":\"ListItem\",\"position\":2,\"name\":\"Todos los Productos\",\"item\":\"https:\/\/soymat.com\/shop\/\"},{\"@type\":\"ListItem\",\"position\":3,\"name\":\"Kit Durlero Taladro Atornillador + Atornillador con tope, a baterias Lusqtoff\"}]},{\"@type\":\"WebSite\",\"@id\":\"https:\/\/soymat.com\/#website\",\"url\":\"https:\/\/soymat.com\/\",\"name\":\"So&Mat\",\"description\":\"Empresa Dedicada a la protecci\u00f3n global contra incendio . matafuegos redes bombas,venta instalaci\u00f3n y service, protecci\u00f3n y confort laboral en todo concepto.\",\"publisher\":{\"@id\":\"https:\/\/soymat.com\/#organization\"},\"alternateName\":\"So&Mat\",\"potentialAction\":[{\"@type\":\"SearchAction\",\"target\":{\"@type\":\"EntryPoint\",\"urlTemplate\":\"https:\/\/soymat.com\/?s={search_term_string}\"},\"query-input\":{\"@type\":\"PropertyValueSpecification\",\"valueRequired\":true,\"valueName\":\"search_term_string\"}}],\"inLanguage\":\"es-AR\"},{\"@type\":\"Organization\",\"@id\":\"https:\/\/soymat.com\/#organization\",\"name\":\"So&Mat\",\"url\":\"https:\/\/soymat.com\/\",\"logo\":{\"@type\":\"ImageObject\",\"inLanguage\":\"es-AR\",\"@id\":\"https:\/\/soymat.com\/#\/schema\/logo\/image\/\",\"url\":\"https:\/\/soymat.com\/wp-content\/uploads\/2024\/08\/SoyMat.jpg\",\"contentUrl\":\"https:\/\/soymat.com\/wp-content\/uploads\/2024\/08\/SoyMat.jpg\",\"width\":600,\"height\":236,\"caption\":\"So&Mat\"},\"image\":{\"@id\":\"https:\/\/soymat.com\/#\/schema\/logo\/image\/\"}}]}<\/script>\n<!-- \/ Yoast SEO Premium plugin. -->","yoast_head_json":{"title":"Kit Durlero Taladro Atornillador + Atornillador con tope, a baterias Lusqtoff - SoyMat \u2013 Seguridad Industrial","robots":{"index":"index","follow":"follow","max-snippet":"max-snippet:-1","max-image-preview":"max-image-preview:large","max-video-preview":"max-video-preview:-1"},"canonical":"https:\/\/soymat.com\/es\/producto\/kit-durlero-taladro-atornillador-atornillador-con-tope-a-baterias-lusqtoff\/","og_locale":"es_ES","og_type":"article","og_title":"Kit Durlero Taladro Atornillador + Atornillador con tope, a baterias Lusqtoff","og_description":"Kit Durlero Taladro Atornillador + Atornillador con tope. A baterias Lusqtoff Cod.: KTLA2-9BK KIT ATORNILLADOR DURLOCK INAL\u00c1MBRICO + TALADRO ATORNILLADOR INAL\u00c1MBRICO TAL60-9B Ficha t\u00e9cnica TAL60-9B \u2022 Torque m\u00e1ximo: 60 Nm \u2022 2 vel. variables: 0-500 RPM &#8211; 0-2000 RPM \u2022 Selector de torque: 20 posiciones \u2022 Posee luz led \u2022 Tensi\u00f3n: 18 V \u2022 RPM: [&hellip;]","og_url":"https:\/\/soymat.com\/es\/producto\/kit-durlero-taladro-atornillador-atornillador-con-tope-a-baterias-lusqtoff\/","og_site_name":"SoyMat \u2013 Seguridad Industrial","article_modified_time":"2026-01-21T21:50:05+00:00","og_image":[{"width":1000,"height":1000,"url":"https:\/\/soymat.com\/wp-content\/uploads\/2026\/01\/KTAL2-9BK_WEB_3.jpg","type":"image\/jpeg"}],"twitter_card":"summary_large_image","twitter_misc":{"Tiempo de lectura":"1 minuto"},"schema":{"@context":"https:\/\/schema.org","@graph":[{"@type":"WebPage","@id":"https:\/\/soymat.com\/producto\/kit-durlero-taladro-atornillador-atornillador-con-tope-a-baterias-lusqtoff\/","url":"https:\/\/soymat.com\/producto\/kit-durlero-taladro-atornillador-atornillador-con-tope-a-baterias-lusqtoff\/","name":"Kit Durlero Taladro Atornillador + Atornillador con tope, a baterias Lusqtoff - SoyMat \u2013 Seguridad Industrial","isPartOf":{"@id":"https:\/\/soymat.com\/#website"},"primaryImageOfPage":{"@id":"https:\/\/soymat.com\/producto\/kit-durlero-taladro-atornillador-atornillador-con-tope-a-baterias-lusqtoff\/#primaryimage"},"image":{"@id":"https:\/\/soymat.com\/producto\/kit-durlero-taladro-atornillador-atornillador-con-tope-a-baterias-lusqtoff\/#primaryimage"},"thumbnailUrl":"https:\/\/soymat.com\/wp-content\/uploads\/2026\/01\/KTAL2-9BK_WEB_3.jpg","datePublished":"2026-01-14T13:28:55+00:00","dateModified":"2026-01-21T21:50:05+00:00","breadcrumb":{"@id":"https:\/\/soymat.com\/producto\/kit-durlero-taladro-atornillador-atornillador-con-tope-a-baterias-lusqtoff\/#breadcrumb"},"inLanguage":"es-AR","potentialAction":[{"@type":"ReadAction","target":["https:\/\/soymat.com\/producto\/kit-durlero-taladro-atornillador-atornillador-con-tope-a-baterias-lusqtoff\/"]}]},{"@type":"ImageObject","inLanguage":"es-AR","@id":"https:\/\/soymat.com\/producto\/kit-durlero-taladro-atornillador-atornillador-con-tope-a-baterias-lusqtoff\/#primaryimage","url":"https:\/\/soymat.com\/wp-content\/uploads\/2026\/01\/KTAL2-9BK_WEB_3.jpg","contentUrl":"https:\/\/soymat.com\/wp-content\/uploads\/2026\/01\/KTAL2-9BK_WEB_3.jpg","width":1000,"height":1000},{"@type":"BreadcrumbList","@id":"https:\/\/soymat.com\/producto\/kit-durlero-taladro-atornillador-atornillador-con-tope-a-baterias-lusqtoff\/#breadcrumb","itemListElement":[{"@type":"ListItem","position":1,"name":"Portada","item":"https:\/\/soymat.com\/"},{"@type":"ListItem","position":2,"name":"Todos los Productos","item":"https:\/\/soymat.com\/shop\/"},{"@type":"ListItem","position":3,"name":"Kit Durlero Taladro Atornillador + Atornillador con tope, a baterias Lusqtoff"}]},{"@type":"WebSite","@id":"https:\/\/soymat.com\/#website","url":"https:\/\/soymat.com\/","name":"So&Mat","description":"Empresa Dedicada a la protecci\u00f3n global contra incendio . matafuegos redes bombas,venta instalaci\u00f3n y service, protecci\u00f3n y confort laboral en todo concepto.","publisher":{"@id":"https:\/\/soymat.com\/#organization"},"alternateName":"So&Mat","potentialAction":[{"@type":"SearchAction","target":{"@type":"EntryPoint","urlTemplate":"https:\/\/soymat.com\/?s={search_term_string}"},"query-input":{"@type":"PropertyValueSpecification","valueRequired":true,"valueName":"search_term_string"}}],"inLanguage":"es-AR"},{"@type":"Organization","@id":"https:\/\/soymat.com\/#organization","name":"So&Mat","url":"https:\/\/soymat.com\/","logo":{"@type":"ImageObject","inLanguage":"es-AR","@id":"https:\/\/soymat.com\/#\/schema\/logo\/image\/","url":"https:\/\/soymat.com\/wp-content\/uploads\/2024\/08\/SoyMat.jpg","contentUrl":"https:\/\/soymat.com\/wp-content\/uploads\/2024\/08\/SoyMat.jpg","width":600,"height":236,"caption":"So&Mat"},"image":{"@id":"https:\/\/soymat.com\/#\/schema\/logo\/image\/"}}]}},"_links":{"self":[{"href":"https:\/\/soymat.com\/es\/wp-json\/wp\/v2\/product\/24564","targetHints":{"allow":["GET"]}}],"collection":[{"href":"https:\/\/soymat.com\/es\/wp-json\/wp\/v2\/product"}],"about":[{"href":"https:\/\/soymat.com\/es\/wp-json\/wp\/v2\/types\/product"}],"wp:featuredmedia":[{"embeddable":true,"href":"https:\/\/soymat.com\/es\/wp-json\/wp\/v2\/media\/24567"}],"wp:attachment":[{"href":"https:\/\/soymat.com\/es\/wp-json\/wp\/v2\/media?parent=24564"}],"wp:term":[{"taxonomy":"product_cat","embeddable":true,"href":"https:\/\/soymat.com\/es\/wp-json\/wp\/v2\/product_cat?post=24564"},{"taxonomy":"product_tag","embeddable":true,"href":"https:\/\/soymat.com\/es\/wp-json\/wp\/v2\/product_tag?post=24564"}],"curies":[{"name":"wp","href":"https:\/\/api.w.org\/{rel}","templated":true}]}}